{"id":8,"date":"2015-12-20T01:45:25","date_gmt":"2015-12-20T00:45:25","guid":{"rendered":"http:\/\/arnwnlper.cyon.link\/?page_id=8"},"modified":"2025-12-09T14:10:56","modified_gmt":"2025-12-09T13:10:56","slug":"ueber-schulgarten","status":"publish","type":"page","link":"https:\/\/schulgarten.ch\/it\/ueber-schulgarten\/","title":{"rendered":"\u00dcber den Verein"},"content":{"rendered":"\t\t<div data-elementor-type=\"wp-post\" data-elementor-id=\"8\" class=\"elementor elementor-8\" data-elementor-post-type=\"page\">\n\t\t\t\t\t\t<section class=\"elementor-section elementor-top-section elementor-element elementor-element-c7fa1e9 elementor-section-boxed elementor-section-height-default elementor-section-height-default\" data-id=\"c7fa1e9\" data-element_type=\"section\">\n\t\t\t\t\t\t<div class=\"elementor-container elementor-column-gap-default\">\n\t\t\t\t\t<div class=\"elementor-column elementor-col-100 elementor-top-column elementor-element elementor-element-f19e8d2\" data-id=\"f19e8d2\" data-element_type=\"column\">\n\t\t\t<div class=\"elementor-widget-wrap elementor-element-populated\">\n\t\t\t\t\t\t<div class=\"elementor-element elementor-element-27a88c3 elementor-widget elementor-widget-heading\" data-id=\"27a88c3\" data-element_type=\"widget\" data-widget_type=\"heading.default\">\n\t\t\t\t<div class=\"elementor-widget-container\">\n\t\t\t\t\t<h2 class=\"elementor-heading-title elementor-size-default\">Bildungs- und Schulg\u00e4rten Schweiz\n\n<br>Jardins \u00e9ducatifs et scolaires Suisse - Orti didattici e scolastici Svizzera<\/h2>\t\t\t\t<\/div>\n\t\t\t\t<\/div>\n\t\t\t\t\t<\/div>\n\t\t<\/div>\n\t\t\t\t\t<\/div>\n\t\t<\/section>\n\t\t\t\t<section class=\"elementor-section elementor-top-section elementor-element elementor-element-0ad6dce elementor-section-boxed elementor-section-height-default elementor-section-height-default\" data-id=\"0ad6dce\" data-element_type=\"section\">\n\t\t\t\t\t\t<div class=\"elementor-container elementor-column-gap-default\">\n\t\t\t\t\t<div class=\"elementor-column elementor-col-100 elementor-top-column elementor-element elementor-element-fb52f20\" data-id=\"fb52f20\" data-element_type=\"column\">\n\t\t\t<div class=\"elementor-widget-wrap elementor-element-populated\">\n\t\t\t\t\t\t<div class=\"elementor-element elementor-element-47da3f8 elementor-widget__width-initial elementor-widget elementor-widget-text-editor\" data-id=\"47da3f8\" data-element_type=\"widget\" data-widget_type=\"text-editor.default\">\n\t\t\t\t<div class=\"elementor-widget-container\">\n\t\t\t\t\t\t\t\t\t<p>Der Verein \u201aBildungs- und Schulg\u00e4rten Schweiz\u2018 wurde am 25. November 2023 gegr\u00fcndet und ist eine nationale Vernetzungsplattform f\u00fcr Schul- und Bildungsg\u00e4rten, die die folgenden Bereiche verbindet und weiterentwickelt: Praxis, Didaktik, Forschung, Aus- und Weiterbildung.<\/p><p>L\u2019association \u201aJardins \u00e9ducatifs et scolaires suisses\u2018 a \u00e9t\u00e9 fond\u00e9e le 25 novembre 2023. Il s\u2019agit d\u2019une plateforme nationale de mise en r\u00e9seau des jardins scolaires et \u00e9ducatifs qui relie et d\u00e9veloppe les domaines suivants : Pratique, didactique, recherche, formation initiale et continue.<\/p><p>L&#8217;associazione &#8220;Orti didattici e scolastici Svizzera&#8221; \u00e8 stata fondata il 25 novembre 2023 ed \u00e8 una piattaforma nazionale per la messa in rete degli orti scolastici e didattici elvetici. Essa riunisce e sviluppa i seguenti settori : pratica, didattica, ricerca, formazione e aggiornamento.<\/p>\t\t\t\t\t\t\t\t<\/div>\n\t\t\t\t<\/div>\n\t\t\t\t\t<\/div>\n\t\t<\/div>\n\t\t\t\t\t<\/div>\n\t\t<\/section>\n\t\t\t\t<section class=\"elementor-section elementor-top-section elementor-element elementor-element-4063a32 elementor-section-boxed elementor-section-height-default elementor-section-height-default\" data-id=\"4063a32\" data-element_type=\"section\">\n\t\t\t\t\t\t<div class=\"elementor-container elementor-column-gap-default\">\n\t\t\t\t\t<div class=\"elementor-column elementor-col-50 elementor-top-column elementor-element elementor-element-341bce0\" data-id=\"341bce0\" data-element_type=\"column\">\n\t\t\t<div class=\"elementor-widget-wrap elementor-element-populated\">\n\t\t\t\t\t\t<div class=\"elementor-element elementor-element-c47be5c elementor-widget elementor-widget-heading\" data-id=\"c47be5c\" data-element_type=\"widget\" data-widget_type=\"heading.default\">\n\t\t\t\t<div class=\"elementor-widget-container\">\n\t\t\t\t\t<h3 class=\"elementor-heading-title elementor-size-default\">Vision \/ Visione<\/h3>\t\t\t\t<\/div>\n\t\t\t\t<\/div>\n\t\t\t\t<div class=\"elementor-element elementor-element-2a000e9 elementor-widget elementor-widget-text-editor\" data-id=\"2a000e9\" data-element_type=\"widget\" data-widget_type=\"text-editor.default\">\n\t\t\t\t<div class=\"elementor-widget-container\">\n\t\t\t\t\t\t\t\t\t<p>Kinder und Jugendliche an Schulen und in ausserschulischen Betreuungsangeboten in der Schweiz haben Zugang zu einer naturnahen Umgebung mit G\u00e4rten, welche vielf\u00e4ltige Sinneserfahrungen erm\u00f6glichen, das Verst\u00e4ndnis f\u00fcr nat\u00fcrliche Abl\u00e4ufe und Zusammenh\u00e4nge f\u00f6rdern und ihre Verbundenheit zur Natur st\u00e4rken.<\/p><p>Les enfants et les jeunes des \u00e9coles et des structures d&#8217;accueil extrascolaires en Suisse ont acc\u00e8s \u00e0 un environnement proche de la nature avec des jardins qui permettent de faire de multiples exp\u00e9riences sensorielles, qui favorisent la compr\u00e9hension des processus et des interactions naturels et qui renforcent leur lien avec la nature.<\/p><p>Che i bambini e i giovani delle scuole e dei doposcuola in Svizzera possano accedere ad un ambiente il pi\u00f9 possibile naturale, provvisto di orti in grado di consentire una variet\u00e0 di esperienze sensoriali, di promuovere la comprensione dei processi naturali e delle interrelazioni biologiche, rafforzando cos\u00ec il loro legame con la natura.<\/p>\t\t\t\t\t\t\t\t<\/div>\n\t\t\t\t<\/div>\n\t\t\t\t<div class=\"elementor-element elementor-element-88426f4 elementor-widget elementor-widget-heading\" data-id=\"88426f4\" data-element_type=\"widget\" data-widget_type=\"heading.default\">\n\t\t\t\t<div class=\"elementor-widget-container\">\n\t\t\t\t\t<h3 class=\"elementor-heading-title elementor-size-default\">Unterlagen \/ Documents \/ Documenti <\/h3>\t\t\t\t<\/div>\n\t\t\t\t<\/div>\n\t\t\t\t<div class=\"elementor-element elementor-element-4919c2c elementor-widget elementor-widget-text-editor\" data-id=\"4919c2c\" data-element_type=\"widget\" data-widget_type=\"text-editor.default\">\n\t\t\t\t<div class=\"elementor-widget-container\">\n\t\t\t\t\t\t\t\t\t<p><a href=\"https:\/\/schulgarten.ch\/wp-content\/uploads\/2024\/01\/231125_Statuten_Verein-Bildungs-und-Schulgaerten.pdf\" target=\"_blank\" rel=\"noopener\">Statuten <\/a>(noch nicht \u00fcbersetzt)<br \/><a href=\"https:\/\/schulgarten.ch\/wp-content\/uploads\/2025\/02\/2025_Reglement_Bildungs_Schulgaerten.pdf\" target=\"_blank\" rel=\"noopener\">Reglement<\/a>\u00a0\/ <a href=\"https:\/\/schulgarten.ch\/wp-content\/uploads\/2025\/02\/2025_Reglement_Jardins-educatifs-et-scolaires-Suisse.pdf\" target=\"_blank\" rel=\"noopener\">R\u00e8glement<\/a>\u00a0\/ Regolamenti (non ancora tradotto)<\/p><p><a href=\"https:\/\/schulgarten.ch\/wp-content\/uploads\/2025\/12\/2024_Jahresbericht-BiSchu.pdf\" target=\"_blank\" rel=\"noopener\">2024_Jahresbericht<\/a><\/p>\t\t\t\t\t\t\t\t<\/div>\n\t\t\t\t<\/div>\n\t\t\t\t\t<\/div>\n\t\t<\/div>\n\t\t\t\t<div class=\"elementor-column elementor-col-50 elementor-top-column elementor-element elementor-element-e9a24c4\" data-id=\"e9a24c4\" data-element_type=\"column\">\n\t\t\t<div class=\"elementor-widget-wrap elementor-element-populated\">\n\t\t\t\t\t\t<div class=\"elementor-element elementor-element-bd0b483 elementor-widget elementor-widget-heading\" data-id=\"bd0b483\" data-element_type=\"widget\" data-widget_type=\"heading.default\">\n\t\t\t\t<div class=\"elementor-widget-container\">\n\t\t\t\t\t<h3 class=\"elementor-heading-title elementor-size-default\">Strategie \/ Strat\u00e9gie \/ Strategia<\/h3>\t\t\t\t<\/div>\n\t\t\t\t<\/div>\n\t\t\t\t<div class=\"elementor-element elementor-element-50a49c7 elementor-widget elementor-widget-text-editor\" data-id=\"50a49c7\" data-element_type=\"widget\" data-widget_type=\"text-editor.default\">\n\t\t\t\t<div class=\"elementor-widget-container\">\n\t\t\t\t\t\t\t\t\t<p>Gartenp\u00e4dagogik und eine nat\u00fcrliche Lernumgebung sind Bestandteil der Aus- und Weiterbildung an Schulen, P\u00e4dagogischen Hochschulen und an ausserschulischen Lernorten.<br \/>Die gartenp\u00e4dagogische Umsetzung ist integrativer Bestandteil der Bildung f\u00fcr nachhaltige Entwicklung.<br \/>Naturnahe Bildungs- und Schulg\u00e4rten sind an allen Betreuungs- und Bildungseinrichtungen institutionalisiert.<\/p><p>La p\u00e9dagogie du jardinage et un environnement d&#8217;apprentissage naturel font partie int\u00e9grante de la formation initiale et continue dans les \u00e9coles, les hautes \u00e9coles p\u00e9dagogiques et les lieux d&#8217;apprentissage extrascolaires.<br \/>La mise en \u0153uvre de la p\u00e9dagogie par le jardinage fait partie int\u00e9grante de l&#8217;\u00e9ducation au d\u00e9veloppement durable.<br \/>Les jardins \u00e9ducatifs et scolaires proches de la nature sont institutionnalis\u00e9s dans tous les \u00e9tablissements d&#8217;accueil et de formation.<\/p><p>La pratica in un orto didattico e l\u2019apprendimento in un ambiente il pi\u00f9 possibile naturale dovrebbero essere parte dell\u2019istruzione e della formazione nelle scuole, negli istituti di formazione per insegnanti e nei centri di apprendimento extrascolastici.<br \/>L\u2019educazione all\u2019orto \u00e8 parte integrante dell\u2019educazione allo sviluppo sostenibile.<br \/>Gli orti didattici e scolastici dovrebbero venir istituzionalizzati in tutti i centri educativi e di assistenza all\u2019infanzia.<\/p>\t\t\t\t\t\t\t\t<\/div>\n\t\t\t\t<\/div>\n\t\t\t\t\t<\/div>\n\t\t<\/div>\n\t\t\t\t\t<\/div>\n\t\t<\/section>\n\t\t\t\t<section class=\"elementor-section elementor-top-section elementor-element elementor-element-f22d9db elementor-section-boxed elementor-section-height-default elementor-section-height-default\" data-id=\"f22d9db\" data-element_type=\"section\">\n\t\t\t\t\t\t<div class=\"elementor-container elementor-column-gap-default\">\n\t\t\t\t\t<div class=\"elementor-column elementor-col-33 elementor-top-column elementor-element elementor-element-0d3be8d\" data-id=\"0d3be8d\" data-element_type=\"column\">\n\t\t\t<div class=\"elementor-widget-wrap elementor-element-populated\">\n\t\t\t\t\t\t<div class=\"elementor-element elementor-element-47d634b omw-open-modal elementor-widget elementor-widget-button\" data-id=\"47d634b\" data-element_type=\"widget\" data-widget_type=\"button.default\">\n\t\t\t\t<div class=\"elementor-widget-container\">\n\t\t\t\t\t\t\t\t\t<div class=\"elementor-button-wrapper\">\n\t\t\t\t\t<a class=\"elementor-button elementor-button-link elementor-size-sm\" href=\"#omw-6975\" target=\"_blank\">\n\t\t\t\t\t\t<span class=\"elementor-button-content-wrapper\">\n\t\t\t\t\t\t\t\t\t<span class=\"elementor-button-text\">Mitgliedschaft anfragen<\/span>\n\t\t\t\t\t<\/span>\n\t\t\t\t\t<\/a>\n\t\t\t\t<\/div>\n\t\t\t\t\t\t\t\t<\/div>\n\t\t\t\t<\/div>\n\t\t\t\t\t<\/div>\n\t\t<\/div>\n\t\t\t\t<div class=\"elementor-column elementor-col-33 elementor-top-column elementor-element elementor-element-7c83000\" data-id=\"7c83000\" data-element_type=\"column\">\n\t\t\t<div class=\"elementor-widget-wrap elementor-element-populated\">\n\t\t\t\t\t\t<div class=\"elementor-element elementor-element-3cf9120 omw-open-modal elementor-widget elementor-widget-button\" data-id=\"3cf9120\" data-element_type=\"widget\" data-widget_type=\"button.default\">\n\t\t\t\t<div class=\"elementor-widget-container\">\n\t\t\t\t\t\t\t\t\t<div class=\"elementor-button-wrapper\">\n\t\t\t\t\t<a class=\"elementor-button elementor-button-link elementor-size-sm\" href=\"#omw-7181\" target=\"_blank\">\n\t\t\t\t\t\t<span class=\"elementor-button-content-wrapper\">\n\t\t\t\t\t\t\t\t\t<span class=\"elementor-button-text\">Demande d'adh\u00e9sion<\/span>\n\t\t\t\t\t<\/span>\n\t\t\t\t\t<\/a>\n\t\t\t\t<\/div>\n\t\t\t\t\t\t\t\t<\/div>\n\t\t\t\t<\/div>\n\t\t\t\t\t<\/div>\n\t\t<\/div>\n\t\t\t\t<div class=\"elementor-column elementor-col-33 elementor-top-column elementor-element elementor-element-4b6b15e\" data-id=\"4b6b15e\" data-element_type=\"column\">\n\t\t\t<div class=\"elementor-widget-wrap elementor-element-populated\">\n\t\t\t\t\t\t<div class=\"elementor-element elementor-element-d58f4d0 omw-open-modal elementor-widget elementor-widget-button\" data-id=\"d58f4d0\" data-element_type=\"widget\" data-widget_type=\"button.default\">\n\t\t\t\t<div class=\"elementor-widget-container\">\n\t\t\t\t\t\t\t\t\t<div class=\"elementor-button-wrapper\">\n\t\t\t\t\t<a class=\"elementor-button elementor-button-link elementor-size-sm\" href=\"#omw-7221\" target=\"_blank\">\n\t\t\t\t\t\t<span class=\"elementor-button-content-wrapper\">\n\t\t\t\t\t\t\t\t\t<span class=\"elementor-button-text\">Richiesta di adesione<\/span>\n\t\t\t\t\t<\/span>\n\t\t\t\t\t<\/a>\n\t\t\t\t<\/div>\n\t\t\t\t\t\t\t\t<\/div>\n\t\t\t\t<\/div>\n\t\t\t\t\t<\/div>\n\t\t<\/div>\n\t\t\t\t\t<\/div>\n\t\t<\/section>\n\t\t\t\t<section class=\"elementor-section elementor-top-section elementor-element elementor-element-1f765721 elementor-section-boxed elementor-section-height-default elementor-section-height-default\" data-id=\"1f765721\" data-element_type=\"section\">\n\t\t\t\t\t\t<div class=\"elementor-container elementor-column-gap-default\">\n\t\t\t\t\t<div class=\"elementor-column elementor-col-100 elementor-top-column elementor-element elementor-element-7549918c\" data-id=\"7549918c\" data-element_type=\"column\">\n\t\t\t<div class=\"elementor-widget-wrap elementor-element-populated\">\n\t\t\t\t\t\t<div class=\"elementor-element elementor-element-2553cb14 elementor-widget elementor-widget-text-editor\" data-id=\"2553cb14\" data-element_type=\"widget\" data-widget_type=\"text-editor.default\">\n\t\t\t\t<div class=\"elementor-widget-container\">\n\t\t\t\t\t\t\t\t\t<section data-id=\"2dab9bf\" data-element_type=\"section\"><div><div><div data-id=\"081ed5f\" data-element_type=\"column\"><div><div><div data-id=\"da2d3db\" data-element_type=\"heading.default\"><div><h3><span style=\"color: #ff9900;\">Webseite schulgarten.ch\u00a0<\/span><\/h3><p>Mit der Webseite unterst\u00fctzt der Verein Schulen und Lehrpersonen bei der Umsetzung eines Gartens.<\/p><p>Ein Schulgarten ist ein \u00e4usserst vielseitiger Lernort. Die Auseinandersetzung und aktive Bet\u00e4tigung in der Natur wirkt anregend auf die Lernenden und bietet viele authentische Lern- und Erfahrungsm\u00f6glichkeiten.<\/p><\/div><\/div><\/div><\/div><\/div><\/div><\/div><\/section><section data-id=\"8935818\" data-element_type=\"section\"><div><div><div data-id=\"b3fbe98\" data-element_type=\"column\"><div><div><div data-id=\"427f1f2\" data-element_type=\"text-editor.default\"><div><div><div><p>Den Schulgarten so in den Unterricht einzubetten, dass er Zug\u00e4nge zu den Fachbereichen er\u00f6ffnet und gleichzeitig den Erwerb \u00fcberfachlicher Kompetenzen erm\u00f6glicht, ist eine anspruchsvolle Aufgabe.<\/p><p>Die Plattform schulgarten.ch unterst\u00fctzt Lehrpersonen der Zyklen 1-3 \u00fcber konkrete, einfache und aufeinander abgestimmte Pflanzprojekte bei den Kindern zuhause oder im Schulgarten sowie deren Einbindung in den Unterricht.<\/p><\/div><\/div><\/div><\/div><\/div><\/div><\/div><\/div><\/div><\/section>\t\t\t\t\t\t\t\t<\/div>\n\t\t\t\t<\/div>\n\t\t\t\t\t<\/div>\n\t\t<\/div>\n\t\t\t\t\t<\/div>\n\t\t<\/section>\n\t\t\t\t<section class=\"elementor-section elementor-top-section elementor-element elementor-element-3cd166a elementor-section-boxed elementor-section-height-default elementor-section-height-default\" data-id=\"3cd166a\" data-element_type=\"section\">\n\t\t\t\t\t\t<div class=\"elementor-container elementor-column-gap-default\">\n\t\t\t\t\t<div class=\"elementor-column elementor-col-100 elementor-top-column elementor-element elementor-element-3732e76\" data-id=\"3732e76\" data-element_type=\"column\">\n\t\t\t<div class=\"elementor-widget-wrap\">\n\t\t\t\t\t\t\t<\/div>\n\t\t<\/div>\n\t\t\t\t\t<\/div>\n\t\t<\/section>\n\t\t\t\t<\/div>\n\t\t","protected":false},"excerpt":{"rendered":"<p>Bildungs- und Schulg\u00e4rten Schweiz Jardins \u00e9ducatifs et scolaires Suisse &#8211; Orti didattici e scolastici Svizzera Der Verein \u201aBildungs- und Schulg\u00e4rten Schweiz\u2018 wurde am 25. November 2023 gegr\u00fcndet und ist eine nationale Vernetzungsplattform f\u00fcr Schul- und Bildungsg\u00e4rten, die die folgenden Bereiche verbindet und weiterentwickelt: Praxis, Didaktik, Forschung, Aus- und Weiterbildung. L\u2019association \u201aJardins \u00e9ducatifs et scolaires suisses\u2018 [&hellip;]<\/p>\n","protected":false},"author":4,"featured_media":0,"parent":0,"menu_order":23,"comment_status":"closed","ping_status":"closed","template":"","meta":{"ocean_post_layout":"","ocean_both_sidebars_style":"","ocean_both_sidebars_content_width":0,"ocean_both_sidebars_sidebars_width":0,"ocean_sidebar":"0","ocean_second_sidebar":"0","ocean_disable_margins":"enable","ocean_add_body_class":"","ocean_shortcode_before_top_bar":"","ocean_shortcode_after_top_bar":"","ocean_shortcode_before_header":"","ocean_shortcode_after_header":"","ocean_has_shortcode":"","ocean_shortcode_after_title":"","ocean_shortcode_before_footer_widgets":"","ocean_shortcode_after_footer_widgets":"","ocean_shortcode_before_footer_bottom":"","ocean_shortcode_after_footer_bottom":"","ocean_display_top_bar":"default","ocean_display_header":"default","ocean_header_style":"","ocean_center_header_left_menu":"0","ocean_custom_header_template":"0","ocean_custom_logo":0,"ocean_custom_retina_logo":0,"ocean_custom_logo_max_width":0,"ocean_custom_logo_tablet_max_width":0,"ocean_custom_logo_mobile_max_width":0,"ocean_custom_logo_max_height":0,"ocean_custom_logo_tablet_max_height":0,"ocean_custom_logo_mobile_max_height":0,"ocean_header_custom_menu":"0","ocean_menu_typo_font_family":"0","ocean_menu_typo_font_subset":"","ocean_menu_typo_font_size":0,"ocean_menu_typo_font_size_tablet":0,"ocean_menu_typo_font_size_mobile":0,"ocean_menu_typo_font_size_unit":"px","ocean_menu_typo_font_weight":"","ocean_menu_typo_font_weight_tablet":"","ocean_menu_typo_font_weight_mobile":"","ocean_menu_typo_transform":"","ocean_menu_typo_transform_tablet":"","ocean_menu_typo_transform_mobile":"","ocean_menu_typo_line_height":0,"ocean_menu_typo_line_height_tablet":0,"ocean_menu_typo_line_height_mobile":0,"ocean_menu_typo_line_height_unit":"","ocean_menu_typo_spacing":0,"ocean_menu_typo_spacing_tablet":0,"ocean_menu_typo_spacing_mobile":0,"ocean_menu_typo_spacing_unit":"","ocean_menu_link_color":"","ocean_menu_link_color_hover":"","ocean_menu_link_color_active":"","ocean_menu_link_background":"","ocean_menu_link_hover_background":"","ocean_menu_link_active_background":"","ocean_menu_social_links_bg":"","ocean_menu_social_hover_links_bg":"","ocean_menu_social_links_color":"","ocean_menu_social_hover_links_color":"","ocean_disable_title":"default","ocean_disable_heading":"default","ocean_post_title":"","ocean_post_subheading":"","ocean_post_title_style":"background-image","ocean_post_title_background_color":"","ocean_post_title_background":2424,"ocean_post_title_bg_image_position":"","ocean_post_title_bg_image_attachment":"","ocean_post_title_bg_image_repeat":"","ocean_post_title_bg_image_size":"","ocean_post_title_height":0,"ocean_post_title_bg_overlay":0.5,"ocean_post_title_bg_overlay_color":"","ocean_disable_breadcrumbs":"default","ocean_breadcrumbs_color":"","ocean_breadcrumbs_separator_color":"","ocean_breadcrumbs_links_color":"","ocean_breadcrumbs_links_hover_color":"","ocean_display_footer_widgets":"default","ocean_display_footer_bottom":"default","ocean_custom_footer_template":"0","omw_enable_modal_window":"enable","footnotes":""},"class_list":["post-8","page","type-page","status-publish","hentry","entry"],"jetpack_sharing_enabled":true,"_links":{"self":[{"href":"https:\/\/schulgarten.ch\/it\/wp-json\/wp\/v2\/pages\/8","targetHints":{"allow":["GET"]}}],"collection":[{"href":"https:\/\/schulgarten.ch\/it\/wp-json\/wp\/v2\/pages"}],"about":[{"href":"https:\/\/schulgarten.ch\/it\/wp-json\/wp\/v2\/types\/page"}],"author":[{"embeddable":true,"href":"https:\/\/schulgarten.ch\/it\/wp-json\/wp\/v2\/users\/4"}],"replies":[{"embeddable":true,"href":"https:\/\/schulgarten.ch\/it\/wp-json\/wp\/v2\/comments?post=8"}],"version-history":[{"count":88,"href":"https:\/\/schulgarten.ch\/it\/wp-json\/wp\/v2\/pages\/8\/revisions"}],"predecessor-version":[{"id":9402,"href":"https:\/\/schulgarten.ch\/it\/wp-json\/wp\/v2\/pages\/8\/revisions\/9402"}],"wp:attachment":[{"href":"https:\/\/schulgarten.ch\/it\/wp-json\/wp\/v2\/media?parent=8"}],"curies":[{"name":"wp","href":"https:\/\/api.w.org\/{rel}","templated":true}]}}