{"id":7354,"date":"2024-03-20T10:50:24","date_gmt":"2024-03-20T09:50:24","guid":{"rendered":"https:\/\/schulgarten.ch\/?page_id=7354"},"modified":"2025-06-30T11:10:44","modified_gmt":"2025-06-30T09:10:44","slug":"medien","status":"publish","type":"page","link":"https:\/\/schulgarten.ch\/it\/kontakt\/medien\/","title":{"rendered":"Medien"},"content":{"rendered":"\t\t<div data-elementor-type=\"wp-post\" data-elementor-id=\"7354\" class=\"elementor elementor-7354\" data-elementor-post-type=\"page\">\n\t\t\t\t\t\t<section class=\"elementor-section elementor-top-section elementor-element elementor-element-5d7982f elementor-section-boxed elementor-section-height-default elementor-section-height-default\" data-id=\"5d7982f\" data-element_type=\"section\">\n\t\t\t\t\t\t<div class=\"elementor-container elementor-column-gap-default\">\n\t\t\t\t\t<div class=\"elementor-column elementor-col-100 elementor-top-column elementor-element elementor-element-0779b50\" data-id=\"0779b50\" data-element_type=\"column\">\n\t\t\t<div class=\"elementor-widget-wrap elementor-element-populated\">\n\t\t\t\t\t\t<div class=\"elementor-element elementor-element-cce9009 elementor-widget elementor-widget-heading\" data-id=\"cce9009\" data-element_type=\"widget\" data-widget_type=\"heading.default\">\n\t\t\t\t<div class=\"elementor-widget-container\">\n\t\t\t\t\t<h2 class=\"elementor-heading-title elementor-size-default\">Medien<\/h2>\t\t\t\t<\/div>\n\t\t\t\t<\/div>\n\t\t\t\t\t<\/div>\n\t\t<\/div>\n\t\t\t\t\t<\/div>\n\t\t<\/section>\n\t\t\t\t<section class=\"elementor-section elementor-top-section elementor-element elementor-element-d84a722 elementor-section-boxed elementor-section-height-default elementor-section-height-default\" data-id=\"d84a722\" data-element_type=\"section\">\n\t\t\t\t\t\t<div class=\"elementor-container elementor-column-gap-default\">\n\t\t\t\t\t<div class=\"elementor-column elementor-col-100 elementor-top-column elementor-element elementor-element-03e5f8a\" data-id=\"03e5f8a\" data-element_type=\"column\">\n\t\t\t<div class=\"elementor-widget-wrap elementor-element-populated\">\n\t\t\t\t\t\t<div class=\"elementor-element elementor-element-faf3c1c elementor-widget elementor-widget-text-editor\" data-id=\"faf3c1c\" data-element_type=\"widget\" data-widget_type=\"text-editor.default\">\n\t\t\t\t<div class=\"elementor-widget-container\">\n\t\t\t\t\t\t\t\t\t<p>Bitte verwenden Sie die zur Verf\u00fcgung gestellten Bilder und Texte nur unter Nennung der entsprechenden Quelle \/ Copyright.<br \/>Bei Fragen k\u00f6nnen Sie sich jederzeit an die Gesch\u00e4ftsstelle wenden: info@schulgarten.ch<\/p>\t\t\t\t\t\t\t\t<\/div>\n\t\t\t\t<\/div>\n\t\t\t\t\t<\/div>\n\t\t<\/div>\n\t\t\t\t\t<\/div>\n\t\t<\/section>\n\t\t\t\t<section class=\"elementor-section elementor-top-section elementor-element elementor-element-abb216e elementor-section-boxed elementor-section-height-default elementor-section-height-default\" data-id=\"abb216e\" data-element_type=\"section\">\n\t\t\t\t\t\t<div class=\"elementor-container elementor-column-gap-default\">\n\t\t\t\t\t<div class=\"elementor-column elementor-col-100 elementor-top-column elementor-element elementor-element-b9cd01a\" data-id=\"b9cd01a\" data-element_type=\"column\">\n\t\t\t<div class=\"elementor-widget-wrap elementor-element-populated\">\n\t\t\t\t\t\t<div class=\"elementor-element elementor-element-835c560 elementor-widget elementor-widget-heading\" data-id=\"835c560\" data-element_type=\"widget\" data-widget_type=\"heading.default\">\n\t\t\t\t<div class=\"elementor-widget-container\">\n\t\t\t\t\t<h3 class=\"elementor-heading-title elementor-size-default\">Veranstaltungen<\/h3>\t\t\t\t<\/div>\n\t\t\t\t<\/div>\n\t\t\t\t\t<\/div>\n\t\t<\/div>\n\t\t\t\t\t<\/div>\n\t\t<\/section>\n\t\t\t\t<section class=\"elementor-section elementor-top-section elementor-element elementor-element-ce7affa elementor-section-boxed elementor-section-height-default elementor-section-height-default\" data-id=\"ce7affa\" data-element_type=\"section\">\n\t\t\t\t\t\t<div class=\"elementor-container elementor-column-gap-default\">\n\t\t\t\t\t<div class=\"elementor-column elementor-col-100 elementor-top-column elementor-element elementor-element-651fae8\" data-id=\"651fae8\" data-element_type=\"column\">\n\t\t\t<div class=\"elementor-widget-wrap elementor-element-populated\">\n\t\t\t\t\t\t<div class=\"elementor-element elementor-element-2b431a5 elementor-widget elementor-widget-text-editor\" data-id=\"2b431a5\" data-element_type=\"widget\" data-widget_type=\"text-editor.default\">\n\t\t\t\t<div class=\"elementor-widget-container\">\n\t\t\t\t\t\t\t\t\t<p><b>Schulgartenimpuls 2024<br \/><\/b><a href=\"https:\/\/schulgarten.ch\/wp-content\/uploads\/2024\/04\/2024_Texte-fuer-Bewerbung-online-Impuls-und-offene-Schulgaerten.pdf\" target=\"_blank\" rel=\"noopener\">Texte f\u00fcr Bewerbung der Veranstaltung<\/a><br \/><a href=\"https:\/\/schulgarten.ch\/wp-content\/uploads\/2024\/02\/Acker-e.V.-Lena-Giovanazzi.jpg\">Bild 2024 <\/a>&#8211; Copyright: Acker e.V. &#8211; Lena Giovanazzi<\/p>\t\t\t\t\t\t\t\t<\/div>\n\t\t\t\t<\/div>\n\t\t\t\t\t<\/div>\n\t\t<\/div>\n\t\t\t\t\t<\/div>\n\t\t<\/section>\n\t\t\t\t<section class=\"elementor-section elementor-top-section elementor-element elementor-element-734efda elementor-section-boxed elementor-section-height-default elementor-section-height-default\" data-id=\"734efda\" data-element_type=\"section\">\n\t\t\t\t\t\t<div class=\"elementor-container elementor-column-gap-default\">\n\t\t\t\t\t<div class=\"elementor-column elementor-col-100 elementor-top-column elementor-element elementor-element-c1e43f4\" data-id=\"c1e43f4\" data-element_type=\"column\">\n\t\t\t<div class=\"elementor-widget-wrap elementor-element-populated\">\n\t\t\t\t\t\t<div class=\"elementor-element elementor-element-83e1173 elementor-widget elementor-widget-heading\" data-id=\"83e1173\" data-element_type=\"widget\" data-widget_type=\"heading.default\">\n\t\t\t\t<div class=\"elementor-widget-container\">\n\t\t\t\t\t<h3 class=\"elementor-heading-title elementor-size-default\">Medienmitteilung<\/h3>\t\t\t\t<\/div>\n\t\t\t\t<\/div>\n\t\t\t\t\t<\/div>\n\t\t<\/div>\n\t\t\t\t\t<\/div>\n\t\t<\/section>\n\t\t\t\t<section class=\"elementor-section elementor-top-section elementor-element elementor-element-b4504bf elementor-section-boxed elementor-section-height-default elementor-section-height-default\" data-id=\"b4504bf\" data-element_type=\"section\">\n\t\t\t\t\t\t<div class=\"elementor-container elementor-column-gap-default\">\n\t\t\t\t\t<div class=\"elementor-column elementor-col-33 elementor-top-column elementor-element elementor-element-9f443db\" data-id=\"9f443db\" data-element_type=\"column\">\n\t\t\t<div class=\"elementor-widget-wrap elementor-element-populated\">\n\t\t\t\t\t\t<div class=\"elementor-element elementor-element-4e2e884 elementor-widget elementor-widget-text-editor\" data-id=\"4e2e884\" data-element_type=\"widget\" data-widget_type=\"text-editor.default\">\n\t\t\t\t<div class=\"elementor-widget-container\">\n\t\t\t\t\t\t\t\t\t<p>Deutsch &#8211; <a href=\"https:\/\/schulgarten.ch\/wp-content\/uploads\/2024\/04\/240416_MM-Gruendung-Bildungs-und-Schulgaerten-Schweiz_de.pdf\" target=\"_blank\" rel=\"noopener\">240416_MM Gr\u00fcndung Bildungs- und Schulg\u00e4rten Schweiz_de<\/a><\/p>\t\t\t\t\t\t\t\t<\/div>\n\t\t\t\t<\/div>\n\t\t\t\t\t<\/div>\n\t\t<\/div>\n\t\t\t\t<div class=\"elementor-column elementor-col-33 elementor-top-column elementor-element elementor-element-d7894ea\" data-id=\"d7894ea\" data-element_type=\"column\">\n\t\t\t<div class=\"elementor-widget-wrap elementor-element-populated\">\n\t\t\t\t\t\t<div class=\"elementor-element elementor-element-7e23fc2 elementor-widget elementor-widget-text-editor\" data-id=\"7e23fc2\" data-element_type=\"widget\" data-widget_type=\"text-editor.default\">\n\t\t\t\t<div class=\"elementor-widget-container\">\n\t\t\t\t\t\t\t\t\t<p>Franz\u00f6sisch- <a href=\"https:\/\/schulgarten.ch\/wp-content\/uploads\/2024\/04\/240416_MM-Fondation-Jardins-educatifs-et-scolaires-Suisse_fr.pdf\" target=\"_blank\" rel=\"noopener\">240416_MM Fondation Jardins \u00e9ducatifs et scolaires Suisse_fr<\/a><\/p>\t\t\t\t\t\t\t\t<\/div>\n\t\t\t\t<\/div>\n\t\t\t\t\t<\/div>\n\t\t<\/div>\n\t\t\t\t<div class=\"elementor-column elementor-col-33 elementor-top-column elementor-element elementor-element-4257f98\" data-id=\"4257f98\" data-element_type=\"column\">\n\t\t\t<div class=\"elementor-widget-wrap elementor-element-populated\">\n\t\t\t\t\t\t<div class=\"elementor-element elementor-element-d020757 elementor-widget elementor-widget-text-editor\" data-id=\"d020757\" data-element_type=\"widget\" data-widget_type=\"text-editor.default\">\n\t\t\t\t<div class=\"elementor-widget-container\">\n\t\t\t\t\t\t\t\t\t<p>Italienisch- <a href=\"https:\/\/schulgarten.ch\/wp-content\/uploads\/2024\/04\/240416_MM-Costituzione-Orti-didattici-e-scolastici-Svizzera_it.pdf\" target=\"_blank\" rel=\"noopener\">240416_MM Costituzione Orti didattici e scolastici Svizzera_it<\/a><\/p>\t\t\t\t\t\t\t\t<\/div>\n\t\t\t\t<\/div>\n\t\t\t\t\t<\/div>\n\t\t<\/div>\n\t\t\t\t\t<\/div>\n\t\t<\/section>\n\t\t\t\t<section class=\"elementor-section elementor-top-section elementor-element elementor-element-a4970ae elementor-section-boxed elementor-section-height-default elementor-section-height-default\" data-id=\"a4970ae\" data-element_type=\"section\">\n\t\t\t\t\t\t<div class=\"elementor-container elementor-column-gap-default\">\n\t\t\t\t\t<div class=\"elementor-column elementor-col-50 elementor-top-column elementor-element elementor-element-f6b90c3\" data-id=\"f6b90c3\" data-element_type=\"column\">\n\t\t\t<div class=\"elementor-widget-wrap elementor-element-populated\">\n\t\t\t\t\t\t<div class=\"elementor-element elementor-element-3832f41 elementor-widget elementor-widget-heading\" data-id=\"3832f41\" data-element_type=\"widget\" data-widget_type=\"heading.default\">\n\t\t\t\t<div class=\"elementor-widget-container\">\n\t\t\t\t\t<h3 class=\"elementor-heading-title elementor-size-default\">Fotos \/ Bilder<\/h3>\t\t\t\t<\/div>\n\t\t\t\t<\/div>\n\t\t\t\t\t<\/div>\n\t\t<\/div>\n\t\t\t\t<div class=\"elementor-column elementor-col-50 elementor-top-column elementor-element elementor-element-250617b\" data-id=\"250617b\" data-element_type=\"column\">\n\t\t\t<div class=\"elementor-widget-wrap elementor-element-populated\">\n\t\t\t\t\t\t<div class=\"elementor-element elementor-element-6a8be16 elementor-widget elementor-widget-heading\" data-id=\"6a8be16\" data-element_type=\"widget\" data-widget_type=\"heading.default\">\n\t\t\t\t<div class=\"elementor-widget-container\">\n\t\t\t\t\t<h3 class=\"elementor-heading-title elementor-size-default\">Logo<\/h3>\t\t\t\t<\/div>\n\t\t\t\t<\/div>\n\t\t\t\t\t<\/div>\n\t\t<\/div>\n\t\t\t\t\t<\/div>\n\t\t<\/section>\n\t\t\t\t<section class=\"elementor-section elementor-top-section elementor-element elementor-element-4c814bb elementor-section-boxed elementor-section-height-default elementor-section-height-default\" data-id=\"4c814bb\" data-element_type=\"section\">\n\t\t\t\t\t\t<div class=\"elementor-container elementor-column-gap-default\">\n\t\t\t\t\t<div class=\"elementor-column elementor-col-50 elementor-top-column elementor-element elementor-element-98299dd\" data-id=\"98299dd\" data-element_type=\"column\">\n\t\t\t<div class=\"elementor-widget-wrap elementor-element-populated\">\n\t\t\t\t\t\t<div class=\"elementor-element elementor-element-ed765d9 elementor-widget elementor-widget-text-editor\" data-id=\"ed765d9\" data-element_type=\"widget\" data-widget_type=\"text-editor.default\">\n\t\t\t\t<div class=\"elementor-widget-container\">\n\t\t\t\t\t\t\t\t\t<p><strong>Gr\u00fcndungsversammlung 2023<\/strong>, Copyright: Juliette Vogel<br \/><a href=\"https:\/\/schulgarten.ch\/wp-content\/uploads\/2024\/03\/20231125_Bild-1_Gruendung_comp.jpg\">Bild 1 &#8211;\u00a0<\/a>Gartenexkursion an der Gr\u00fcndungsversammlung des Vereins \u201aBildungs- und Schulg\u00e4rten Schweiz\u2018 in Aesch, BL<br \/><a href=\"https:\/\/schulgarten.ch\/wp-content\/uploads\/2024\/03\/20231125_Bild-2_Gruendung_comp.jpg\">Bild 2 &#8211; <\/a>Gr\u00fcndungsversammlung des Vereins \u201aBildungs- und Schulg\u00e4rten Schweiz\u2018 in Aesch, BL<br \/><a href=\"https:\/\/schulgarten.ch\/wp-content\/uploads\/2024\/03\/20231125_Bild-3_Gruendung_comp.jpg\">Bild 3 &#8211; <\/a>Vorstand und Gesch\u00e4ftsstelle des Vereins \u201aBildungs- und Schulg\u00e4rten Schweiz\u2018<\/p><p><strong>Beispielbilder<\/strong>, Copyright: Pascal Pauli<br \/><a href=\"https:\/\/schulgarten.ch\/wp-content\/uploads\/2018\/10\/IMG_4449.jpg\">Kinder im Schulgarten 1<\/a><br \/><a href=\"https:\/\/schulgarten.ch\/wp-content\/uploads\/2020\/10\/schulgarten-slider_garten.jpg\">Schulgarten <\/a>2<br \/><a href=\"https:\/\/schulgarten.ch\/wp-content\/uploads\/2020\/10\/schulgarten-slider_blumen_kind.jpg\">Kind am G\u00e4rtnern 3<br \/><\/a><a href=\"https:\/\/schulgarten.ch\/wp-content\/uploads\/2020\/10\/schulgarten_2400_33-1.jpg\">Kind am Giessen 4<\/a><\/p>\t\t\t\t\t\t\t\t<\/div>\n\t\t\t\t<\/div>\n\t\t\t\t\t<\/div>\n\t\t<\/div>\n\t\t\t\t<div class=\"elementor-column elementor-col-50 elementor-top-column elementor-element elementor-element-29727db\" data-id=\"29727db\" data-element_type=\"column\">\n\t\t\t<div class=\"elementor-widget-wrap elementor-element-populated\">\n\t\t\t\t\t\t<div class=\"elementor-element elementor-element-0c312e2 elementor-widget elementor-widget-text-editor\" data-id=\"0c312e2\" data-element_type=\"widget\" data-widget_type=\"text-editor.default\">\n\t\t\t\t<div class=\"elementor-widget-container\">\n\t\t\t\t\t\t\t\t\t<p><a href=\"https:\/\/schulgarten.ch\/wp-content\/uploads\/2024\/03\/Logo-mit-Rand-cmyk-scaled.jpg\">Logo JPG &#8211; Bildungs- und Schulg\u00e4rten Schweiz &#8211; dreisprachig<\/a><br \/><a href=\"https:\/\/schulgarten.ch\/wp-content\/uploads\/2024\/03\/Lgo-mit-Rand.pdf\" target=\"_blank\" rel=\"noopener\">Logo PDF &#8211; Bildungs- und Schulg\u00e4rten Schweiz &#8211; dreisprachig<\/a><\/p>\t\t\t\t\t\t\t\t<\/div>\n\t\t\t\t<\/div>\n\t\t\t\t<div class=\"elementor-element elementor-element-bbec57c elementor-widget elementor-widget-heading\" data-id=\"bbec57c\" data-element_type=\"widget\" data-widget_type=\"heading.default\">\n\t\t\t\t<div class=\"elementor-widget-container\">\n\t\t\t\t\t<h2 class=\"elementor-heading-title elementor-size-default\">Social Media - Texte<\/h2>\t\t\t\t<\/div>\n\t\t\t\t<\/div>\n\t\t\t\t<div class=\"elementor-element elementor-element-50c65f1 elementor-widget elementor-widget-text-editor\" data-id=\"50c65f1\" data-element_type=\"widget\" data-widget_type=\"text-editor.default\">\n\t\t\t\t<div class=\"elementor-widget-container\">\n\t\t\t\t\t\t\t\t\t<p><a href=\"https:\/\/schulgarten.ch\/wp-content\/uploads\/2024\/04\/2024_MM_Texte-fuer-Social-Media_Gruendung-Bildungs-und-Schulgaerten-Schweiz_de_fr_it.pdf\" target=\"_blank\" rel=\"noopener\">2024_MM_Texte f\u00fcr Social Media_Gr\u00fcndung Bildungs- und Schulg\u00e4rten Schweiz_DE_FR_IT<\/a><\/p>\t\t\t\t\t\t\t\t<\/div>\n\t\t\t\t<\/div>\n\t\t\t\t\t<\/div>\n\t\t<\/div>\n\t\t\t\t\t<\/div>\n\t\t<\/section>\n\t\t\t\t<section class=\"elementor-section elementor-top-section elementor-element elementor-element-9b8cee4 elementor-section-boxed elementor-section-height-default elementor-section-height-default\" data-id=\"9b8cee4\" data-element_type=\"section\">\n\t\t\t\t\t\t<div class=\"elementor-container elementor-column-gap-default\">\n\t\t\t\t\t<div class=\"elementor-column elementor-col-100 elementor-top-column elementor-element elementor-element-92b0170\" data-id=\"92b0170\" data-element_type=\"column\">\n\t\t\t<div class=\"elementor-widget-wrap elementor-element-populated\">\n\t\t\t\t\t\t<div class=\"elementor-element elementor-element-a629af3 elementor-widget elementor-widget-heading\" data-id=\"a629af3\" data-element_type=\"widget\" data-widget_type=\"heading.default\">\n\t\t\t\t<div class=\"elementor-widget-container\">\n\t\t\t\t\t<h2 class=\"elementor-heading-title elementor-size-default\">Publikationen des Vereins<\/h2>\t\t\t\t<\/div>\n\t\t\t\t<\/div>\n\t\t\t\t\t<\/div>\n\t\t<\/div>\n\t\t\t\t\t<\/div>\n\t\t<\/section>\n\t\t\t\t<section class=\"elementor-section elementor-top-section elementor-element elementor-element-a090a98 elementor-section-boxed elementor-section-height-default elementor-section-height-default\" data-id=\"a090a98\" data-element_type=\"section\">\n\t\t\t\t\t\t<div class=\"elementor-container elementor-column-gap-default\">\n\t\t\t\t\t<div class=\"elementor-column elementor-col-50 elementor-top-column elementor-element elementor-element-01e13a6\" data-id=\"01e13a6\" data-element_type=\"column\">\n\t\t\t<div class=\"elementor-widget-wrap elementor-element-populated\">\n\t\t\t\t\t\t<div class=\"elementor-element elementor-element-8e68a5e elementor-widget elementor-widget-heading\" data-id=\"8e68a5e\" data-element_type=\"widget\" data-widget_type=\"heading.default\">\n\t\t\t\t<div class=\"elementor-widget-container\">\n\t\t\t\t\t<h5 class=\"elementor-heading-title elementor-size-default\">Interview zum Thema Schulg\u00e4rten mit Dagmar R\u00f6sler<br><br>Zentralpr\u00e4sidentin des Dachverbandes Lehrerinnen und Lehrer Schweiz (LCH)<\/h5>\t\t\t\t<\/div>\n\t\t\t\t<\/div>\n\t\t\t\t<div class=\"elementor-element elementor-element-baa72f0 elementor-widget elementor-widget-text-editor\" data-id=\"baa72f0\" data-element_type=\"widget\" data-widget_type=\"text-editor.default\">\n\t\t\t\t<div class=\"elementor-widget-container\">\n\t\t\t\t\t\t\t\t\t<p>Link zum Interview:<\/p><p><strong><a style=\"font-size: 14px; background-color: #ffffff;\" href=\"https:\/\/schulgarten.ch\/wp-content\/uploads\/2025\/06\/Interview-Dagmar-Roesler-2025.pdf\" target=\"_blank\" rel=\"noopener\">&#8220;Wo ein Wille ist, gibt es auch einen Schulgarten&#8221;<\/a><\/strong><\/p>\t\t\t\t\t\t\t\t<\/div>\n\t\t\t\t<\/div>\n\t\t\t\t\t<\/div>\n\t\t<\/div>\n\t\t\t\t<div class=\"elementor-column elementor-col-50 elementor-top-column elementor-element elementor-element-ed3e66f\" data-id=\"ed3e66f\" data-element_type=\"column\">\n\t\t\t<div class=\"elementor-widget-wrap\">\n\t\t\t\t\t\t\t<\/div>\n\t\t<\/div>\n\t\t\t\t\t<\/div>\n\t\t<\/section>\n\t\t\t\t<section class=\"elementor-section elementor-top-section elementor-element elementor-element-99d01b2 elementor-section-boxed elementor-section-height-default elementor-section-height-default\" data-id=\"99d01b2\" data-element_type=\"section\">\n\t\t\t\t\t\t<div class=\"elementor-container elementor-column-gap-default\">\n\t\t\t\t\t<div class=\"elementor-column elementor-col-50 elementor-top-column elementor-element elementor-element-e262298\" data-id=\"e262298\" data-element_type=\"column\">\n\t\t\t<div class=\"elementor-widget-wrap\">\n\t\t\t\t\t\t\t<\/div>\n\t\t<\/div>\n\t\t\t\t<div class=\"elementor-column elementor-col-50 elementor-top-column elementor-element elementor-element-7c71b62\" data-id=\"7c71b62\" data-element_type=\"column\">\n\t\t\t<div class=\"elementor-widget-wrap\">\n\t\t\t\t\t\t\t<\/div>\n\t\t<\/div>\n\t\t\t\t\t<\/div>\n\t\t<\/section>\n\t\t\t\t<\/div>\n\t\t","protected":false},"excerpt":{"rendered":"<p>Medien Bitte verwenden Sie die zur Verf\u00fcgung gestellten Bilder und Texte nur unter Nennung der entsprechenden Quelle \/ Copyright.Bei Fragen k\u00f6nnen Sie sich jederzeit an die Gesch\u00e4ftsstelle wenden: info@schulgarten.ch Veranstaltungen Schulgartenimpuls 2024Texte f\u00fcr Bewerbung der VeranstaltungBild 2024 &#8211; Copyright: Acker e.V. &#8211; Lena Giovanazzi Medienmitteilung Deutsch &#8211; 240416_MM Gr\u00fcndung Bildungs- und Schulg\u00e4rten Schweiz_de Franz\u00f6sisch- 240416_MM [&hellip;]<\/p>\n","protected":false},"author":16,"featured_media":0,"parent":67,"menu_order":26,"comment_status":"closed","ping_status":"closed","template":"","meta":{"ocean_post_layout":"","ocean_both_sidebars_style":"","ocean_both_sidebars_content_width":0,"ocean_both_sidebars_sidebars_width":0,"ocean_sidebar":"0","ocean_second_sidebar":"0","ocean_disable_margins":"enable","ocean_add_body_class":"","ocean_shortcode_before_top_bar":"","ocean_shortcode_after_top_bar":"","ocean_shortcode_before_header":"","ocean_shortcode_after_header":"","ocean_has_shortcode":"","ocean_shortcode_after_title":"","ocean_shortcode_before_footer_widgets":"","ocean_shortcode_after_footer_widgets":"","ocean_shortcode_before_footer_bottom":"","ocean_shortcode_after_footer_bottom":"","ocean_display_top_bar":"default","ocean_display_header":"default","ocean_header_style":"","ocean_center_header_left_menu":"0","ocean_custom_header_template":"0","ocean_custom_logo":0,"ocean_custom_retina_logo":0,"ocean_custom_logo_max_width":0,"ocean_custom_logo_tablet_max_width":0,"ocean_custom_logo_mobile_max_width":0,"ocean_custom_logo_max_height":0,"ocean_custom_logo_tablet_max_height":0,"ocean_custom_logo_mobile_max_height":0,"ocean_header_custom_menu":"0","ocean_menu_typo_font_family":"0","ocean_menu_typo_font_subset":"","ocean_menu_typo_font_size":0,"ocean_menu_typo_font_size_tablet":0,"ocean_menu_typo_font_size_mobile":0,"ocean_menu_typo_font_size_unit":"px","ocean_menu_typo_font_weight":"","ocean_menu_typo_font_weight_tablet":"","ocean_menu_typo_font_weight_mobile":"","ocean_menu_typo_transform":"","ocean_menu_typo_transform_tablet":"","ocean_menu_typo_transform_mobile":"","ocean_menu_typo_line_height":0,"ocean_menu_typo_line_height_tablet":0,"ocean_menu_typo_line_height_mobile":0,"ocean_menu_typo_line_height_unit":"","ocean_menu_typo_spacing":0,"ocean_menu_typo_spacing_tablet":0,"ocean_menu_typo_spacing_mobile":0,"ocean_menu_typo_spacing_unit":"","ocean_menu_link_color":"","ocean_menu_link_color_hover":"","ocean_menu_link_color_active":"","ocean_menu_link_background":"","ocean_menu_link_hover_background":"","ocean_menu_link_active_background":"","ocean_menu_social_links_bg":"","ocean_menu_social_hover_links_bg":"","ocean_menu_social_links_color":"","ocean_menu_social_hover_links_color":"","ocean_disable_title":"default","ocean_disable_heading":"default","ocean_post_title":"","ocean_post_subheading":"","ocean_post_title_style":"","ocean_post_title_background_color":"","ocean_post_title_background":0,"ocean_post_title_bg_image_position":"","ocean_post_title_bg_image_attachment":"","ocean_post_title_bg_image_repeat":"","ocean_post_title_bg_image_size":"","ocean_post_title_height":0,"ocean_post_title_bg_overlay":0.5,"ocean_post_title_bg_overlay_color":"","ocean_disable_breadcrumbs":"default","ocean_breadcrumbs_color":"","ocean_breadcrumbs_separator_color":"","ocean_breadcrumbs_links_color":"","ocean_breadcrumbs_links_hover_color":"","ocean_display_footer_widgets":"default","ocean_display_footer_bottom":"default","ocean_custom_footer_template":"0","omw_enable_modal_window":"enable","footnotes":""},"class_list":["post-7354","page","type-page","status-publish","hentry","entry"],"jetpack_sharing_enabled":true,"_links":{"self":[{"href":"https:\/\/schulgarten.ch\/it\/wp-json\/wp\/v2\/pages\/7354","targetHints":{"allow":["GET"]}}],"collection":[{"href":"https:\/\/schulgarten.ch\/it\/wp-json\/wp\/v2\/pages"}],"about":[{"href":"https:\/\/schulgarten.ch\/it\/wp-json\/wp\/v2\/types\/page"}],"author":[{"embeddable":true,"href":"https:\/\/schulgarten.ch\/it\/wp-json\/wp\/v2\/users\/16"}],"replies":[{"embeddable":true,"href":"https:\/\/schulgarten.ch\/it\/wp-json\/wp\/v2\/comments?post=7354"}],"version-history":[{"count":97,"href":"https:\/\/schulgarten.ch\/it\/wp-json\/wp\/v2\/pages\/7354\/revisions"}],"predecessor-version":[{"id":8518,"href":"https:\/\/schulgarten.ch\/it\/wp-json\/wp\/v2\/pages\/7354\/revisions\/8518"}],"up":[{"embeddable":true,"href":"https:\/\/schulgarten.ch\/it\/wp-json\/wp\/v2\/pages\/67"}],"wp:attachment":[{"href":"https:\/\/schulgarten.ch\/it\/wp-json\/wp\/v2\/media?parent=7354"}],"curies":[{"name":"wp","href":"https:\/\/api.w.org\/{rel}","templated":true}]}}