{"id":5671,"date":"2023-02-13T14:12:56","date_gmt":"2023-02-13T13:12:56","guid":{"rendered":"https:\/\/schulgarten.ch\/?page_id=5671"},"modified":"2026-02-02T16:02:30","modified_gmt":"2026-02-02T15:02:30","slug":"arbeitsgruppen","status":"publish","type":"page","link":"https:\/\/schulgarten.ch\/it\/angebote\/arbeitsgruppen\/","title":{"rendered":"Arbeitsgruppen Bildungs- und Schulg\u00e4rten Schweiz"},"content":{"rendered":"\t\t<div data-elementor-type=\"wp-page\" data-elementor-id=\"5671\" class=\"elementor elementor-5671\" data-elementor-post-type=\"page\">\n\t\t\t\t\t\t<section class=\"elementor-section elementor-top-section elementor-element elementor-element-842c574 elementor-section-boxed elementor-section-height-default elementor-section-height-default\" data-id=\"842c574\" data-element_type=\"section\">\n\t\t\t\t\t\t<div class=\"elementor-container elementor-column-gap-default\">\n\t\t\t\t\t<div class=\"elementor-column elementor-col-50 elementor-top-column elementor-element elementor-element-012d166\" data-id=\"012d166\" data-element_type=\"column\">\n\t\t\t<div class=\"elementor-widget-wrap elementor-element-populated\">\n\t\t\t\t\t\t\t<\/div>\n\t\t<\/div>\n\t\t\t\t<div class=\"elementor-column elementor-col-50 elementor-top-column elementor-element elementor-element-05db6f3\" data-id=\"05db6f3\" data-element_type=\"column\">\n\t\t\t<div class=\"elementor-widget-wrap elementor-element-populated\">\n\t\t\t\t\t\t\t<\/div>\n\t\t<\/div>\n\t\t\t\t\t<\/div>\n\t\t<\/section>\n\t\t\t\t<section class=\"elementor-section elementor-top-section elementor-element elementor-element-12a8103 elementor-section-boxed elementor-section-height-default elementor-section-height-default\" data-id=\"12a8103\" data-element_type=\"section\">\n\t\t\t\t\t\t<div class=\"elementor-container elementor-column-gap-default\">\n\t\t\t\t\t<div class=\"elementor-column elementor-col-100 elementor-top-column elementor-element elementor-element-5f2c45c\" data-id=\"5f2c45c\" data-element_type=\"column\">\n\t\t\t<div class=\"elementor-widget-wrap elementor-element-populated\">\n\t\t\t\t\t\t<div class=\"elementor-element elementor-element-4c3f30b elementor-widget elementor-widget-heading\" data-id=\"4c3f30b\" data-element_type=\"widget\" data-widget_type=\"heading.default\">\n\t\t\t\t<div class=\"elementor-widget-container\">\n\t\t\t\t\t<h2 class=\"elementor-heading-title elementor-size-default\">Arbeitsgruppen<\/h2>\t\t\t\t<\/div>\n\t\t\t\t<\/div>\n\t\t\t\t\t<\/div>\n\t\t<\/div>\n\t\t\t\t\t<\/div>\n\t\t<\/section>\n\t\t\t\t<section class=\"elementor-section elementor-top-section elementor-element elementor-element-00df1dc elementor-section-boxed elementor-section-height-default elementor-section-height-default\" data-id=\"00df1dc\" data-element_type=\"section\">\n\t\t\t\t\t\t<div class=\"elementor-container elementor-column-gap-default\">\n\t\t\t\t\t<div class=\"elementor-column elementor-col-100 elementor-top-column elementor-element elementor-element-400e293\" data-id=\"400e293\" data-element_type=\"column\">\n\t\t\t<div class=\"elementor-widget-wrap elementor-element-populated\">\n\t\t\t\t\t\t<div class=\"elementor-element elementor-element-036b828 elementor-widget elementor-widget-text-editor\" data-id=\"036b828\" data-element_type=\"widget\" data-widget_type=\"text-editor.default\">\n\t\t\t\t<div class=\"elementor-widget-container\">\n\t\t\t\t\t\t\t\t\t<p><span style=\"color: #000000;\"><strong><span lang=\"DE-CH\">Die Arbeitsgruppen des Vereins Bildungs- und Schulg\u00e4rten Schweiz \u2013 Mitmachen erw\u00fcnscht!<br \/><\/span><\/strong><span lang=\"DE-CH\">Nach der Gr\u00fcndung des Vereins Bildungs- und Schulg\u00e4rten werden diverse Arbeitsgruppen aus der urspr\u00fcnglichen Arbeitsgemeinschaft weitergef\u00fchrt. Sie alle sollen eine breit angelegte Weiterentwicklung von Bildungs- und Schulg\u00e4rten unterst\u00fctzen und m\u00f6glichst viele Akteure aus den verschiedenen Bereichen und Regionen miteinbeziehen. Die unten aufgef\u00fchrten Zielformulierungen der Arbeitsgruppen sind tempor\u00e4r und werden von den jeweiligen Arbeitsgruppenmitgliedern laufend aktualisiert.<br \/><\/span><\/span><\/p><p><span style=\"color: #000000;\"><strong><span lang=\"DE-CH\">Alle Interessierten sind herzlich willkommen, in einer Arbeitsgruppe mitzuwirken. Hierzu einfach die verantwortliche Person per E-Mail kontaktieren.\u00a0<\/span><\/strong><\/span><\/p>\t\t\t\t\t\t\t\t<\/div>\n\t\t\t\t<\/div>\n\t\t\t\t\t<\/div>\n\t\t<\/div>\n\t\t\t\t\t<\/div>\n\t\t<\/section>\n\t\t\t\t<section class=\"elementor-section elementor-top-section elementor-element elementor-element-67f4133 elementor-section-boxed elementor-section-height-default elementor-section-height-default\" data-id=\"67f4133\" data-element_type=\"section\">\n\t\t\t\t\t\t<div class=\"elementor-container elementor-column-gap-default\">\n\t\t\t\t\t<div class=\"elementor-column elementor-col-100 elementor-top-column elementor-element elementor-element-44407be\" data-id=\"44407be\" data-element_type=\"column\">\n\t\t\t<div class=\"elementor-widget-wrap elementor-element-populated\">\n\t\t\t\t\t\t<div class=\"elementor-element elementor-element-5611fb2 elementor-widget__width-initial elementor-widget elementor-widget-toggle\" data-id=\"5611fb2\" data-element_type=\"widget\" data-widget_type=\"toggle.default\">\n\t\t\t\t<div class=\"elementor-widget-container\">\n\t\t\t\t\t\t\t<div class=\"elementor-toggle\">\n\t\t\t\t\t\t\t<div class=\"elementor-toggle-item\">\n\t\t\t\t\t<div id=\"elementor-tab-title-9021\" class=\"elementor-tab-title\" data-tab=\"1\" role=\"button\" aria-controls=\"elementor-tab-content-9021\" aria-expanded=\"false\">\n\t\t\t\t\t\t\t\t\t\t\t\t<span class=\"elementor-toggle-icon elementor-toggle-icon-left\" aria-hidden=\"true\">\n\t\t\t\t\t\t\t\t\t\t\t\t\t\t\t<span class=\"elementor-toggle-icon-closed\"><i class=\"fas fa-caret-right\"><\/i><\/span>\n\t\t\t\t\t\t\t\t<span class=\"elementor-toggle-icon-opened\"><i class=\"elementor-toggle-icon-opened fas fa-caret-up\"><\/i><\/span>\n\t\t\t\t\t\t\t\t\t\t\t\t\t<\/span>\n\t\t\t\t\t\t\t\t\t\t\t\t<a class=\"elementor-toggle-title\" tabindex=\"0\">Arbeitsgruppe Vernetzung national\/international<\/a>\n\t\t\t\t\t<\/div>\n\n\t\t\t\t\t<div id=\"elementor-tab-content-9021\" class=\"elementor-tab-content elementor-clearfix\" data-tab=\"1\" role=\"region\" aria-labelledby=\"elementor-tab-title-9021\"><ul><li style=\"font-weight: 400;\"><span style=\"color: #000000;\">Organisation eines nationalen Schulgarten-Netzwerktreffens von interessierten Personen auf verschiedenen Ebenen (Schulg\u00e4rtner*innen, Schulgartenakteure, usw.)<\/span><\/li><li style=\"font-weight: 400;\"><span style=\"color: #000000;\">Verbindung und Vernetzung von Schulg\u00e4rtner*innen mit ausserschulischen Akteur*innen mit dem Thema Bildung und Garten.<\/span><\/li><li style=\"font-weight: 400;\"><span style=\"color: #000000;\">Verbindung und Vernetzung mit Schulgarten- und Bildungsgartenakteuren*innen international<\/span><\/li><li style=\"font-weight: 400;\"><span style=\"color: #000000;\">Verbindung und Vernetzung von Schul- und Bildungsg\u00e4rten mit Politik und \u00f6ffentlicher Hand\u00a0<\/span><\/li><\/ul><p style=\"font-weight: 400;\"><span style=\"color: #000000;\"><strong>Kontakte:<\/strong><\/span><\/p><p style=\"font-weight: 400;\"><span style=\"color: #000000; font-size: 14px;\">Gesch\u00e4ftsstelle, info(at)schulgarten.ch;\u00a0<\/span><\/p><\/div>\n\t\t\t\t<\/div>\n\t\t\t\t\t\t\t<div class=\"elementor-toggle-item\">\n\t\t\t\t\t<div id=\"elementor-tab-title-9022\" class=\"elementor-tab-title\" data-tab=\"2\" role=\"button\" aria-controls=\"elementor-tab-content-9022\" aria-expanded=\"false\">\n\t\t\t\t\t\t\t\t\t\t\t\t<span class=\"elementor-toggle-icon elementor-toggle-icon-left\" aria-hidden=\"true\">\n\t\t\t\t\t\t\t\t\t\t\t\t\t\t\t<span class=\"elementor-toggle-icon-closed\"><i class=\"fas fa-caret-right\"><\/i><\/span>\n\t\t\t\t\t\t\t\t<span class=\"elementor-toggle-icon-opened\"><i class=\"elementor-toggle-icon-opened fas fa-caret-up\"><\/i><\/span>\n\t\t\t\t\t\t\t\t\t\t\t\t\t<\/span>\n\t\t\t\t\t\t\t\t\t\t\t\t<a class=\"elementor-toggle-title\" tabindex=\"0\">Arbeitsgruppe Forschung und Entwicklung<\/a>\n\t\t\t\t\t<\/div>\n\n\t\t\t\t\t<div id=\"elementor-tab-content-9022\" class=\"elementor-tab-content elementor-clearfix\" data-tab=\"2\" role=\"region\" aria-labelledby=\"elementor-tab-title-9022\"><p style=\"font-weight: 400;\"><span style=\"color: #000000;\">Die Arbeitsgruppe vernetzt schweizweit an Forschungs- und Entwicklungsprojekten interessierte und engagierte Personen und Institutionen im Bereich von Bildungs- und Schulg\u00e4rten. Die Arbeitsgruppe Forschungs- und Entwicklungsprojekte widmet sich den Fragen \u00abWas sind aktuelle Forschungsfragen im Bereich Bildungs- und Schulg\u00e4rten? Welcher Drittmittelgeber w\u00fcrde bestimmte Vorhaben unterst\u00fctzen? Wie k\u00f6nnen wir unsere Expertise b\u00fcndeln, um Synergien zu schaffen und Antr\u00e4ge zu stellen oder um Materialien und andere Unterst\u00fctzung, die angehende Lehrpersonen w\u00fcnschen w\u00fcrden, um sich an Schulgartenarbeit heranzuwagen, zu entwickeln?<\/span><\/p>\n<p style=\"font-weight: 400;\"><span style=\"color: #000000;\"><strong>Kontakt:<\/strong> Alaric Kohler, alaric.kohler(at)hep-bejune.ch<\/span><\/p>\n<p><span style=\"color: #000000;\"><b>Link zum&nbsp;<\/b><\/span><a href=\"https:\/\/schulgarten.ch\/wp-content\/uploads\/2025\/03\/KohlerSchumannEggerGrafPieraccivanMeelWakeman2025.pdf\" target=\"_blank\" style=\"font-family: var( --e-global-typography-text-font-family ), Sans-serif; font-size: 14px; font-weight: var( --e-global-typography-text-font-weight ); background-color: rgb(255, 255, 255);\">Artikel &#8220;Schulg\u00e4rtnern in der Schweiz&#8221; der Arbeitsgruppe in Green Care, 1, 17\u201319.<\/a><b style=\"color: rgb(0, 0, 0); font-size: 14px;\">&nbsp;<\/b><\/p><\/div>\n\t\t\t\t<\/div>\n\t\t\t\t\t\t\t<div class=\"elementor-toggle-item\">\n\t\t\t\t\t<div id=\"elementor-tab-title-9023\" class=\"elementor-tab-title\" data-tab=\"3\" role=\"button\" aria-controls=\"elementor-tab-content-9023\" aria-expanded=\"false\">\n\t\t\t\t\t\t\t\t\t\t\t\t<span class=\"elementor-toggle-icon elementor-toggle-icon-left\" aria-hidden=\"true\">\n\t\t\t\t\t\t\t\t\t\t\t\t\t\t\t<span class=\"elementor-toggle-icon-closed\"><i class=\"fas fa-caret-right\"><\/i><\/span>\n\t\t\t\t\t\t\t\t<span class=\"elementor-toggle-icon-opened\"><i class=\"elementor-toggle-icon-opened fas fa-caret-up\"><\/i><\/span>\n\t\t\t\t\t\t\t\t\t\t\t\t\t<\/span>\n\t\t\t\t\t\t\t\t\t\t\t\t<a class=\"elementor-toggle-title\" tabindex=\"0\">Arbeitsgruppe Aus- und Weiterbildung, Didaktik<\/a>\n\t\t\t\t\t<\/div>\n\n\t\t\t\t\t<div id=\"elementor-tab-content-9023\" class=\"elementor-tab-content elementor-clearfix\" data-tab=\"3\" role=\"region\" aria-labelledby=\"elementor-tab-title-9023\"><p style=\"font-weight: 400;\"><span style=\"color: #000000;\">Die Arbeitsgemeinschaft Aus- und Weiterbildung, Didaktik setzt sich mit der Erarbeitung eines Fachmodulplans zur Ausbildung von Gartenbaup\u00e4dagog*innen auseinander. Wir widmen uns der Frage, welche F\u00e4higkeiten und Kompetenzen zur Ausbildung von Gartenbaup\u00e4dagog*innen erforderlich sind. Dazu ist es notwendig ein g\u00e4rtnerisches und p\u00e4dagogisches Fachwissen in Theorie und Praxis zu vermitteln. Unsere Kernfrage lautet: Wie sieht der Aufbau des Fachmoduls aus? Der Schwerpunkt der Ausbildung sollte darin liegen, die verschiedenen Aspekte der g\u00e4rtnerischen Arbeit mit der P\u00e4dagogik in Verbindung zu bringen. Dabei sollte die Frage nach dem pers\u00f6nlichen Verh\u00e4ltnis zur Pflanzen- und Tierwelt im Mittelpunkt stehen und gegebenenfalls durch Wahrnehmungs- und Beobachtungs\u00fcbungen geschult werden. Der Modulplan sollte den Jahreslauf der Natur ber\u00fccksichtigen und der Praxisunterricht jeweils in der entsprechenden Jahreszeit eingebettet sein. Dar\u00fcber hinaus kl\u00e4ren wir ab, wie lange die Ausbildung dauert, wo die Veranstaltungsorte sein k\u00f6nnten und welche Zielgruppe wir ansprechen wollen.\u00a0<\/span><\/p><p style=\"font-weight: 400;\"><span style=\"font-size: 14px; font-weight: 400; color: #000000;\">Ebenfalls setzen wir uns mit der Frage auseinander, auf welche Methoden bzw. Lehrmittel Gartenbaup\u00e4dagog*innen im Umgang mit Sch\u00fcler*innen zur\u00fcckgreifen k\u00f6nnen.\u00a0<\/span><span style=\"font-size: 14px; font-weight: 400; color: #000000;\">Diese Ausarbeitung sollte dann in die Aus- Und Weiterbildung der Gartenbaup\u00e4dagog*innen einfliessen.<\/span><\/p><p style=\"font-weight: 400;\"><span style=\"color: #000000;\"><strong>Kontakt:<\/strong>\u00a0<\/span><\/p><p style=\"font-weight: 400;\"><span style=\"color: #000000;\">Martina Fischbacher, martina.fischbacher(at)zuerich.ch<\/span><span style=\"color: #000000;\"><br \/><\/span><\/p><\/div>\n\t\t\t\t<\/div>\n\t\t\t\t\t\t\t\t<\/div>\n\t\t\t\t\t\t<\/div>\n\t\t\t\t<\/div>\n\t\t\t\t\t<\/div>\n\t\t<\/div>\n\t\t\t\t\t<\/div>\n\t\t<\/section>\n\t\t\t\t<section class=\"elementor-section elementor-top-section elementor-element elementor-element-4cba4fe elementor-section-boxed elementor-section-height-default elementor-section-height-default\" data-id=\"4cba4fe\" data-element_type=\"section\">\n\t\t\t\t\t\t<div class=\"elementor-container elementor-column-gap-default\">\n\t\t\t\t\t<div class=\"elementor-column elementor-col-100 elementor-top-column elementor-element elementor-element-669f865\" data-id=\"669f865\" data-element_type=\"column\">\n\t\t\t<div class=\"elementor-widget-wrap elementor-element-populated\">\n\t\t\t\t\t\t<div class=\"elementor-element elementor-element-6a18945 elementor--h-position-center elementor--v-position-middle elementor-arrows-position-inside elementor-pagination-position-inside elementor-widget elementor-widget-slides\" data-id=\"6a18945\" data-element_type=\"widget\" data-settings=\"{&quot;autoplay_speed&quot;:5500,&quot;transition_speed&quot;:1000,&quot;navigation&quot;:&quot;both&quot;,&quot;autoplay&quot;:&quot;yes&quot;,&quot;pause_on_hover&quot;:&quot;yes&quot;,&quot;pause_on_interaction&quot;:&quot;yes&quot;,&quot;infinite&quot;:&quot;yes&quot;,&quot;transition&quot;:&quot;slide&quot;}\" data-widget_type=\"slides.default\">\n\t\t\t\t<div class=\"elementor-widget-container\">\n\t\t\t\t\t\t\t\t\t<div class=\"elementor-swiper\">\n\t\t\t\t\t<div class=\"elementor-slides-wrapper elementor-main-swiper swiper\" role=\"region\" aria-roledescription=\"carousel\" aria-label=\"Slides\" dir=\"ltr\" data-animation=\"fadeInUp\">\n\t\t\t\t<div class=\"swiper-wrapper elementor-slides\">\n\t\t\t\t\t\t\t\t\t\t<div class=\"elementor-repeater-item-4315565 swiper-slide\" role=\"group\" aria-roledescription=\"slide\"><div class=\"swiper-slide-bg\" role=\"img\"><\/div><div class=\"swiper-slide-inner\" ><div class=\"swiper-slide-contents\"><\/div><\/div><\/div><div class=\"elementor-repeater-item-cac3c14 swiper-slide\" role=\"group\" aria-roledescription=\"slide\"><div class=\"swiper-slide-bg\" role=\"img\"><\/div><div class=\"swiper-slide-inner\" ><div class=\"swiper-slide-contents\"><\/div><\/div><\/div><div class=\"elementor-repeater-item-44ea8a7 swiper-slide\" role=\"group\" aria-roledescription=\"slide\"><div class=\"swiper-slide-bg\" role=\"img\"><\/div><div class=\"swiper-slide-inner\" ><div class=\"swiper-slide-contents\"><\/div><\/div><\/div>\t\t\t\t<\/div>\n\t\t\t\t\t\t\t\t\t\t\t\t\t\t\t<div class=\"elementor-swiper-button elementor-swiper-button-prev\" role=\"button\" tabindex=\"0\" aria-label=\"Diapositiva precedente\">\n\t\t\t\t\t\t\t<i aria-hidden=\"true\" class=\"eicon-chevron-left\"><\/i>\t\t\t\t\t\t<\/div>\n\t\t\t\t\t\t<div class=\"elementor-swiper-button elementor-swiper-button-next\" role=\"button\" tabindex=\"0\" aria-label=\"Prossima diapositiva\">\n\t\t\t\t\t\t\t<i aria-hidden=\"true\" class=\"eicon-chevron-right\"><\/i>\t\t\t\t\t\t<\/div>\n\t\t\t\t\t\t\t\t\t\t\t\t\t\t\t\t<div class=\"swiper-pagination\"><\/div>\n\t\t\t\t\t\t\t\t\t\t\t\t<\/div>\n\t\t\t\t<\/div>\n\t\t\t\t\t\t\t\t<\/div>\n\t\t\t\t<\/div>\n\t\t\t\t\t<\/div>\n\t\t<\/div>\n\t\t\t\t\t<\/div>\n\t\t<\/section>\n\t\t\t\t<section class=\"elementor-section elementor-top-section elementor-element elementor-element-9ef12ef elementor-section-boxed elementor-section-height-default elementor-section-height-default\" data-id=\"9ef12ef\" data-element_type=\"section\">\n\t\t\t\t\t\t<div class=\"elementor-container elementor-column-gap-default\">\n\t\t\t\t\t<div class=\"elementor-column elementor-col-100 elementor-top-column elementor-element elementor-element-f6bf353\" data-id=\"f6bf353\" data-element_type=\"column\">\n\t\t\t<div class=\"elementor-widget-wrap elementor-element-populated\">\n\t\t\t\t\t\t<div class=\"elementor-element elementor-element-55d9086 elementor-widget elementor-widget-text-editor\" data-id=\"55d9086\" data-element_type=\"widget\" data-widget_type=\"text-editor.default\">\n\t\t\t\t<div class=\"elementor-widget-container\">\n\t\t\t\t\t\t\t\t\t<h2><span style=\"color: #7b8f51;\"><span lang=\"DE-CH\">R\u00fcckblick &#8211; Arbeitsgemeinschaft<\/span><span lang=\"DE-CH\"> Bildungs- und Schulg\u00e4rten Schweiz<\/span><\/span><\/h2><p><span lang=\"DE-CH\" style=\"color: #000000;\">Am 22. April 2023 ist die Arbeitsgemeinschaft Bildungs- und Schulg\u00e4rten in Muttenz BL an der PH FHNW gegr\u00fcndet worden. Vertreten waren an diesem Anlass insgesamt 32 Personen aus P\u00e4dagogischen Hochschulen aus der Deutschschweiz und aus der Romandie, ausserschulische Akteure, Lehrpersonen sowie weitere Interessierte. Nach einem reichhaltigen \u00abGartenbuffet\u00bb, das die Teilnehmenden zusammentrugen, wurde in Gruppen an der Vision der Arbeitsgemeinschaft gearbeitet. Dabei ging es auch darum, verbindende Elemente zwischen den Mitwirkenden, f\u00f6rdernde und st\u00f6rende Rahmenbedingungen, vorliegende Kompetenzen sowie Herausforderungen und St\u00e4rken zu identifizieren, die das Erreichen der gemeinsamen Vision beeinflussen k\u00f6nnen. Die facettenreiche Zusammensetzung der anwesenden Gruppe erlaubte spannende und zukunftsweisende Diskussionen, welche gute Grundlagen f\u00fcr den Beginn der Arbeiten in den Arbeitsgruppen boten.<\/span><\/p><p><span lang=\"DE-CH\" style=\"color: #000000;\">Ziel der Arbeitsgemeinschaft war die langfristige F\u00f6rderung und Vernetzung von engagierten Personen und Institutionen sowie die F\u00f6rderung des vielf\u00e4ltigen \u00abLernorts Garten\u00bb durch Aktivit\u00e4ten, Weiterbildungen und Unterrichtsentwicklungen. <br \/><\/span><\/p><p><span lang=\"DE-CH\" style=\"color: #000000;\">Das Resultat der Arbeitsgemeinschaft war die Gr\u00fcndung des Vereins Bildungs- und Schulg\u00e4rten Schweiz am 25. November 2023. <br \/><\/span><\/p>\t\t\t\t\t\t\t\t<\/div>\n\t\t\t\t<\/div>\n\t\t\t\t\t<\/div>\n\t\t<\/div>\n\t\t\t\t\t<\/div>\n\t\t<\/section>\n\t\t\t\t<\/div>\n\t\t","protected":false},"excerpt":{"rendered":"<p>Arbeitsgruppen Die Arbeitsgruppen des Vereins Bildungs- und Schulg\u00e4rten Schweiz \u2013 Mitmachen erw\u00fcnscht!Nach der Gr\u00fcndung des Vereins Bildungs- und Schulg\u00e4rten werden diverse Arbeitsgruppen aus der urspr\u00fcnglichen Arbeitsgemeinschaft weitergef\u00fchrt. Sie alle sollen eine breit angelegte Weiterentwicklung von Bildungs- und Schulg\u00e4rten unterst\u00fctzen und m\u00f6glichst viele Akteure aus den verschiedenen Bereichen und Regionen miteinbeziehen. Die unten aufgef\u00fchrten Zielformulierungen der [&hellip;]<\/p>\n","protected":false},"author":16,"featured_media":0,"parent":756,"menu_order":19,"comment_status":"closed","ping_status":"closed","template":"","meta":{"ocean_post_layout":"","ocean_both_sidebars_style":"","ocean_both_sidebars_content_width":0,"ocean_both_sidebars_sidebars_width":0,"ocean_sidebar":"0","ocean_second_sidebar":"0","ocean_disable_margins":"enable","ocean_add_body_class":"","ocean_shortcode_before_top_bar":"","ocean_shortcode_after_top_bar":"","ocean_shortcode_before_header":"","ocean_shortcode_after_header":"","ocean_has_shortcode":"","ocean_shortcode_after_title":"","ocean_shortcode_before_footer_widgets":"","ocean_shortcode_after_footer_widgets":"","ocean_shortcode_before_footer_bottom":"","ocean_shortcode_after_footer_bottom":"","ocean_display_top_bar":"default","ocean_display_header":"default","ocean_header_style":"","ocean_center_header_left_menu":"0","ocean_custom_header_template":"0","ocean_custom_logo":0,"ocean_custom_retina_logo":0,"ocean_custom_logo_max_width":0,"ocean_custom_logo_tablet_max_width":0,"ocean_custom_logo_mobile_max_width":0,"ocean_custom_logo_max_height":0,"ocean_custom_logo_tablet_max_height":0,"ocean_custom_logo_mobile_max_height":0,"ocean_header_custom_menu":"0","ocean_menu_typo_font_family":"0","ocean_menu_typo_font_subset":"","ocean_menu_typo_font_size":0,"ocean_menu_typo_font_size_tablet":0,"ocean_menu_typo_font_size_mobile":0,"ocean_menu_typo_font_size_unit":"px","ocean_menu_typo_font_weight":"","ocean_menu_typo_font_weight_tablet":"","ocean_menu_typo_font_weight_mobile":"","ocean_menu_typo_transform":"","ocean_menu_typo_transform_tablet":"","ocean_menu_typo_transform_mobile":"","ocean_menu_typo_line_height":0,"ocean_menu_typo_line_height_tablet":0,"ocean_menu_typo_line_height_mobile":0,"ocean_menu_typo_line_height_unit":"","ocean_menu_typo_spacing":0,"ocean_menu_typo_spacing_tablet":0,"ocean_menu_typo_spacing_mobile":0,"ocean_menu_typo_spacing_unit":"","ocean_menu_link_color":"","ocean_menu_link_color_hover":"","ocean_menu_link_color_active":"","ocean_menu_link_background":"","ocean_menu_link_hover_background":"","ocean_menu_link_active_background":"","ocean_menu_social_links_bg":"","ocean_menu_social_hover_links_bg":"","ocean_menu_social_links_color":"","ocean_menu_social_hover_links_color":"","ocean_disable_title":"default","ocean_disable_heading":"default","ocean_post_title":"","ocean_post_subheading":"","ocean_post_title_style":"","ocean_post_title_background_color":"","ocean_post_title_background":0,"ocean_post_title_bg_image_position":"","ocean_post_title_bg_image_attachment":"","ocean_post_title_bg_image_repeat":"","ocean_post_title_bg_image_size":"","ocean_post_title_height":0,"ocean_post_title_bg_overlay":0.5,"ocean_post_title_bg_overlay_color":"","ocean_disable_breadcrumbs":"default","ocean_breadcrumbs_color":"","ocean_breadcrumbs_separator_color":"","ocean_breadcrumbs_links_color":"","ocean_breadcrumbs_links_hover_color":"","ocean_display_footer_widgets":"default","ocean_display_footer_bottom":"default","ocean_custom_footer_template":"0","omw_enable_modal_window":"enable","footnotes":""},"class_list":["post-5671","page","type-page","status-publish","hentry","entry"],"jetpack_sharing_enabled":true,"_links":{"self":[{"href":"https:\/\/schulgarten.ch\/it\/wp-json\/wp\/v2\/pages\/5671","targetHints":{"allow":["GET"]}}],"collection":[{"href":"https:\/\/schulgarten.ch\/it\/wp-json\/wp\/v2\/pages"}],"about":[{"href":"https:\/\/schulgarten.ch\/it\/wp-json\/wp\/v2\/types\/page"}],"author":[{"embeddable":true,"href":"https:\/\/schulgarten.ch\/it\/wp-json\/wp\/v2\/users\/16"}],"replies":[{"embeddable":true,"href":"https:\/\/schulgarten.ch\/it\/wp-json\/wp\/v2\/comments?post=5671"}],"version-history":[{"count":374,"href":"https:\/\/schulgarten.ch\/it\/wp-json\/wp\/v2\/pages\/5671\/revisions"}],"predecessor-version":[{"id":9608,"href":"https:\/\/schulgarten.ch\/it\/wp-json\/wp\/v2\/pages\/5671\/revisions\/9608"}],"up":[{"embeddable":true,"href":"https:\/\/schulgarten.ch\/it\/wp-json\/wp\/v2\/pages\/756"}],"wp:attachment":[{"href":"https:\/\/schulgarten.ch\/it\/wp-json\/wp\/v2\/media?parent=5671"}],"curies":[{"name":"wp","href":"https:\/\/api.w.org\/{rel}","templated":true}]}}