{"id":4621,"date":"2022-03-10T13:47:52","date_gmt":"2022-03-10T12:47:52","guid":{"rendered":"https:\/\/schulgarten.ch\/?page_id=4621"},"modified":"2022-11-10T14:24:07","modified_gmt":"2022-11-10T13:24:07","slug":"fruehling","status":"publish","type":"page","link":"https:\/\/schulgarten.ch\/it\/gartenwissen\/fruehling\/","title":{"rendered":"Fr\u00fchling"},"content":{"rendered":"\t\t<div data-elementor-type=\"wp-page\" data-elementor-id=\"4621\" class=\"elementor elementor-4621\" data-elementor-post-type=\"page\">\n\t\t\t\t\t\t<section class=\"elementor-section elementor-top-section elementor-element elementor-element-30c4b3d elementor-section-boxed elementor-section-height-default elementor-section-height-default\" data-id=\"30c4b3d\" data-element_type=\"section\">\n\t\t\t\t\t\t<div class=\"elementor-container elementor-column-gap-default\">\n\t\t\t\t\t<div class=\"elementor-column elementor-col-100 elementor-top-column elementor-element elementor-element-6dcf336\" data-id=\"6dcf336\" data-element_type=\"column\">\n\t\t\t<div class=\"elementor-widget-wrap elementor-element-populated\">\n\t\t\t\t\t\t<div class=\"elementor-element elementor-element-7c8c5bd elementor-widget elementor-widget-heading\" data-id=\"7c8c5bd\" data-element_type=\"widget\" data-widget_type=\"heading.default\">\n\t\t\t\t<div class=\"elementor-widget-container\">\n\t\t\t\t\t<h2 class=\"elementor-heading-title elementor-size-default\"><!--[if gte mso 9]&gt;--><b>Gartentipps f\u00fcr vor dem Fr\u00fchling<\/b><\/h2>\t\t\t\t<\/div>\n\t\t\t\t<\/div>\n\t\t\t\t\t<\/div>\n\t\t<\/div>\n\t\t\t\t\t<\/div>\n\t\t<\/section>\n\t\t\t\t<section class=\"elementor-section elementor-top-section elementor-element elementor-element-1d19b17 elementor-section-boxed elementor-section-height-default elementor-section-height-default\" data-id=\"1d19b17\" data-element_type=\"section\">\n\t\t\t\t\t\t<div class=\"elementor-container elementor-column-gap-default\">\n\t\t\t\t\t<div class=\"elementor-column elementor-col-100 elementor-top-column elementor-element elementor-element-e96f420\" data-id=\"e96f420\" data-element_type=\"column\">\n\t\t\t<div class=\"elementor-widget-wrap elementor-element-populated\">\n\t\t\t\t\t\t<div class=\"elementor-element elementor-element-0cf9bf2 elementor-widget elementor-widget-text-editor\" data-id=\"0cf9bf2\" data-element_type=\"widget\" data-widget_type=\"text-editor.default\">\n\t\t\t\t<div class=\"elementor-widget-container\">\n\t\t\t\t\t\t\t\t\t<p>Mit dem M\u00e4rz kommt das Leben zur\u00fcck in die G\u00e4rten.<\/p>\t\t\t\t\t\t\t\t<\/div>\n\t\t\t\t<\/div>\n\t\t\t\t\t<\/div>\n\t\t<\/div>\n\t\t\t\t\t<\/div>\n\t\t<\/section>\n\t\t\t\t<section class=\"elementor-section elementor-top-section elementor-element elementor-element-fee27d1 elementor-section-boxed elementor-section-height-default elementor-section-height-default\" data-id=\"fee27d1\" data-element_type=\"section\">\n\t\t\t\t\t\t<div class=\"elementor-container elementor-column-gap-default\">\n\t\t\t\t\t<div class=\"elementor-column elementor-col-100 elementor-top-column elementor-element elementor-element-5bfdf03\" data-id=\"5bfdf03\" data-element_type=\"column\">\n\t\t\t<div class=\"elementor-widget-wrap elementor-element-populated\">\n\t\t\t\t\t\t<div class=\"elementor-element elementor-element-e800fbc elementor-widget elementor-widget-heading\" data-id=\"e800fbc\" data-element_type=\"widget\" data-widget_type=\"heading.default\">\n\t\t\t\t<div class=\"elementor-widget-container\">\n\t\t\t\t\t<h2 class=\"elementor-heading-title elementor-size-small\"><b>Das kann zum Beispiel in der Natur beobachtet werden:<\/b><\/h2>\t\t\t\t<\/div>\n\t\t\t\t<\/div>\n\t\t\t\t\t<\/div>\n\t\t<\/div>\n\t\t\t\t\t<\/div>\n\t\t<\/section>\n\t\t\t\t<section class=\"elementor-section elementor-top-section elementor-element elementor-element-dc253e5 elementor-section-boxed elementor-section-height-default elementor-section-height-default\" data-id=\"dc253e5\" data-element_type=\"section\">\n\t\t\t\t\t\t<div class=\"elementor-container elementor-column-gap-default\">\n\t\t\t\t\t<div class=\"elementor-column elementor-col-100 elementor-top-column elementor-element elementor-element-4faabf5\" data-id=\"4faabf5\" data-element_type=\"column\">\n\t\t\t<div class=\"elementor-widget-wrap elementor-element-populated\">\n\t\t\t\t\t\t<div class=\"elementor-element elementor-element-a83610b elementor-widget elementor-widget-text-editor\" data-id=\"a83610b\" data-element_type=\"widget\" data-widget_type=\"text-editor.default\">\n\t\t\t\t<div class=\"elementor-widget-container\">\n\t\t\t\t\t\t\t\t\t<ul><li>Das Gras auf der Wiese und das Beikraut im Gartenbeet wird wieder gr\u00fcner und beginnt zu wachsen. <\/li><li>Die Knospen der B\u00e4ume und Str\u00e4ucher werden dicker. Wenn man sie aufschneidet, kann man den Bl\u00fctenansatz und die Bl\u00e4tter entdecken.<\/li><li>Die Amphibien erwachen aus der Winterstarre, beginnen sich zu paaren und die ersten Laiche k\u00f6nnen in den Pf\u00fctzen und Teichen entdeckt und beobachtet werden.<\/li><li>Weiden haben bereits mit Bl\u00fchen begonnen. Die m\u00e4nnlichen und weiblichen Bl\u00fcten der Weide sehen beim genauen Hinschauen unterschiedlich aus. Wenn man jetzt unter eine bl\u00fchende Weide steht, kann man das Summen der Bienen h\u00f6ren. Die m\u00e4nnlichen K\u00e4tzchen sind meist silbrig \/ gelb und weiblichen scheinen gr\u00fcnlich. Sie befinden sich nie auf derselben Pflanze bzw. demselben Baum. Weiden sind getrenntgeschlechtlich und zweih\u00e4usig.<\/li><li>Viele Zwiebelpflanzen und Fr\u00fchbl\u00fcher bl\u00fchen bereits oder haben ihre Bl\u00e4tter aus dem Boden gestossen. Bei Schneegl\u00f6ckchen, Krokus, Bergenien, Primeli u.v.m. kann man die Bl\u00fcten entdecken und z.B. die Tulpen, Osterglocken und der B\u00e4rlauch machen sich mit ihren Bl\u00e4ttern bemerkbar.<\/li><\/ul>\t\t\t\t\t\t\t\t<\/div>\n\t\t\t\t<\/div>\n\t\t\t\t\t<\/div>\n\t\t<\/div>\n\t\t\t\t\t<\/div>\n\t\t<\/section>\n\t\t\t\t<section class=\"elementor-section elementor-top-section elementor-element elementor-element-8422747 elementor-section-boxed elementor-section-height-default elementor-section-height-default\" data-id=\"8422747\" data-element_type=\"section\">\n\t\t\t\t\t\t<div class=\"elementor-container elementor-column-gap-default\">\n\t\t\t\t\t<div class=\"elementor-column elementor-col-100 elementor-top-column elementor-element elementor-element-04320ea\" data-id=\"04320ea\" data-element_type=\"column\">\n\t\t\t<div class=\"elementor-widget-wrap elementor-element-populated\">\n\t\t\t\t\t\t<div class=\"elementor-element elementor-element-49ec7b7 elementor-widget elementor-widget-heading\" data-id=\"49ec7b7\" data-element_type=\"widget\" data-widget_type=\"heading.default\">\n\t\t\t\t<div class=\"elementor-widget-container\">\n\t\t\t\t\t<h2 class=\"elementor-heading-title elementor-size-small\"><b>Das gibt es im Garten zu tun:<\/b><\/h2>\t\t\t\t<\/div>\n\t\t\t\t<\/div>\n\t\t\t\t\t<\/div>\n\t\t<\/div>\n\t\t\t\t\t<\/div>\n\t\t<\/section>\n\t\t\t\t<section class=\"elementor-section elementor-top-section elementor-element elementor-element-6063573 elementor-section-boxed elementor-section-height-default elementor-section-height-default\" data-id=\"6063573\" data-element_type=\"section\">\n\t\t\t\t\t\t<div class=\"elementor-container elementor-column-gap-default\">\n\t\t\t\t\t<div class=\"elementor-column elementor-col-100 elementor-top-column elementor-element elementor-element-b626984\" data-id=\"b626984\" data-element_type=\"column\">\n\t\t\t<div class=\"elementor-widget-wrap elementor-element-populated\">\n\t\t\t\t\t\t<div class=\"elementor-element elementor-element-abaaa11 elementor-widget elementor-widget-text-editor\" data-id=\"abaaa11\" data-element_type=\"widget\" data-widget_type=\"text-editor.default\">\n\t\t\t\t<div class=\"elementor-widget-container\">\n\t\t\t\t\t\t\t\t\t<ul><li>Jetzt ist ein sehr guter Zeitpunkt zum <b>J\u00e4ten<\/b>. Die Wurzeln der Pflanzen sind noch geschw\u00e4cht durch den Winter und lassen sich so einfacher ausreissen.<b><br \/><\/b><\/li><li><b>Mulch<\/b> und <b>Beete<\/b><b> abr\u00e4umen<\/b>: Beete m\u00fcssen erst direkt vor der Pflanzvorbereitung abger\u00e4umt werden. Fast verrottetes Pflanzenmaterial kann mit dem Kr\u00e4uel in den Boden eingearbeitet werden. Es ist nicht n\u00f6tig, die Beete zu \u00abputzen\u00bb. Alles Pflanzenmaterial, welches auf dem Beet liegt, dient als Mulch und kann bis zum Schluss liegenbleiben und sich noch zu guter Erde abbauen. Ungenutzte Beetfl\u00e4che soll grunds\u00e4tzlich immer mit Pflanzenmaterial (Mulch) gedeckt sein.<b><br \/><\/b><\/li><li><b>Beetvorbereitung<\/b>: Wenn immer m\u00f6glich, die Beete erst kurz vor dem Pflanzen und S\u00e4en vorbereiten. Falls Beete vorbereitet aber nicht bepflanzt werden, kann <b>Gr\u00fcnd\u00fcngung <\/b>wie Phazelie oder Spinat ges\u00e4t werden. <br \/>So wird&#8217;s gemacht: Den Boden mit der Grabgabel lockern (nicht umstechen\/drehen usw.), mit dem Kr\u00e4uel hacken und ausebenen. Eine Durchmischung der Bodenschichten vermeiden. Je nach dem, was im Beet wachsen soll 3 -10cm Kompost in den Boden einarbeiten. Z.B. Salat und Blumen 3cm und Kartoffeln 10cm, je nach N\u00e4hrstoffbedarf der Pflanzen.<\/li><\/ul>\t\t\t\t\t\t\t\t<\/div>\n\t\t\t\t<\/div>\n\t\t\t\t\t<\/div>\n\t\t<\/div>\n\t\t\t\t\t<\/div>\n\t\t<\/section>\n\t\t\t\t<section class=\"elementor-section elementor-top-section elementor-element elementor-element-3ca53c8 elementor-section-boxed elementor-section-height-default elementor-section-height-default\" data-id=\"3ca53c8\" data-element_type=\"section\">\n\t\t\t\t\t\t<div class=\"elementor-container elementor-column-gap-default\">\n\t\t\t\t\t<div class=\"elementor-column elementor-col-100 elementor-top-column elementor-element elementor-element-e6d0e5f\" data-id=\"e6d0e5f\" data-element_type=\"column\">\n\t\t\t<div class=\"elementor-widget-wrap elementor-element-populated\">\n\t\t\t\t\t\t<div class=\"elementor-element elementor-element-e921f30 elementor-widget elementor-widget-heading\" data-id=\"e921f30\" data-element_type=\"widget\" data-widget_type=\"heading.default\">\n\t\t\t\t<div class=\"elementor-widget-container\">\n\t\t\t\t\t<h2 class=\"elementor-heading-title elementor-size-small\">Aussaaten im M\u00e4rz<\/h2>\t\t\t\t<\/div>\n\t\t\t\t<\/div>\n\t\t\t\t\t<\/div>\n\t\t<\/div>\n\t\t\t\t\t<\/div>\n\t\t<\/section>\n\t\t\t\t<section class=\"elementor-section elementor-top-section elementor-element elementor-element-da58258 elementor-section-boxed elementor-section-height-default elementor-section-height-default\" data-id=\"da58258\" data-element_type=\"section\">\n\t\t\t\t\t\t<div class=\"elementor-container elementor-column-gap-default\">\n\t\t\t\t\t<div class=\"elementor-column elementor-col-100 elementor-top-column elementor-element elementor-element-b374e67\" data-id=\"b374e67\" data-element_type=\"column\">\n\t\t\t<div class=\"elementor-widget-wrap elementor-element-populated\">\n\t\t\t\t\t\t<div class=\"elementor-element elementor-element-94a4254 elementor-widget elementor-widget-text-editor\" data-id=\"94a4254\" data-element_type=\"widget\" data-widget_type=\"text-editor.default\">\n\t\t\t\t<div class=\"elementor-widget-container\">\n\t\t\t\t\t\t\t\t\t<ul><li>alle Aussaaten<b> mit einem Vlies decken<\/b> und regelm\u00e4ssig kontrollieren, ob gegossen werden muss. Das Vlies kann entfernt werden, wenn die zweiten Bl\u00e4tter nach den Keimbl\u00e4ttern gewachsen sind.<\/li><li>Es gibt von einigen Gem\u00fcsen fr\u00fche Sorten. Achte auf die Angaben der Sament\u00fcte! Es steht meist \u00abAussaat im Freiland ab\u2026\u00bb<\/li><li>Im M\u00e4rz kann folgendes im <b>Freiland ges\u00e4t<\/b> werden: Erbsen, Puffbohnen, Kefen, Kresse, Kerbel, Radisli, Rettich, Rucola, R\u00fcebli, N\u00fcsslisalat, Peterli, Schnittlauch, Spinat.<\/li><li>Im M\u00e4rz kann folgendes im <b>Fr\u00fchbeetkasten<\/b> ges\u00e4t werden: Lauch, Kohlrabi, Salate<\/li><li>Folgende Pflanzen k\u00f6nnen auf der <b>Fensterbank<\/b> vorgezogen\/ges\u00e4t werden: Basilikum, Sellerie, Peperoni, Auberginen, Chili, Tomaten, Sommerblumen<\/li><li>Es k\u00f6nnen auch Zwiebeln, Schalotten und Knoblauch gepflanzt werden. Sie k\u00f6nnen \u00fcbrigens gut zwischen die Erdbeeren gepflanzt werden \u2013 sie helfen sich gegenseitig gesund zu bleiben. Beim Knoblauch werden die Zehen einzeln in die Erde gesteckt.<\/li><li><b>Ableger von Erdbeeren<\/b> k\u00f6nnen jetzt verpflanzt werden. Erdbeerenpflanzen sollten jeweils nach 3 Jahren erneuert werden. Entweder mit Ableger der eigenen Pflanzen oder mit neuen Setzlingen. Daf\u00fcr sollte ein neuer Ort gew\u00e4hlt werden. Erst nach 4 Jahren Pause k\u00f6nnen am gleichen Ort wieder Erdbeeren gepflanzt werden.<\/li><li>F\u00fcr mehrj\u00e4hrige und <b>winterharte Kr\u00e4uter, Blumen und Geh\u00f6lze<\/b> ist der Fr\u00fchling ein idealer Pflanzzeitpunkt. Dabei ist es wichtig darauf zu achten, dass die Kr\u00e4uter in der Schweiz produziert wurden oder bereits an unsere Temperaturen angepasst (abgeh\u00e4rtet) sind. Kr\u00e4uter, welche im Treibhaus oder z.B. in Italien produziert wurden, k\u00f6nnen bei Sp\u00e4tfr\u00f6sten zur\u00fcckfrieren.<\/li><\/ul>\t\t\t\t\t\t\t\t<\/div>\n\t\t\t\t<\/div>\n\t\t\t\t\t<\/div>\n\t\t<\/div>\n\t\t\t\t\t<\/div>\n\t\t<\/section>\n\t\t\t\t<section class=\"elementor-section elementor-top-section elementor-element elementor-element-9daef0d elementor-section-boxed elementor-section-height-default elementor-section-height-default\" data-id=\"9daef0d\" data-element_type=\"section\">\n\t\t\t\t\t\t<div class=\"elementor-container elementor-column-gap-default\">\n\t\t\t\t\t<div class=\"elementor-column elementor-col-100 elementor-top-column elementor-element elementor-element-627bbf3\" data-id=\"627bbf3\" data-element_type=\"column\">\n\t\t\t<div class=\"elementor-widget-wrap elementor-element-populated\">\n\t\t\t\t\t\t<div class=\"elementor-element elementor-element-5d622bc elementor-widget elementor-widget-heading\" data-id=\"5d622bc\" data-element_type=\"widget\" data-widget_type=\"heading.default\">\n\t\t\t\t<div class=\"elementor-widget-container\">\n\t\t\t\t\t<h2 class=\"elementor-heading-title elementor-size-small\">Die Gartensaison planen<\/h2>\t\t\t\t<\/div>\n\t\t\t\t<\/div>\n\t\t\t\t\t<\/div>\n\t\t<\/div>\n\t\t\t\t\t<\/div>\n\t\t<\/section>\n\t\t\t\t<section class=\"elementor-section elementor-top-section elementor-element elementor-element-b2a927c elementor-section-boxed elementor-section-height-default elementor-section-height-default\" data-id=\"b2a927c\" data-element_type=\"section\">\n\t\t\t\t\t\t<div class=\"elementor-container elementor-column-gap-default\">\n\t\t\t\t\t<div class=\"elementor-column elementor-col-100 elementor-top-column elementor-element elementor-element-ba06198\" data-id=\"ba06198\" data-element_type=\"column\">\n\t\t\t<div class=\"elementor-widget-wrap elementor-element-populated\">\n\t\t\t\t\t\t<div class=\"elementor-element elementor-element-231607a elementor-widget elementor-widget-text-editor\" data-id=\"231607a\" data-element_type=\"widget\" data-widget_type=\"text-editor.default\">\n\t\t\t\t<div class=\"elementor-widget-container\">\n\t\t\t\t\t\t\t\t\t<p>Sp\u00e4testens jetzt sollten Sie mit der Planung der Gartensaison beginnen.\u00a0<\/p><p>Unter folgendem Link finden Sie alle n\u00f6tigen Informationen dazu.<\/p>\t\t\t\t\t\t\t\t<\/div>\n\t\t\t\t<\/div>\n\t\t\t\t\t<\/div>\n\t\t<\/div>\n\t\t\t\t\t<\/div>\n\t\t<\/section>\n\t\t\t\t<section class=\"elementor-section elementor-top-section elementor-element elementor-element-5284f1f elementor-section-boxed elementor-section-height-default elementor-section-height-default\" data-id=\"5284f1f\" data-element_type=\"section\">\n\t\t\t\t\t\t<div class=\"elementor-container elementor-column-gap-default\">\n\t\t\t\t\t<div class=\"elementor-column elementor-col-100 elementor-top-column elementor-element elementor-element-beab10b\" data-id=\"beab10b\" data-element_type=\"column\">\n\t\t\t<div class=\"elementor-widget-wrap elementor-element-populated\">\n\t\t\t\t\t\t<div class=\"elementor-element elementor-element-41a8cf5 elementor-widget elementor-widget-button\" data-id=\"41a8cf5\" data-element_type=\"widget\" data-widget_type=\"button.default\">\n\t\t\t\t<div class=\"elementor-widget-container\">\n\t\t\t\t\t\t\t\t\t<div class=\"elementor-button-wrapper\">\n\t\t\t\t\t<a class=\"elementor-button elementor-button-link elementor-size-sm\" href=\"https:\/\/schulgarten.ch\/gartenwissen\/schulgarten-planung\/\">\n\t\t\t\t\t\t<span class=\"elementor-button-content-wrapper\">\n\t\t\t\t\t\t\t\t\t<span class=\"elementor-button-text\">Link zur Gartenplanung<\/span>\n\t\t\t\t\t<\/span>\n\t\t\t\t\t<\/a>\n\t\t\t\t<\/div>\n\t\t\t\t\t\t\t\t<\/div>\n\t\t\t\t<\/div>\n\t\t\t\t\t<\/div>\n\t\t<\/div>\n\t\t\t\t\t<\/div>\n\t\t<\/section>\n\t\t\t\t<\/div>\n\t\t","protected":false},"excerpt":{"rendered":"<p>Gartentipps f\u00fcr vor dem Fr\u00fchling Mit dem M\u00e4rz kommt das Leben zur\u00fcck in die G\u00e4rten. Das kann zum Beispiel in der Natur beobachtet werden: Das Gras auf der Wiese und das Beikraut im Gartenbeet wird wieder gr\u00fcner und beginnt zu wachsen. Die Knospen der B\u00e4ume und Str\u00e4ucher werden dicker. Wenn man sie aufschneidet, kann man [&hellip;]<\/p>\n","protected":false},"author":16,"featured_media":0,"parent":3850,"menu_order":0,"comment_status":"closed","ping_status":"closed","template":"","meta":{"ocean_post_layout":"","ocean_both_sidebars_style":"","ocean_both_sidebars_content_width":0,"ocean_both_sidebars_sidebars_width":0,"ocean_sidebar":"","ocean_second_sidebar":"","ocean_disable_margins":"enable","ocean_add_body_class":"","ocean_shortcode_before_top_bar":"","ocean_shortcode_after_top_bar":"","ocean_shortcode_before_header":"","ocean_shortcode_after_header":"","ocean_has_shortcode":"","ocean_shortcode_after_title":"","ocean_shortcode_before_footer_widgets":"","ocean_shortcode_after_footer_widgets":"","ocean_shortcode_before_footer_bottom":"","ocean_shortcode_after_footer_bottom":"","ocean_display_top_bar":"default","ocean_display_header":"default","ocean_header_style":"","ocean_center_header_left_menu":"","ocean_custom_header_template":"","ocean_custom_logo":0,"ocean_custom_retina_logo":0,"ocean_custom_logo_max_width":0,"ocean_custom_logo_tablet_max_width":0,"ocean_custom_logo_mobile_max_width":0,"ocean_custom_logo_max_height":0,"ocean_custom_logo_tablet_max_height":0,"ocean_custom_logo_mobile_max_height":0,"ocean_header_custom_menu":"","ocean_menu_typo_font_family":"","ocean_menu_typo_font_subset":"","ocean_menu_typo_font_size":0,"ocean_menu_typo_font_size_tablet":0,"ocean_menu_typo_font_size_mobile":0,"ocean_menu_typo_font_size_unit":"px","ocean_menu_typo_font_weight":"","ocean_menu_typo_font_weight_tablet":"","ocean_menu_typo_font_weight_mobile":"","ocean_menu_typo_transform":"","ocean_menu_typo_transform_tablet":"","ocean_menu_typo_transform_mobile":"","ocean_menu_typo_line_height":0,"ocean_menu_typo_line_height_tablet":0,"ocean_menu_typo_line_height_mobile":0,"ocean_menu_typo_line_height_unit":"","ocean_menu_typo_spacing":0,"ocean_menu_typo_spacing_tablet":0,"ocean_menu_typo_spacing_mobile":0,"ocean_menu_typo_spacing_unit":"","ocean_menu_link_color":"","ocean_menu_link_color_hover":"","ocean_menu_link_color_active":"","ocean_menu_link_background":"","ocean_menu_link_hover_background":"","ocean_menu_link_active_background":"","ocean_menu_social_links_bg":"","ocean_menu_social_hover_links_bg":"","ocean_menu_social_links_color":"","ocean_menu_social_hover_links_color":"","ocean_disable_title":"default","ocean_disable_heading":"default","ocean_post_title":"","ocean_post_subheading":"","ocean_post_title_style":"","ocean_post_title_background_color":"","ocean_post_title_background":0,"ocean_post_title_bg_image_position":"","ocean_post_title_bg_image_attachment":"","ocean_post_title_bg_image_repeat":"","ocean_post_title_bg_image_size":"","ocean_post_title_height":0,"ocean_post_title_bg_overlay":0.5,"ocean_post_title_bg_overlay_color":"","ocean_disable_breadcrumbs":"default","ocean_breadcrumbs_color":"","ocean_breadcrumbs_separator_color":"","ocean_breadcrumbs_links_color":"","ocean_breadcrumbs_links_hover_color":"","ocean_display_footer_widgets":"default","ocean_display_footer_bottom":"default","ocean_custom_footer_template":"","omw_enable_modal_window":"enable","footnotes":""},"class_list":["post-4621","page","type-page","status-publish","hentry","entry"],"jetpack_sharing_enabled":true,"_links":{"self":[{"href":"https:\/\/schulgarten.ch\/it\/wp-json\/wp\/v2\/pages\/4621","targetHints":{"allow":["GET"]}}],"collection":[{"href":"https:\/\/schulgarten.ch\/it\/wp-json\/wp\/v2\/pages"}],"about":[{"href":"https:\/\/schulgarten.ch\/it\/wp-json\/wp\/v2\/types\/page"}],"author":[{"embeddable":true,"href":"https:\/\/schulgarten.ch\/it\/wp-json\/wp\/v2\/users\/16"}],"replies":[{"embeddable":true,"href":"https:\/\/schulgarten.ch\/it\/wp-json\/wp\/v2\/comments?post=4621"}],"version-history":[{"count":46,"href":"https:\/\/schulgarten.ch\/it\/wp-json\/wp\/v2\/pages\/4621\/revisions"}],"predecessor-version":[{"id":5506,"href":"https:\/\/schulgarten.ch\/it\/wp-json\/wp\/v2\/pages\/4621\/revisions\/5506"}],"up":[{"embeddable":true,"href":"https:\/\/schulgarten.ch\/it\/wp-json\/wp\/v2\/pages\/3850"}],"wp:attachment":[{"href":"https:\/\/schulgarten.ch\/it\/wp-json\/wp\/v2\/media?parent=4621"}],"curies":[{"name":"wp","href":"https:\/\/api.w.org\/{rel}","templated":true}]}}