{"id":4308,"date":"2022-02-01T16:14:17","date_gmt":"2022-02-01T15:14:17","guid":{"rendered":"https:\/\/schulgarten.ch\/?page_id=4308"},"modified":"2023-03-06T08:41:53","modified_gmt":"2023-03-06T07:41:53","slug":"gorilla","status":"publish","type":"page","link":"https:\/\/schulgarten.ch\/it\/angebote\/gorilla\/","title":{"rendered":"GORILLA"},"content":{"rendered":"\t\t<div data-elementor-type=\"wp-page\" data-elementor-id=\"4308\" class=\"elementor elementor-4308\" data-elementor-post-type=\"page\">\n\t\t\t\t\t\t<section class=\"elementor-section elementor-top-section elementor-element elementor-element-2945a05 elementor-section-boxed elementor-section-height-default elementor-section-height-default\" data-id=\"2945a05\" data-element_type=\"section\">\n\t\t\t\t\t\t<div class=\"elementor-container elementor-column-gap-default\">\n\t\t\t\t\t<div class=\"elementor-column elementor-col-100 elementor-top-column elementor-element elementor-element-c204f45\" data-id=\"c204f45\" data-element_type=\"column\">\n\t\t\t<div class=\"elementor-widget-wrap elementor-element-populated\">\n\t\t\t\t\t\t<div class=\"elementor-element elementor-element-8488a4a elementor-widget elementor-widget-heading\" data-id=\"8488a4a\" data-element_type=\"widget\" data-widget_type=\"heading.default\">\n\t\t\t\t<div class=\"elementor-widget-container\">\n\t\t\t\t\t<h2 class=\"elementor-heading-title elementor-size-default\">Angebot Gorilla Schulprogramm<\/h2>\t\t\t\t<\/div>\n\t\t\t\t<\/div>\n\t\t\t\t\t<\/div>\n\t\t<\/div>\n\t\t\t\t\t<\/div>\n\t\t<\/section>\n\t\t\t\t<section class=\"elementor-section elementor-top-section elementor-element elementor-element-0f3ad18 elementor-section-boxed elementor-section-height-default elementor-section-height-default\" data-id=\"0f3ad18\" data-element_type=\"section\">\n\t\t\t\t\t\t<div class=\"elementor-container elementor-column-gap-default\">\n\t\t\t\t\t<div class=\"elementor-column elementor-col-100 elementor-top-column elementor-element elementor-element-2da946c\" data-id=\"2da946c\" data-element_type=\"column\">\n\t\t\t<div class=\"elementor-widget-wrap elementor-element-populated\">\n\t\t\t\t\t\t<div class=\"elementor-element elementor-element-57506bd elementor-widget elementor-widget-image\" data-id=\"57506bd\" data-element_type=\"widget\" data-widget_type=\"image.default\">\n\t\t\t\t<div class=\"elementor-widget-container\">\n\t\t\t\t\t\t\t\t\t\t\t\t\t\t\t<img decoding=\"async\" width=\"300\" height=\"112\" src=\"https:\/\/i0.wp.com\/schulgarten.ch\/wp-content\/uploads\/2022\/02\/Logo-Gorilla.png?fit=300%2C112&amp;ssl=1\" class=\"attachment-medium size-medium wp-image-4244\" alt=\"\" srcset=\"https:\/\/i0.wp.com\/schulgarten.ch\/wp-content\/uploads\/2022\/02\/Logo-Gorilla.png?w=4750&amp;ssl=1 4750w, https:\/\/i0.wp.com\/schulgarten.ch\/wp-content\/uploads\/2022\/02\/Logo-Gorilla.png?resize=300%2C112&amp;ssl=1 300w, https:\/\/i0.wp.com\/schulgarten.ch\/wp-content\/uploads\/2022\/02\/Logo-Gorilla.png?resize=1024%2C383&amp;ssl=1 1024w, https:\/\/i0.wp.com\/schulgarten.ch\/wp-content\/uploads\/2022\/02\/Logo-Gorilla.png?resize=768%2C287&amp;ssl=1 768w, https:\/\/i0.wp.com\/schulgarten.ch\/wp-content\/uploads\/2022\/02\/Logo-Gorilla.png?resize=1536%2C574&amp;ssl=1 1536w, https:\/\/i0.wp.com\/schulgarten.ch\/wp-content\/uploads\/2022\/02\/Logo-Gorilla.png?resize=2048%2C765&amp;ssl=1 2048w, https:\/\/i0.wp.com\/schulgarten.ch\/wp-content\/uploads\/2022\/02\/Logo-Gorilla.png?resize=600%2C224&amp;ssl=1 600w, https:\/\/i0.wp.com\/schulgarten.ch\/wp-content\/uploads\/2022\/02\/Logo-Gorilla.png?w=2400&amp;ssl=1 2400w, https:\/\/i0.wp.com\/schulgarten.ch\/wp-content\/uploads\/2022\/02\/Logo-Gorilla.png?w=3600&amp;ssl=1 3600w\" sizes=\"(max-width: 300px) 100vw, 300px\" \/>\t\t\t\t\t\t\t\t\t\t\t\t\t\t\t<\/div>\n\t\t\t\t<\/div>\n\t\t\t\t\t<\/div>\n\t\t<\/div>\n\t\t\t\t\t<\/div>\n\t\t<\/section>\n\t\t\t\t<section class=\"elementor-section elementor-top-section elementor-element elementor-element-77be9c6 elementor-section-boxed elementor-section-height-default elementor-section-height-default\" data-id=\"77be9c6\" data-element_type=\"section\">\n\t\t\t\t\t\t<div class=\"elementor-container elementor-column-gap-default\">\n\t\t\t\t\t<div class=\"elementor-column elementor-col-100 elementor-top-column elementor-element elementor-element-c172ea8\" data-id=\"c172ea8\" data-element_type=\"column\">\n\t\t\t<div class=\"elementor-widget-wrap elementor-element-populated\">\n\t\t\t\t\t\t<div class=\"elementor-element elementor-element-995aad3 elementor-widget elementor-widget-text-editor\" data-id=\"995aad3\" data-element_type=\"widget\" data-widget_type=\"text-editor.default\">\n\t\t\t\t<div class=\"elementor-widget-container\">\n\t\t\t\t\t\t\t\t\t<p><span style=\"color: #000000;\">Das GORILLA Schulprogramm ist die Bildungsplattform zu den Themen Bewegung, Ern\u00e4hrung und Nachhaltigkeit. Das Hauptziel ist, dass Jugendliche Verantwortung f\u00fcr sich und die Umwelt \u00fcbernehmen.<\/span><br \/><span style=\"color: #000000;\"><b><br \/>Die Kernthemen dabei sind:<\/b><\/span><br \/><span style=\"color: #000000;\">GORILLA action \u2013 Freude vermitteln an Bewegung durch Freestylesport<\/span><br \/><span style=\"color: #000000;\">GORILLA food \u2013 Aufkl\u00e4rung und Motivation f\u00fcr eine ausgewogene und saisonale Ern\u00e4hrung<\/span><br \/><span style=\"color: #000000;\">GORILLA green \u2013 F\u00fcr einen nachhaltigen Lebensstil sensibilisieren und begeistern<\/span><\/p><p><span style=\"color: #000000;\">Im Schulprogramm finden sich dazu diverse f\u00e4cher\u00fcbergreifende Unterrichtseinheiten nach Lehrplan 21 Zyklus 3 sowie regelm\u00e4ssige Inspiration und Tipps f\u00fcr die gesamte Schule. Die Unterrichtseinheiten stehen f\u00fcr diverse Niveau- und Interessengruppen zur Verf\u00fcgung und legen Wert auf die F\u00f6rderung der \u00fcberfachlichen Kompetenzen.<\/span><\/p><p><span style=\"color: #000000;\">Die GORILLA Unterrichtseinheiten erm\u00f6glichen es den Lehrpersonen, mit dem bew\u00e4hrten Konzept von GORILLA direkt im Schulunterricht zu arbeiten und mit den innovativen und modernen Inhalten von GORILLA bei den Sch\u00fcler*innen zu punkten. Das Schulprogramm von GORILLA ist jugendnah und f\u00f6rdert die nachhaltige Entwicklung der Sch\u00fcler*innen, da es auf aktuellen Inhalten basiert, welche ein selbstgesteuertes Lernen im Schulunterricht erm\u00f6glichen und einen Transfer zur Freizeit herstellen.<\/span><\/p><p><span style=\"color: #000000;\">Vom Bau des eigenen Hochbeets \u00fcber die Konzipierung eines passenden Pflanzplans bis hin zur Bepflanzung lernen die Sch\u00fcler*innen in praktischen Unterrichtseinheiten und mithilfe von coolen Tutorials mehr \u00fcber das Thema Garten lernen.<\/span><\/p>\t\t\t\t\t\t\t\t<\/div>\n\t\t\t\t<\/div>\n\t\t\t\t\t<\/div>\n\t\t<\/div>\n\t\t\t\t\t<\/div>\n\t\t<\/section>\n\t\t\t\t<section class=\"elementor-section elementor-top-section elementor-element elementor-element-f5648ba elementor-section-boxed elementor-section-height-default elementor-section-height-default\" data-id=\"f5648ba\" data-element_type=\"section\">\n\t\t\t\t\t\t<div class=\"elementor-container elementor-column-gap-default\">\n\t\t\t\t\t<div class=\"elementor-column elementor-col-100 elementor-top-column elementor-element elementor-element-a62b8a8\" data-id=\"a62b8a8\" data-element_type=\"column\">\n\t\t\t<div class=\"elementor-widget-wrap elementor-element-populated\">\n\t\t\t\t\t\t<div class=\"elementor-element elementor-element-830f5b7 elementor-widget elementor-widget-button\" data-id=\"830f5b7\" data-element_type=\"widget\" data-widget_type=\"button.default\">\n\t\t\t\t<div class=\"elementor-widget-container\">\n\t\t\t\t\t\t\t\t\t<div class=\"elementor-button-wrapper\">\n\t\t\t\t\t<a class=\"elementor-button elementor-button-link elementor-size-sm\" href=\"http:\/\/www.gorilla-schulprogramm.ch\" target=\"_blank\">\n\t\t\t\t\t\t<span class=\"elementor-button-content-wrapper\">\n\t\t\t\t\t\t\t\t\t<span class=\"elementor-button-text\">gorilla-schulprogramm.ch<\/span>\n\t\t\t\t\t<\/span>\n\t\t\t\t\t<\/a>\n\t\t\t\t<\/div>\n\t\t\t\t\t\t\t\t<\/div>\n\t\t\t\t<\/div>\n\t\t\t\t\t<\/div>\n\t\t<\/div>\n\t\t\t\t\t<\/div>\n\t\t<\/section>\n\t\t\t\t<\/div>\n\t\t","protected":false},"excerpt":{"rendered":"<p>Angebot Gorilla Schulprogramm Das GORILLA Schulprogramm ist die Bildungsplattform zu den Themen Bewegung, Ern\u00e4hrung und Nachhaltigkeit. Das Hauptziel ist, dass Jugendliche Verantwortung f\u00fcr sich und die Umwelt \u00fcbernehmen.Die Kernthemen dabei sind:GORILLA action \u2013 Freude vermitteln an Bewegung durch FreestylesportGORILLA food \u2013 Aufkl\u00e4rung und Motivation f\u00fcr eine ausgewogene und saisonale Ern\u00e4hrungGORILLA green \u2013 F\u00fcr einen nachhaltigen [&hellip;]<\/p>\n","protected":false},"author":16,"featured_media":0,"parent":756,"menu_order":0,"comment_status":"closed","ping_status":"closed","template":"","meta":{"ocean_post_layout":"","ocean_both_sidebars_style":"","ocean_both_sidebars_content_width":0,"ocean_both_sidebars_sidebars_width":0,"ocean_sidebar":"","ocean_second_sidebar":"","ocean_disable_margins":"enable","ocean_add_body_class":"","ocean_shortcode_before_top_bar":"","ocean_shortcode_after_top_bar":"","ocean_shortcode_before_header":"","ocean_shortcode_after_header":"","ocean_has_shortcode":"","ocean_shortcode_after_title":"","ocean_shortcode_before_footer_widgets":"","ocean_shortcode_after_footer_widgets":"","ocean_shortcode_before_footer_bottom":"","ocean_shortcode_after_footer_bottom":"","ocean_display_top_bar":"default","ocean_display_header":"default","ocean_header_style":"","ocean_center_header_left_menu":"","ocean_custom_header_template":"","ocean_custom_logo":0,"ocean_custom_retina_logo":0,"ocean_custom_logo_max_width":0,"ocean_custom_logo_tablet_max_width":0,"ocean_custom_logo_mobile_max_width":0,"ocean_custom_logo_max_height":0,"ocean_custom_logo_tablet_max_height":0,"ocean_custom_logo_mobile_max_height":0,"ocean_header_custom_menu":"","ocean_menu_typo_font_family":"","ocean_menu_typo_font_subset":"","ocean_menu_typo_font_size":0,"ocean_menu_typo_font_size_tablet":0,"ocean_menu_typo_font_size_mobile":0,"ocean_menu_typo_font_size_unit":"px","ocean_menu_typo_font_weight":"","ocean_menu_typo_font_weight_tablet":"","ocean_menu_typo_font_weight_mobile":"","ocean_menu_typo_transform":"","ocean_menu_typo_transform_tablet":"","ocean_menu_typo_transform_mobile":"","ocean_menu_typo_line_height":0,"ocean_menu_typo_line_height_tablet":0,"ocean_menu_typo_line_height_mobile":0,"ocean_menu_typo_line_height_unit":"","ocean_menu_typo_spacing":0,"ocean_menu_typo_spacing_tablet":0,"ocean_menu_typo_spacing_mobile":0,"ocean_menu_typo_spacing_unit":"","ocean_menu_link_color":"","ocean_menu_link_color_hover":"","ocean_menu_link_color_active":"","ocean_menu_link_background":"","ocean_menu_link_hover_background":"","ocean_menu_link_active_background":"","ocean_menu_social_links_bg":"","ocean_menu_social_hover_links_bg":"","ocean_menu_social_links_color":"","ocean_menu_social_hover_links_color":"","ocean_disable_title":"default","ocean_disable_heading":"default","ocean_post_title":"","ocean_post_subheading":"","ocean_post_title_style":"","ocean_post_title_background_color":"","ocean_post_title_background":0,"ocean_post_title_bg_image_position":"","ocean_post_title_bg_image_attachment":"","ocean_post_title_bg_image_repeat":"","ocean_post_title_bg_image_size":"","ocean_post_title_height":0,"ocean_post_title_bg_overlay":0.5,"ocean_post_title_bg_overlay_color":"","ocean_disable_breadcrumbs":"default","ocean_breadcrumbs_color":"","ocean_breadcrumbs_separator_color":"","ocean_breadcrumbs_links_color":"","ocean_breadcrumbs_links_hover_color":"","ocean_display_footer_widgets":"default","ocean_display_footer_bottom":"default","ocean_custom_footer_template":"","omw_enable_modal_window":"enable","footnotes":""},"class_list":["post-4308","page","type-page","status-publish","hentry","entry"],"jetpack_sharing_enabled":true,"_links":{"self":[{"href":"https:\/\/schulgarten.ch\/it\/wp-json\/wp\/v2\/pages\/4308","targetHints":{"allow":["GET"]}}],"collection":[{"href":"https:\/\/schulgarten.ch\/it\/wp-json\/wp\/v2\/pages"}],"about":[{"href":"https:\/\/schulgarten.ch\/it\/wp-json\/wp\/v2\/types\/page"}],"author":[{"embeddable":true,"href":"https:\/\/schulgarten.ch\/it\/wp-json\/wp\/v2\/users\/16"}],"replies":[{"embeddable":true,"href":"https:\/\/schulgarten.ch\/it\/wp-json\/wp\/v2\/comments?post=4308"}],"version-history":[{"count":20,"href":"https:\/\/schulgarten.ch\/it\/wp-json\/wp\/v2\/pages\/4308\/revisions"}],"predecessor-version":[{"id":6169,"href":"https:\/\/schulgarten.ch\/it\/wp-json\/wp\/v2\/pages\/4308\/revisions\/6169"}],"up":[{"embeddable":true,"href":"https:\/\/schulgarten.ch\/it\/wp-json\/wp\/v2\/pages\/756"}],"wp:attachment":[{"href":"https:\/\/schulgarten.ch\/it\/wp-json\/wp\/v2\/media?parent=4308"}],"curies":[{"name":"wp","href":"https:\/\/api.w.org\/{rel}","templated":true}]}}