{"id":3717,"date":"2021-11-03T14:47:31","date_gmt":"2021-11-03T13:47:31","guid":{"rendered":"https:\/\/schulgarten.ch\/?page_id=3717"},"modified":"2025-02-13T16:45:51","modified_gmt":"2025-02-13T15:45:51","slug":"weiterbildungsangebote","status":"publish","type":"page","link":"https:\/\/schulgarten.ch\/it\/angebote\/weiterbildungsangebote\/","title":{"rendered":"Weiterbildungsangebote"},"content":{"rendered":"\t\t<div data-elementor-type=\"wp-page\" data-elementor-id=\"3717\" class=\"elementor elementor-3717\" data-elementor-post-type=\"page\">\n\t\t\t\t\t\t<section class=\"elementor-section elementor-top-section elementor-element elementor-element-a8eda07 elementor-section-boxed elementor-section-height-default elementor-section-height-default\" data-id=\"a8eda07\" data-element_type=\"section\">\n\t\t\t\t\t\t<div class=\"elementor-container elementor-column-gap-default\">\n\t\t\t\t\t<div class=\"elementor-column elementor-col-100 elementor-top-column elementor-element elementor-element-5cdd255\" data-id=\"5cdd255\" data-element_type=\"column\">\n\t\t\t<div class=\"elementor-widget-wrap elementor-element-populated\">\n\t\t\t\t\t\t<div class=\"elementor-element elementor-element-ec47c66 elementor-widget elementor-widget-text-editor\" data-id=\"ec47c66\" data-element_type=\"widget\" data-widget_type=\"text-editor.default\">\n\t\t\t\t<div class=\"elementor-widget-container\">\n\t\t\t\t\t\t\t\t\t<h2><span style=\"color: #7b8f51;\">Weiterbildungsangebote im Bereich Schulgarten \/ BNE<\/span><\/h2><p><span style=\"color: #000000;\">Die Liste hat keinen Anspruch auf Vollst\u00e4ndigkeit und wird laufend erg\u00e4nzt.<br \/><strong>K<\/strong><b>licken Sie <\/b>auf einen Titel (z.B. Kanton), um die Angebote zu sortieren.<br \/><strong>Schieben Sie\u00a0<\/strong>den Regler unterhalb der Tabelle, um alle Spalten zu sehen (Veranstaltungsort, Kosten, Kontakt Anmeldung).<\/span><\/p><p><div id=\"footable_parent_7990\"\n         class=\"ninja-footable-loader footable_parent ninja_table_wrapper loading_ninja_table wp_table_data_press_parent bootstrap4 \">\n                <table data-ninja_table_instance=\"ninja_table_instance_0\" data-footable_id=\"7990\" data-filter-delay=\"1000\" aria-label=\"Weiterbildungsangebote 2025\"            id=\"footable_7990\"\n           data-unique_identifier=\"ninja_table_unique_id_1223092271_7990\"\n           class=\" foo-table ninja_footable foo_table_7990 ninja_table_unique_id_1223092271_7990 table  ninja_search_left nt_type_ajax_table table-striped table-bordered table-hover vertical_centered  footable-paging-left ninja_table_pro\">\n                <colgroup>\n                            <col class=\"ninja_column_0 \">\n                            <col class=\"ninja_column_1 \">\n                            <col class=\"ninja_column_2 \">\n                            <col class=\"ninja_column_3 \">\n                            <col class=\"ninja_column_4 \">\n                            <col class=\"ninja_column_5 \">\n                            <col class=\"ninja_column_6 \">\n                            <col class=\"ninja_column_7 \">\n                            <col class=\"ninja_column_8 \">\n                            <col class=\"ninja_column_9 \">\n                            <col class=\"ninja_column_10 \">\n                    <\/colgroup>\n            <\/table>\n    \n    \n    \n<\/div>\n<\/p>\t\t\t\t\t\t\t\t<\/div>\n\t\t\t\t<\/div>\n\t\t\t\t\t<\/div>\n\t\t<\/div>\n\t\t\t\t\t<\/div>\n\t\t<\/section>\n\t\t\t\t<section class=\"elementor-section elementor-top-section elementor-element elementor-element-b7947a7 elementor-section-boxed elementor-section-height-default elementor-section-height-default\" data-id=\"b7947a7\" data-element_type=\"section\">\n\t\t\t\t\t\t<div class=\"elementor-container elementor-column-gap-default\">\n\t\t\t\t\t<div class=\"elementor-column elementor-col-100 elementor-top-column elementor-element elementor-element-86b6769\" data-id=\"86b6769\" data-element_type=\"column\">\n\t\t\t<div class=\"elementor-widget-wrap elementor-element-populated\">\n\t\t\t\t\t\t<div class=\"elementor-element elementor-element-f047ce7 elementor-widget elementor-widget-text-editor\" data-id=\"f047ce7\" data-element_type=\"widget\" data-widget_type=\"text-editor.default\">\n\t\t\t\t<div class=\"elementor-widget-container\">\n\t\t\t\t\t\t\t\t\t<p><span style=\"color: #000000;\">Weitere erg\u00e4nzende Weiterbildungsm\u00f6glichkeiten und Ideen zum Gestalten von Bildungs- und Schulhausg\u00e4rten sowie zur F\u00f6rderung der Biodiversit\u00e4t (z.B. Bienenhaus, Teich, Hecke, Weidenh\u00e4user usw) finden Sie unter den Weiterbildungsangeboten von P\u00e4dagogischen Hochschulen, \u00fcber die ZHAW Z\u00fcrcher Hochschule f\u00fcr angewandte Wissenschaften oder \u00fcber diverse NGO&#8217;s wie zum Beispiel Pro Natura, Bioterra, oder \u00fcber regionale\/lokale \u00f6ffentliche oder private Anbieter.<\/span><\/p>\t\t\t\t\t\t\t\t<\/div>\n\t\t\t\t<\/div>\n\t\t\t\t\t<\/div>\n\t\t<\/div>\n\t\t\t\t\t<\/div>\n\t\t<\/section>\n\t\t\t\t<\/div>\n\t\t","protected":false},"excerpt":{"rendered":"<p>Weiterbildungsangebote im Bereich Schulgarten \/ BNE Die Liste hat keinen Anspruch auf Vollst\u00e4ndigkeit und wird laufend erg\u00e4nzt.Klicken Sie auf einen Titel (z.B. Kanton), um die Angebote zu sortieren.Schieben Sie\u00a0den Regler unterhalb der Tabelle, um alle Spalten zu sehen (Veranstaltungsort, Kosten, Kontakt Anmeldung). Weitere erg\u00e4nzende Weiterbildungsm\u00f6glichkeiten und Ideen zum Gestalten von Bildungs- und Schulhausg\u00e4rten sowie zur [&hellip;]<\/p>\n","protected":false},"author":4,"featured_media":0,"parent":756,"menu_order":19,"comment_status":"closed","ping_status":"closed","template":"","meta":{"ocean_post_layout":"","ocean_both_sidebars_style":"","ocean_both_sidebars_content_width":0,"ocean_both_sidebars_sidebars_width":0,"ocean_sidebar":"0","ocean_second_sidebar":"0","ocean_disable_margins":"enable","ocean_add_body_class":"","ocean_shortcode_before_top_bar":"","ocean_shortcode_after_top_bar":"","ocean_shortcode_before_header":"","ocean_shortcode_after_header":"","ocean_has_shortcode":"","ocean_shortcode_after_title":"","ocean_shortcode_before_footer_widgets":"","ocean_shortcode_after_footer_widgets":"","ocean_shortcode_before_footer_bottom":"","ocean_shortcode_after_footer_bottom":"","ocean_display_top_bar":"default","ocean_display_header":"default","ocean_header_style":"","ocean_center_header_left_menu":"0","ocean_custom_header_template":"0","ocean_custom_logo":0,"ocean_custom_retina_logo":0,"ocean_custom_logo_max_width":0,"ocean_custom_logo_tablet_max_width":0,"ocean_custom_logo_mobile_max_width":0,"ocean_custom_logo_max_height":0,"ocean_custom_logo_tablet_max_height":0,"ocean_custom_logo_mobile_max_height":0,"ocean_header_custom_menu":"0","ocean_menu_typo_font_family":"0","ocean_menu_typo_font_subset":"","ocean_menu_typo_font_size":0,"ocean_menu_typo_font_size_tablet":0,"ocean_menu_typo_font_size_mobile":0,"ocean_menu_typo_font_size_unit":"px","ocean_menu_typo_font_weight":"","ocean_menu_typo_font_weight_tablet":"","ocean_menu_typo_font_weight_mobile":"","ocean_menu_typo_transform":"","ocean_menu_typo_transform_tablet":"","ocean_menu_typo_transform_mobile":"","ocean_menu_typo_line_height":0,"ocean_menu_typo_line_height_tablet":0,"ocean_menu_typo_line_height_mobile":0,"ocean_menu_typo_line_height_unit":"","ocean_menu_typo_spacing":0,"ocean_menu_typo_spacing_tablet":0,"ocean_menu_typo_spacing_mobile":0,"ocean_menu_typo_spacing_unit":"","ocean_menu_link_color":"","ocean_menu_link_color_hover":"","ocean_menu_link_color_active":"","ocean_menu_link_background":"","ocean_menu_link_hover_background":"","ocean_menu_link_active_background":"","ocean_menu_social_links_bg":"","ocean_menu_social_hover_links_bg":"","ocean_menu_social_links_color":"","ocean_menu_social_hover_links_color":"","ocean_disable_title":"default","ocean_disable_heading":"default","ocean_post_title":"","ocean_post_subheading":"","ocean_post_title_style":"","ocean_post_title_background_color":"","ocean_post_title_background":0,"ocean_post_title_bg_image_position":"","ocean_post_title_bg_image_attachment":"","ocean_post_title_bg_image_repeat":"","ocean_post_title_bg_image_size":"","ocean_post_title_height":0,"ocean_post_title_bg_overlay":0.5,"ocean_post_title_bg_overlay_color":"","ocean_disable_breadcrumbs":"default","ocean_breadcrumbs_color":"","ocean_breadcrumbs_separator_color":"","ocean_breadcrumbs_links_color":"","ocean_breadcrumbs_links_hover_color":"","ocean_display_footer_widgets":"default","ocean_display_footer_bottom":"default","ocean_custom_footer_template":"0","omw_enable_modal_window":"enable","footnotes":""},"class_list":["post-3717","page","type-page","status-publish","hentry","entry"],"jetpack_sharing_enabled":true,"_links":{"self":[{"href":"https:\/\/schulgarten.ch\/it\/wp-json\/wp\/v2\/pages\/3717","targetHints":{"allow":["GET"]}}],"collection":[{"href":"https:\/\/schulgarten.ch\/it\/wp-json\/wp\/v2\/pages"}],"about":[{"href":"https:\/\/schulgarten.ch\/it\/wp-json\/wp\/v2\/types\/page"}],"author":[{"embeddable":true,"href":"https:\/\/schulgarten.ch\/it\/wp-json\/wp\/v2\/users\/4"}],"replies":[{"embeddable":true,"href":"https:\/\/schulgarten.ch\/it\/wp-json\/wp\/v2\/comments?post=3717"}],"version-history":[{"count":37,"href":"https:\/\/schulgarten.ch\/it\/wp-json\/wp\/v2\/pages\/3717\/revisions"}],"predecessor-version":[{"id":8239,"href":"https:\/\/schulgarten.ch\/it\/wp-json\/wp\/v2\/pages\/3717\/revisions\/8239"}],"up":[{"embeddable":true,"href":"https:\/\/schulgarten.ch\/it\/wp-json\/wp\/v2\/pages\/756"}],"wp:attachment":[{"href":"https:\/\/schulgarten.ch\/it\/wp-json\/wp\/v2\/media?parent=3717"}],"curies":[{"name":"wp","href":"https:\/\/api.w.org\/{rel}","templated":true}]}}