{"id":2893,"date":"2021-10-22T15:47:24","date_gmt":"2021-10-22T13:47:24","guid":{"rendered":"https:\/\/schulgarten.ch\/?page_id=2893"},"modified":"2024-07-18T11:31:54","modified_gmt":"2024-07-18T09:31:54","slug":"salatteller","status":"publish","type":"page","link":"https:\/\/schulgarten.ch\/it\/angebote\/salatteller\/","title":{"rendered":"Salatteller"},"content":{"rendered":"\t\t<div data-elementor-type=\"wp-post\" data-elementor-id=\"2893\" class=\"elementor elementor-2893\" data-elementor-post-type=\"page\">\n\t\t\t\t\t\t<section class=\"elementor-section elementor-top-section elementor-element elementor-element-dc8a499 elementor-section-boxed elementor-section-height-default elementor-section-height-default\" data-id=\"dc8a499\" data-element_type=\"section\">\n\t\t\t\t\t\t<div class=\"elementor-container elementor-column-gap-default\">\n\t\t\t\t\t<div class=\"elementor-column elementor-col-100 elementor-top-column elementor-element elementor-element-c6f3e3c\" data-id=\"c6f3e3c\" data-element_type=\"column\">\n\t\t\t<div class=\"elementor-widget-wrap elementor-element-populated\">\n\t\t\t\t\t\t<div class=\"elementor-element elementor-element-0cef930 elementor-widget elementor-widget-heading\" data-id=\"0cef930\" data-element_type=\"widget\" data-widget_type=\"heading.default\">\n\t\t\t\t<div class=\"elementor-widget-container\">\n\t\t\t\t\t<h2 class=\"elementor-heading-title elementor-size-default\">Angebot Salatteller<\/h2>\t\t\t\t<\/div>\n\t\t\t\t<\/div>\n\t\t\t\t\t<\/div>\n\t\t<\/div>\n\t\t\t\t\t<\/div>\n\t\t<\/section>\n\t\t\t\t<section class=\"elementor-section elementor-top-section elementor-element elementor-element-36f7a9e elementor-section-boxed elementor-section-height-default elementor-section-height-default\" data-id=\"36f7a9e\" data-element_type=\"section\">\n\t\t\t\t\t\t<div class=\"elementor-container elementor-column-gap-default\">\n\t\t\t\t\t<div class=\"elementor-column elementor-col-100 elementor-top-column elementor-element elementor-element-00816af\" data-id=\"00816af\" data-element_type=\"column\">\n\t\t\t<div class=\"elementor-widget-wrap elementor-element-populated\">\n\t\t\t\t\t\t<div class=\"elementor-element elementor-element-d84c121 elementor-widget elementor-widget-text-editor\" data-id=\"d84c121\" data-element_type=\"widget\" data-widget_type=\"text-editor.default\">\n\t\t\t\t<div class=\"elementor-widget-container\">\n\t\t\t\t\t\t\t\t\t<p><span style=\"color: #000000;\">Das Angebot Salatteller l\u00e4sst sich im Topf, in einer Pflanzkiste, im Hoch- oder Gartenbeet realisieren und ist in 6 bis 8 Gartensequenzen umsetzbar. Bei Pflanzung im M\u00e4rz bis Anfangs April kann noch vor den Sommerferien geerntet werden.<\/span><\/p><p><span style=\"color: #000000;\">Die Sch\u00fclerinnen und Sch\u00fcler bauen verschieden Salate, Blattgem\u00fcse und Weitere wie z.B. Radieschen an. W\u00e4hrend des Anbaus, der Ernte und dem Konsumieren erleben sie den Umgang mit Nahrungsmitteln.<\/span><\/p><p><span style=\"color: #000000;\"><strong>Unterrichtsmaterial<\/strong><\/span><br \/><span style=\"color: #000000;\">Diverses Unterrichtsmaterial und eine BNE-Unterrichtseinheit f\u00fcr Zyklus 1-3 stehen zur Verf\u00fcgung. Darin gehen die Sch\u00fclerInnen der Leitfrage \u00abUnser Garten: Ein Lebensraum f\u00fcr alle?\u00bb nach und ergr\u00fcnden verschiedene Dimensionen und Perspektiven rund um den Schulgarten. Es werden vernetztes Wissen, fachspezifische und \u00fcberfachliche Kompetenzen aufgebaut und eine Urteilsbildung gef\u00f6rdert.<\/span><\/p><p><span style=\"color: #000000;\"><strong>Anleitungen<\/strong><\/span><br \/><span style=\"color: #000000;\">Schritt- f\u00fcr Schritt-Anleitungen \u00fcbers ganze Gartenjahr, Hinweise zur Verbindung mit dem Unterricht, g\u00e4rtnerische Tipps und Tricks und Videos zu den Arbeiten im Garten unterst\u00fctzen Sie und erm\u00f6glichen einen einfachen Einstieg in die Arbeit im Schulgarten mit ihrer Klasse.<\/span><\/p>\t\t\t\t\t\t\t\t<\/div>\n\t\t\t\t<\/div>\n\t\t\t\t\t<\/div>\n\t\t<\/div>\n\t\t\t\t\t<\/div>\n\t\t<\/section>\n\t\t\t\t<section class=\"elementor-section elementor-top-section elementor-element elementor-element-54114785 elementor-section-boxed elementor-section-height-default elementor-section-height-default\" data-id=\"54114785\" data-element_type=\"section\">\n\t\t\t\t\t\t<div class=\"elementor-container elementor-column-gap-default\">\n\t\t\t\t\t<div class=\"elementor-column elementor-col-100 elementor-top-column elementor-element elementor-element-5c33b536\" data-id=\"5c33b536\" data-element_type=\"column\">\n\t\t\t<div class=\"elementor-widget-wrap elementor-element-populated\">\n\t\t\t\t\t\t<div class=\"elementor-element elementor-element-30b9e5ca elementor-widget elementor-widget-text-editor\" data-id=\"30b9e5ca\" data-element_type=\"widget\" data-widget_type=\"text-editor.default\">\n\t\t\t\t<div class=\"elementor-widget-container\">\n\t\t\t\t\t\t\t\t\t<h2><strong>Umsetzung &amp; Materialien<\/strong><\/h2><p><span style=\"color: #000000;\">Weitere Materialien wie Videosequenzen zur g\u00e4rtnerischen Umsetzung, Schritt-f\u00fcr-Schritt-Pflanzanleitung durch die Gartensaison, Karten zu diversen Themen wie Bodenlebewesen, Gartenlebewesen und Pflanzen und Literaturhinweise stehen auf dem Padlet \u00fcber folgenden Link zur Verf\u00fcgung:<\/span><\/p>\t\t\t\t\t\t\t\t<\/div>\n\t\t\t\t<\/div>\n\t\t\t\t<div class=\"elementor-element elementor-element-0dfc49e elementor-button-info elementor-widget elementor-widget-button\" data-id=\"0dfc49e\" data-element_type=\"widget\" data-widget_type=\"button.default\">\n\t\t\t\t<div class=\"elementor-widget-container\">\n\t\t\t\t\t\t\t\t\t<div class=\"elementor-button-wrapper\">\n\t\t\t\t\t<a class=\"elementor-button elementor-button-link elementor-size-sm\" href=\"https:\/\/padlet.com\/bildungs_und_schulgarten\/gem-seangebot-x08i6eyazi27ornz\" target=\"_blank\">\n\t\t\t\t\t\t<span class=\"elementor-button-content-wrapper\">\n\t\t\t\t\t\t\t\t\t<span class=\"elementor-button-text\">Padlet Gem\u00fcseangebot<\/span>\n\t\t\t\t\t<\/span>\n\t\t\t\t\t<\/a>\n\t\t\t\t<\/div>\n\t\t\t\t\t\t\t\t<\/div>\n\t\t\t\t<\/div>\n\t\t\t\t\t<\/div>\n\t\t<\/div>\n\t\t\t\t\t<\/div>\n\t\t<\/section>\n\t\t\t\t<section class=\"elementor-section elementor-top-section elementor-element elementor-element-6da3a29 elementor-section-boxed elementor-section-height-default elementor-section-height-default\" data-id=\"6da3a29\" data-element_type=\"section\">\n\t\t\t\t\t\t<div class=\"elementor-container elementor-column-gap-default\">\n\t\t\t\t\t<div class=\"elementor-column elementor-col-100 elementor-top-column elementor-element elementor-element-12d4c26\" data-id=\"12d4c26\" data-element_type=\"column\">\n\t\t\t<div class=\"elementor-widget-wrap\">\n\t\t\t\t\t\t\t<\/div>\n\t\t<\/div>\n\t\t\t\t\t<\/div>\n\t\t<\/section>\n\t\t\t\t<section class=\"elementor-section elementor-top-section elementor-element elementor-element-f955d87 elementor-section-boxed elementor-section-height-default elementor-section-height-default\" data-id=\"f955d87\" data-element_type=\"section\">\n\t\t\t\t\t\t<div class=\"elementor-container elementor-column-gap-default\">\n\t\t\t\t\t<div class=\"elementor-column elementor-col-100 elementor-top-column elementor-element elementor-element-eddd405\" data-id=\"eddd405\" data-element_type=\"column\">\n\t\t\t<div class=\"elementor-widget-wrap elementor-element-populated\">\n\t\t\t\t\t\t<div class=\"elementor-element elementor-element-b5a153b elementor-widget elementor-widget-heading\" data-id=\"b5a153b\" data-element_type=\"widget\" data-widget_type=\"heading.default\">\n\t\t\t\t<div class=\"elementor-widget-container\">\n\t\t\t\t\t<h2 class=\"elementor-heading-title elementor-size-default\">Saatgut<\/h2>\t\t\t\t<\/div>\n\t\t\t\t<\/div>\n\t\t\t\t\t<\/div>\n\t\t<\/div>\n\t\t\t\t\t<\/div>\n\t\t<\/section>\n\t\t\t\t<section class=\"elementor-section elementor-top-section elementor-element elementor-element-2ffeb72 elementor-section-boxed elementor-section-height-default elementor-section-height-default\" data-id=\"2ffeb72\" data-element_type=\"section\">\n\t\t\t\t\t\t<div class=\"elementor-container elementor-column-gap-default\">\n\t\t\t\t\t<div class=\"elementor-column elementor-col-100 elementor-top-column elementor-element elementor-element-c31824a\" data-id=\"c31824a\" data-element_type=\"column\">\n\t\t\t<div class=\"elementor-widget-wrap elementor-element-populated\">\n\t\t\t\t\t\t<div class=\"elementor-element elementor-element-6b777d2 elementor-widget elementor-widget-text-editor\" data-id=\"6b777d2\" data-element_type=\"widget\" data-widget_type=\"text-editor.default\">\n\t\t\t\t<div class=\"elementor-widget-container\">\n\t\t\t\t\t\t\t\t\t<p><span style=\"color: #000000;\">Ideal ist eine aufeinander abgestimmte Mischkultur: Spinat, Zuckererbsen, Radiesli, Fr\u00fchkarotten, Ringelblumen, Kornblumen, Schnittsalat und Gr\u00fcnd\u00fcngung.<\/span><\/p><p><span style=\"color: #000000;\">Das Saatgut f\u00fcr das Salatteller-Projekt erhalten Sie in Ihrer lokalen G\u00e4rtnerei. <a style=\"color: #000000;\" href=\"https:\/\/ihr-g\u00e4rtner.ch\/de\/willkommen\/\">Hier<\/a> finden Sie einen Betrieb in Ihrer N\u00e4he.<\/span><\/p>\t\t\t\t\t\t\t\t<\/div>\n\t\t\t\t<\/div>\n\t\t\t\t\t<\/div>\n\t\t<\/div>\n\t\t\t\t\t<\/div>\n\t\t<\/section>\n\t\t\t\t<section class=\"elementor-section elementor-top-section elementor-element elementor-element-9e9c4ef elementor-section-boxed elementor-section-height-default elementor-section-height-default\" data-id=\"9e9c4ef\" data-element_type=\"section\">\n\t\t\t\t\t\t<div class=\"elementor-container elementor-column-gap-default\">\n\t\t\t\t\t<div class=\"elementor-column elementor-col-100 elementor-top-column elementor-element elementor-element-d382f96\" data-id=\"d382f96\" data-element_type=\"column\">\n\t\t\t<div class=\"elementor-widget-wrap\">\n\t\t\t\t\t\t\t<\/div>\n\t\t<\/div>\n\t\t\t\t\t<\/div>\n\t\t<\/section>\n\t\t\t\t<section class=\"elementor-section elementor-top-section elementor-element elementor-element-21e4677 elementor-section-content-top elementor-section-boxed elementor-section-height-default elementor-section-height-default\" data-id=\"21e4677\" data-element_type=\"section\">\n\t\t\t\t\t\t<div class=\"elementor-container elementor-column-gap-default\">\n\t\t\t\t\t<div class=\"elementor-column elementor-col-100 elementor-top-column elementor-element elementor-element-111e885\" data-id=\"111e885\" data-element_type=\"column\">\n\t\t\t<div class=\"elementor-widget-wrap elementor-element-populated\">\n\t\t\t\t\t\t<div class=\"elementor-element elementor-element-e303435 elementor-widget elementor-widget-acy_sub_form\" data-id=\"e303435\" data-element_type=\"widget\" data-widget_type=\"acy_sub_form.default\">\n\t\t\t\t<div class=\"elementor-widget-container\">\n\t\t\t\t\t<style>#acym_module_formAcym23701 .acysubbuttons .subbutton {border-style: solid;}<\/style><style>#acym_module_formAcym23701, #acym_module_formAcym23701 td {color: #000000;}<\/style>Abonnieren Sie unseren Newsletter und profitieren Sie immer von den aktuellsten Informationen rund um das Thema Schulgarten.<script type=\"text\/javascript\">\n                window.addEventListener('DOMContentLoaded', (event) => {\nacymModule['excludeValuesformAcym23701'] = [];\nacymModule[\"excludeValuesformAcym23701\"][\"2\"] = \"Email\";  });\n                <\/script>\t<div class=\"acym_module \" id=\"acym_module_formAcym23701\">\n\t\t<div class=\"acym_fulldiv\" id=\"acym_fulldiv_formAcym23701\" >\n\t\t\t<form enctype=\"multipart\/form-data\"\n\t\t\t\t  id=\"formAcym23701\"\n\t\t\t\t  name=\"formAcym23701\"\n\t\t\t\t  method=\"POST\"\n\t\t\t\t  action=\"https:\/\/schulgarten.ch\/index.php?page=acymailing_front&amp;ctrl=frontusers&amp;noheader=1\"\n\t\t\t\t  onsubmit=\"return submitAcymForm('subscribe','formAcym23701')\">\n\t\t\t\t<div class=\"acym_module_form\">\n                    \n<div class=\"acym_form\">\n    <div class=\"onefield fieldacy2 acyfield_text\" id=\"field_2\"><input autocomplete=\"email\" id=\"email_field_367\"  name=\"user[email]\" placeholder=\"Email\" aria-label=\"Email\" value=\"\" data-authorized-content=\"{&quot;0&quot;:&quot;all&quot;,&quot;regex&quot;:&quot;&quot;,&quot;message&quot;:&quot;Incorrect value for the field Email&quot;}\" required type=\"email\" class=\"cell acym__user__edit__email\"><div class=\"acym__field__error__block\" data-acym-field-id=\"2\"><\/div><\/div><div class=\"onefield fieldacycaptcha\" id=\"field_captcha_formAcym23701\"><script type=\"text\/javascript\" src=\"https:\/\/www.google.com\/recaptcha\/api.js?render=6LeF5eMZAAAAAGJIfk3rKtAnjxhgT_EUUee5hRVl\" async defer><\/script><div id=\"formAcym23701-captcha\" data-size=\"invisible\" class=\"acyg-recaptcha\" data-sitekey=\"6LeF5eMZAAAAAGJIfk3rKtAnjxhgT_EUUee5hRVl\"data-captchaname=\"acym_reCaptcha_v3\"><\/div><\/div><\/div>\n\n<p class=\"acysubbuttons\">\n\t<noscript>\n        Please enable the javascript to submit this form\t<\/noscript>\n    \t<button type=\"submit\"\n\t\t\tclass=\"btn btn-primary button subbutton\"\n\t\t\tonclick=\"try{ return submitAcymForm(&quot;subscribe&quot;,&quot;formAcym23701&quot;, &quot;acymSubmitSubForm&quot;); }catch(err){alert(&quot;The form could not be submitted &quot;+err);return false;}\">\n        Subscribe\t<\/button>\n    <\/p>\n\t\t\t\t<\/div>\n\n\t\t\t\t<input type=\"hidden\" name=\"ctrl\" value=\"frontusers\" \/>\n\t\t\t\t<input type=\"hidden\" name=\"task\" value=\"notask\" \/>\n\t\t\t\t<input type=\"hidden\" name=\"option\" value=\"acymailing\" \/>\n\n                \t\t\t\t<input type=\"hidden\" name=\"ajax\" value=\"1\" \/>\n\t\t\t\t<input type=\"hidden\" name=\"successmode\" value=\"replace\" \/>\n\t\t\t\t<input type=\"hidden\" name=\"acy_source\" value=\"elementor_subscription_form\" \/>\n\t\t\t\t<input type=\"hidden\" name=\"hiddenlists\" value=\"2,3,4,8\" \/>\n\t\t\t\t<input type=\"hidden\" name=\"acyformname\" value=\"formAcym23701\" \/>\n\t\t\t\t<input type=\"hidden\" name=\"acysubmode\" value=\"widget_acym\" \/>\n\t\t\t\t<input type=\"hidden\" name=\"confirmation_message\" value=\"\" \/>\n\n                \t\t\t<\/form>\n\t\t<\/div>\n\t<\/div>\n    \t\t\t\t<\/div>\n\t\t\t\t<\/div>\n\t\t\t\t\t<\/div>\n\t\t<\/div>\n\t\t\t\t\t<\/div>\n\t\t<\/section>\n\t\t\t\t<section class=\"elementor-section elementor-top-section elementor-element elementor-element-4d65eaf elementor-section-boxed elementor-section-height-default elementor-section-height-default\" data-id=\"4d65eaf\" data-element_type=\"section\">\n\t\t\t\t\t\t<div class=\"elementor-container elementor-column-gap-default\">\n\t\t\t\t\t<div class=\"elementor-column elementor-col-100 elementor-top-column elementor-element elementor-element-4f436f1\" data-id=\"4f436f1\" data-element_type=\"column\">\n\t\t\t<div class=\"elementor-widget-wrap elementor-element-populated\">\n\t\t\t\t\t\t<div class=\"elementor-element elementor-element-b798b67 elementor-widget elementor-widget-image\" data-id=\"b798b67\" data-element_type=\"widget\" data-widget_type=\"image.default\">\n\t\t\t\t<div class=\"elementor-widget-container\">\n\t\t\t\t\t\t\t\t\t\t\t\t\t\t\t<img decoding=\"async\" width=\"200\" height=\"200\" src=\"https:\/\/i0.wp.com\/schulgarten.ch\/wp-content\/uploads\/2021\/11\/gemuese_logo.png?fit=200%2C200&amp;ssl=1\" class=\"attachment-large size-large wp-image-3711\" alt=\"\" srcset=\"https:\/\/i0.wp.com\/schulgarten.ch\/wp-content\/uploads\/2021\/11\/gemuese_logo.png?w=200&amp;ssl=1 200w, https:\/\/i0.wp.com\/schulgarten.ch\/wp-content\/uploads\/2021\/11\/gemuese_logo.png?resize=150%2C150&amp;ssl=1 150w, https:\/\/i0.wp.com\/schulgarten.ch\/wp-content\/uploads\/2021\/11\/gemuese_logo.png?resize=100%2C100&amp;ssl=1 100w\" sizes=\"(max-width: 200px) 100vw, 200px\" \/>\t\t\t\t\t\t\t\t\t\t\t\t\t\t\t<\/div>\n\t\t\t\t<\/div>\n\t\t\t\t\t<\/div>\n\t\t<\/div>\n\t\t\t\t\t<\/div>\n\t\t<\/section>\n\t\t\t\t<\/div>\n\t\t","protected":false},"excerpt":{"rendered":"<p>Angebot Salatteller Das Angebot Salatteller l\u00e4sst sich im Topf, in einer Pflanzkiste, im Hoch- oder Gartenbeet realisieren und ist in 6 bis 8 Gartensequenzen umsetzbar. Bei Pflanzung im M\u00e4rz bis Anfangs April kann noch vor den Sommerferien geerntet werden. Die Sch\u00fclerinnen und Sch\u00fcler bauen verschieden Salate, Blattgem\u00fcse und Weitere wie z.B. Radieschen an. W\u00e4hrend des [&hellip;]<\/p>\n","protected":false},"author":4,"featured_media":0,"parent":756,"menu_order":10,"comment_status":"closed","ping_status":"closed","template":"","meta":{"ocean_post_layout":"","ocean_both_sidebars_style":"","ocean_both_sidebars_content_width":0,"ocean_both_sidebars_sidebars_width":0,"ocean_sidebar":"0","ocean_second_sidebar":"0","ocean_disable_margins":"enable","ocean_add_body_class":"","ocean_shortcode_before_top_bar":"","ocean_shortcode_after_top_bar":"","ocean_shortcode_before_header":"","ocean_shortcode_after_header":"","ocean_has_shortcode":"","ocean_shortcode_after_title":"","ocean_shortcode_before_footer_widgets":"","ocean_shortcode_after_footer_widgets":"","ocean_shortcode_before_footer_bottom":"","ocean_shortcode_after_footer_bottom":"","ocean_display_top_bar":"default","ocean_display_header":"default","ocean_header_style":"","ocean_center_header_left_menu":"0","ocean_custom_header_template":"0","ocean_custom_logo":0,"ocean_custom_retina_logo":0,"ocean_custom_logo_max_width":0,"ocean_custom_logo_tablet_max_width":0,"ocean_custom_logo_mobile_max_width":0,"ocean_custom_logo_max_height":0,"ocean_custom_logo_tablet_max_height":0,"ocean_custom_logo_mobile_max_height":0,"ocean_header_custom_menu":"0","ocean_menu_typo_font_family":"0","ocean_menu_typo_font_subset":"","ocean_menu_typo_font_size":0,"ocean_menu_typo_font_size_tablet":0,"ocean_menu_typo_font_size_mobile":0,"ocean_menu_typo_font_size_unit":"px","ocean_menu_typo_font_weight":"","ocean_menu_typo_font_weight_tablet":"","ocean_menu_typo_font_weight_mobile":"","ocean_menu_typo_transform":"","ocean_menu_typo_transform_tablet":"","ocean_menu_typo_transform_mobile":"","ocean_menu_typo_line_height":0,"ocean_menu_typo_line_height_tablet":0,"ocean_menu_typo_line_height_mobile":0,"ocean_menu_typo_line_height_unit":"","ocean_menu_typo_spacing":0,"ocean_menu_typo_spacing_tablet":0,"ocean_menu_typo_spacing_mobile":0,"ocean_menu_typo_spacing_unit":"","ocean_menu_link_color":"","ocean_menu_link_color_hover":"","ocean_menu_link_color_active":"","ocean_menu_link_background":"","ocean_menu_link_hover_background":"","ocean_menu_link_active_background":"","ocean_menu_social_links_bg":"","ocean_menu_social_hover_links_bg":"","ocean_menu_social_links_color":"","ocean_menu_social_hover_links_color":"","ocean_disable_title":"default","ocean_disable_heading":"default","ocean_post_title":"","ocean_post_subheading":"","ocean_post_title_style":"background-image","ocean_post_title_background_color":"","ocean_post_title_background":1310,"ocean_post_title_bg_image_position":"","ocean_post_title_bg_image_attachment":"","ocean_post_title_bg_image_repeat":"","ocean_post_title_bg_image_size":"","ocean_post_title_height":0,"ocean_post_title_bg_overlay":0.5,"ocean_post_title_bg_overlay_color":"","ocean_disable_breadcrumbs":"default","ocean_breadcrumbs_color":"","ocean_breadcrumbs_separator_color":"","ocean_breadcrumbs_links_color":"","ocean_breadcrumbs_links_hover_color":"","ocean_display_footer_widgets":"default","ocean_display_footer_bottom":"default","ocean_custom_footer_template":"0","omw_enable_modal_window":"enable","footnotes":""},"class_list":["post-2893","page","type-page","status-publish","hentry","entry"],"jetpack_sharing_enabled":true,"_links":{"self":[{"href":"https:\/\/schulgarten.ch\/it\/wp-json\/wp\/v2\/pages\/2893","targetHints":{"allow":["GET"]}}],"collection":[{"href":"https:\/\/schulgarten.ch\/it\/wp-json\/wp\/v2\/pages"}],"about":[{"href":"https:\/\/schulgarten.ch\/it\/wp-json\/wp\/v2\/types\/page"}],"author":[{"embeddable":true,"href":"https:\/\/schulgarten.ch\/it\/wp-json\/wp\/v2\/users\/4"}],"replies":[{"embeddable":true,"href":"https:\/\/schulgarten.ch\/it\/wp-json\/wp\/v2\/comments?post=2893"}],"version-history":[{"count":105,"href":"https:\/\/schulgarten.ch\/it\/wp-json\/wp\/v2\/pages\/2893\/revisions"}],"predecessor-version":[{"id":7794,"href":"https:\/\/schulgarten.ch\/it\/wp-json\/wp\/v2\/pages\/2893\/revisions\/7794"}],"up":[{"embeddable":true,"href":"https:\/\/schulgarten.ch\/it\/wp-json\/wp\/v2\/pages\/756"}],"wp:attachment":[{"href":"https:\/\/schulgarten.ch\/it\/wp-json\/wp\/v2\/media?parent=2893"}],"curies":[{"name":"wp","href":"https:\/\/api.w.org\/{rel}","templated":true}]}}