{"id":9628,"date":"2026-03-03T10:43:12","date_gmt":"2026-03-03T09:43:12","guid":{"rendered":"https:\/\/schulgarten.ch\/?page_id=9628"},"modified":"2026-03-04T13:44:28","modified_gmt":"2026-03-04T12:44:28","slug":"tag-des-schulgartens","status":"publish","type":"page","link":"https:\/\/schulgarten.ch\/fr\/projekte\/tag-des-schulgartens\/","title":{"rendered":"Tag des Schulgartens"},"content":{"rendered":"\t\t<div data-elementor-type=\"wp-post\" data-elementor-id=\"9628\" class=\"elementor elementor-9628\" data-elementor-post-type=\"page\">\n\t\t\t\t\t\t<section class=\"elementor-section elementor-top-section elementor-element elementor-element-366ddd2 elementor-section-boxed elementor-section-height-default elementor-section-height-default\" data-id=\"366ddd2\" data-element_type=\"section\">\n\t\t\t\t\t\t<div class=\"elementor-container elementor-column-gap-default\">\n\t\t\t\t\t<div class=\"elementor-column elementor-col-100 elementor-top-column elementor-element elementor-element-b44d028\" data-id=\"b44d028\" data-element_type=\"column\">\n\t\t\t<div class=\"elementor-widget-wrap elementor-element-populated\">\n\t\t\t\t\t\t<div class=\"elementor-element elementor-element-7c2fea8 elementor-widget elementor-widget-text-editor\" data-id=\"7c2fea8\" data-element_type=\"widget\" data-widget_type=\"text-editor.default\">\n\t\t\t\t<div class=\"elementor-widget-container\">\n\t\t\t\t\t\t\t\t\t<h1>Tag des Schulgartens<\/h1>\t\t\t\t\t\t\t\t<\/div>\n\t\t\t\t<\/div>\n\t\t\t\t\t<\/div>\n\t\t<\/div>\n\t\t\t\t\t<\/div>\n\t\t<\/section>\n\t\t\t\t<section class=\"elementor-section elementor-top-section elementor-element elementor-element-5949781 elementor-section-boxed elementor-section-height-default elementor-section-height-default\" data-id=\"5949781\" data-element_type=\"section\">\n\t\t\t\t\t\t<div class=\"elementor-container elementor-column-gap-default\">\n\t\t\t\t\t<div class=\"elementor-column elementor-col-100 elementor-top-column elementor-element elementor-element-a95dd38\" data-id=\"a95dd38\" data-element_type=\"column\">\n\t\t\t<div class=\"elementor-widget-wrap elementor-element-populated\">\n\t\t\t\t\t\t<div class=\"elementor-element elementor-element-be4375e elementor-widget elementor-widget-heading\" data-id=\"be4375e\" data-element_type=\"widget\" data-widget_type=\"heading.default\">\n\t\t\t\t<div class=\"elementor-widget-container\">\n\t\t\t\t\t<h2 class=\"elementor-heading-title elementor-size-default\">Mittwoch, 10. Juni 2026<\/h2>\t\t\t\t<\/div>\n\t\t\t\t<\/div>\n\t\t\t\t\t<\/div>\n\t\t<\/div>\n\t\t\t\t\t<\/div>\n\t\t<\/section>\n\t\t\t\t<section class=\"elementor-section elementor-top-section elementor-element elementor-element-6c7d8da elementor-section-boxed elementor-section-height-default elementor-section-height-default\" data-id=\"6c7d8da\" data-element_type=\"section\">\n\t\t\t\t\t\t<div class=\"elementor-container elementor-column-gap-default\">\n\t\t\t\t\t<div class=\"elementor-column elementor-col-50 elementor-top-column elementor-element elementor-element-db510e9\" data-id=\"db510e9\" data-element_type=\"column\">\n\t\t\t<div class=\"elementor-widget-wrap elementor-element-populated\">\n\t\t\t\t\t\t<div class=\"elementor-element elementor-element-e228609 elementor-widget elementor-widget-image\" data-id=\"e228609\" data-element_type=\"widget\" data-widget_type=\"image.default\">\n\t\t\t\t<div class=\"elementor-widget-container\">\n\t\t\t\t\t\t\t\t\t\t\t\t\t\t\t<img fetchpriority=\"high\" decoding=\"async\" width=\"300\" height=\"200\" src=\"https:\/\/i0.wp.com\/schulgarten.ch\/wp-content\/uploads\/2020\/10\/schulgarten_2400_33.jpg?fit=300%2C200&amp;ssl=1\" class=\"attachment-medium size-medium wp-image-2416\" alt=\"\" srcset=\"https:\/\/i0.wp.com\/schulgarten.ch\/wp-content\/uploads\/2020\/10\/schulgarten_2400_33.jpg?w=2400&amp;ssl=1 2400w, https:\/\/i0.wp.com\/schulgarten.ch\/wp-content\/uploads\/2020\/10\/schulgarten_2400_33.jpg?resize=300%2C200&amp;ssl=1 300w, https:\/\/i0.wp.com\/schulgarten.ch\/wp-content\/uploads\/2020\/10\/schulgarten_2400_33.jpg?resize=768%2C512&amp;ssl=1 768w, https:\/\/i0.wp.com\/schulgarten.ch\/wp-content\/uploads\/2020\/10\/schulgarten_2400_33.jpg?resize=1024%2C683&amp;ssl=1 1024w\" sizes=\"(max-width: 300px) 100vw, 300px\" \/>\t\t\t\t\t\t\t\t\t\t\t\t\t\t\t<\/div>\n\t\t\t\t<\/div>\n\t\t\t\t\t<\/div>\n\t\t<\/div>\n\t\t\t\t<div class=\"elementor-column elementor-col-50 elementor-top-column elementor-element elementor-element-2ea1762\" data-id=\"2ea1762\" data-element_type=\"column\">\n\t\t\t<div class=\"elementor-widget-wrap elementor-element-populated\">\n\t\t\t\t\t\t<div class=\"elementor-element elementor-element-7918c5f elementor-widget elementor-widget-text-editor\" data-id=\"7918c5f\" data-element_type=\"widget\" data-widget_type=\"text-editor.default\">\n\t\t\t\t<div class=\"elementor-widget-container\">\n\t\t\t\t\t\t\t\t\t<p><span style=\"color: #000000;\">Ein offizieller Tag des Schulgartens macht das Thema sichtbar und wertsch\u00e4tzt die Arbeit von Sch\u00fcler:innen und Lehrpersonen. Er zeigt auf, wie wichtig es f\u00fcr Kinder und Jugendliche ist, einen Zugang zu einer naturnahen Umgebung mit G\u00e4rten zu haben, welche vielf\u00e4ltige Sinneserfahrungen erm\u00f6glichen, das Verst\u00e4ndnis f\u00fcr nat\u00fcrliche Abl\u00e4ufe und Zusammenh\u00e4nge f\u00f6rdern und ihre Verbundenheit zur Natur st\u00e4rken. <\/span><\/p><p><span style=\"color: #000000;\">Schulen mit einem Schulgarten k\u00f6nnen an dem Tag beispielsweise Aktionen mit Eltern, der Gemeinde oder lokalen Betrieben umsetzen. Ein fixer Tag hilft dabei, Ressourcen und Unterst\u00fctzung f\u00fcr Pflege, Material und Projekte langfristig zu sichern.<\/span><\/p>\t\t\t\t\t\t\t\t<\/div>\n\t\t\t\t<\/div>\n\t\t\t\t\t<\/div>\n\t\t<\/div>\n\t\t\t\t\t<\/div>\n\t\t<\/section>\n\t\t\t\t<section class=\"elementor-section elementor-top-section elementor-element elementor-element-c9dece3 elementor-section-boxed elementor-section-height-default elementor-section-height-default\" data-id=\"c9dece3\" data-element_type=\"section\">\n\t\t\t\t\t\t<div class=\"elementor-container elementor-column-gap-default\">\n\t\t\t\t\t<div class=\"elementor-column elementor-col-100 elementor-top-column elementor-element elementor-element-759c7dd\" data-id=\"759c7dd\" data-element_type=\"column\">\n\t\t\t<div class=\"elementor-widget-wrap elementor-element-populated\">\n\t\t\t\t\t\t<div class=\"elementor-element elementor-element-186c352 elementor-widget elementor-widget-heading\" data-id=\"186c352\" data-element_type=\"widget\" data-widget_type=\"heading.default\">\n\t\t\t\t<div class=\"elementor-widget-container\">\n\t\t\t\t\t<h3 class=\"elementor-heading-title elementor-size-default\">Jetzt den Schulgarten eintragen und gewinnen!<\/h3>\t\t\t\t<\/div>\n\t\t\t\t<\/div>\n\t\t\t\t\t<\/div>\n\t\t<\/div>\n\t\t\t\t\t<\/div>\n\t\t<\/section>\n\t\t\t\t<section class=\"elementor-section elementor-top-section elementor-element elementor-element-5ea534a elementor-section-boxed elementor-section-height-default elementor-section-height-default\" data-id=\"5ea534a\" data-element_type=\"section\">\n\t\t\t\t\t\t<div class=\"elementor-container elementor-column-gap-default\">\n\t\t\t\t\t<div class=\"elementor-column elementor-col-50 elementor-top-column elementor-element elementor-element-24b6f4e\" data-id=\"24b6f4e\" data-element_type=\"column\">\n\t\t\t<div class=\"elementor-widget-wrap elementor-element-populated\">\n\t\t\t\t\t\t<div class=\"elementor-element elementor-element-4e78eb7 elementor-widget elementor-widget-text-editor\" data-id=\"4e78eb7\" data-element_type=\"widget\" data-widget_type=\"text-editor.default\">\n\t\t\t\t<div class=\"elementor-widget-container\">\n\t\t\t\t\t\t\t\t\t<p><span style=\"color: #000000;\">Jede Schule, die einen Schulgarten betreibt, kann diesen hier f\u00fcr den offiziellen Tag des Schulgartens eintragen. Unter allen angemeldeten Schulg\u00e4rten werden 5 tolle Preise verlost. In dem Formular bitte angeben,\u00a0 ob ihr<\/span><span style=\"color: #000000; font-size: 14px;\">\u00a0an dem offiziellen Tag des Schulgartens eine besondere Aktivit\u00e4t durchf\u00fchren m\u00f6chtet<\/span><span style=\"color: #000000; font-size: 14px;\">.\u00a0<\/span><\/p>\t\t\t\t\t\t\t\t<\/div>\n\t\t\t\t<\/div>\n\t\t\t\t\t<\/div>\n\t\t<\/div>\n\t\t\t\t<div class=\"elementor-column elementor-col-50 elementor-top-column elementor-element elementor-element-fcd8561\" data-id=\"fcd8561\" data-element_type=\"column\">\n\t\t\t<div class=\"elementor-widget-wrap elementor-element-populated\">\n\t\t\t\t\t\t<div class=\"elementor-element elementor-element-eb5efac omw-open-modal elementor-widget elementor-widget-button\" data-id=\"eb5efac\" data-element_type=\"widget\" data-widget_type=\"button.default\">\n\t\t\t\t<div class=\"elementor-widget-container\">\n\t\t\t\t\t\t\t\t\t<div class=\"elementor-button-wrapper\">\n\t\t\t\t\t<a class=\"elementor-button elementor-button-link elementor-size-sm\" href=\"#omw-9642\" target=\"_blank\">\n\t\t\t\t\t\t<span class=\"elementor-button-content-wrapper\">\n\t\t\t\t\t\t\t\t\t<span class=\"elementor-button-text\">Schulgarten eintragen<\/span>\n\t\t\t\t\t<\/span>\n\t\t\t\t\t<\/a>\n\t\t\t\t<\/div>\n\t\t\t\t\t\t\t\t<\/div>\n\t\t\t\t<\/div>\n\t\t\t\t\t<\/div>\n\t\t<\/div>\n\t\t\t\t\t<\/div>\n\t\t<\/section>\n\t\t\t\t<section class=\"elementor-section elementor-top-section elementor-element elementor-element-b384491 elementor-section-boxed elementor-section-height-default elementor-section-height-default\" data-id=\"b384491\" data-element_type=\"section\">\n\t\t\t\t\t\t<div class=\"elementor-container elementor-column-gap-default\">\n\t\t\t\t\t<div class=\"elementor-column elementor-col-100 elementor-top-column elementor-element elementor-element-42ce748\" data-id=\"42ce748\" data-element_type=\"column\">\n\t\t\t<div class=\"elementor-widget-wrap elementor-element-populated\">\n\t\t\t\t\t\t<div class=\"elementor-element elementor-element-9bea0ba elementor-widget elementor-widget-text-editor\" data-id=\"9bea0ba\" data-element_type=\"widget\" data-widget_type=\"text-editor.default\">\n\t\t\t\t<div class=\"elementor-widget-container\">\n\t\t\t\t\t\t\t\t\t<p><span style=\"color: #000000;\">Der Tag des Schulgartens findet international statt und wurde von der Bundesarbeitsgemeinschaft Schulgarten e. V. in Deutschland (BAGS) ins Leben gerufen. <a href=\"https:\/\/www.bag-schulgarten.de\/\" target=\"_blank\" rel=\"noopener\">Link<\/a><\/span><\/p>\t\t\t\t\t\t\t\t<\/div>\n\t\t\t\t<\/div>\n\t\t\t\t\t<\/div>\n\t\t<\/div>\n\t\t\t\t\t<\/div>\n\t\t<\/section>\n\t\t\t\t<section class=\"elementor-section elementor-top-section elementor-element elementor-element-461a2e3 elementor-section-boxed elementor-section-height-default elementor-section-height-default\" data-id=\"461a2e3\" data-element_type=\"section\">\n\t\t\t\t\t\t<div class=\"elementor-container elementor-column-gap-default\">\n\t\t\t\t\t<div class=\"elementor-column elementor-col-50 elementor-top-column elementor-element elementor-element-ddd6f8f\" data-id=\"ddd6f8f\" data-element_type=\"column\">\n\t\t\t<div class=\"elementor-widget-wrap elementor-element-populated\">\n\t\t\t\t\t\t<div class=\"elementor-element elementor-element-741978f elementor-widget elementor-widget-text-editor\" data-id=\"741978f\" data-element_type=\"widget\" data-widget_type=\"text-editor.default\">\n\t\t\t\t<div class=\"elementor-widget-container\">\n\t\t\t\t\t\t\t\t\t<p><span style=\"color: #000000;\"><strong>Kontakt<br \/><\/strong><\/span><span style=\"color: #000000;\">info@schulgarten.ch<\/span><\/p>\t\t\t\t\t\t\t\t<\/div>\n\t\t\t\t<\/div>\n\t\t\t\t\t<\/div>\n\t\t<\/div>\n\t\t\t\t<div class=\"elementor-column elementor-col-50 elementor-top-column elementor-element elementor-element-5df7dbb\" data-id=\"5df7dbb\" data-element_type=\"column\">\n\t\t\t<div class=\"elementor-widget-wrap elementor-element-populated\">\n\t\t\t\t\t\t<div class=\"elementor-element elementor-element-52e7851 elementor-widget elementor-widget-text-editor\" data-id=\"52e7851\" data-element_type=\"widget\" data-widget_type=\"text-editor.default\">\n\t\t\t\t<div class=\"elementor-widget-container\">\n\t\t\t\t\t\t\t\t\t<p><span style=\"color: #000000;\">Nehmen Sie mit Ihrer Klasse an dem Wettbewerb teil. M\u00f6chten Sie regelm\u00e4ssig News rund um das Thema Schulgarten erhalten? Dann melden Sie sich f\u00fcr unseren&nbsp;<a href=\"http:\/\/www.schulgarten.ch\/kontakt\/newsletter\" target=\"_blank\" rel=\"noopener\">Newsletter<\/a> an!<\/span><\/p>\t\t\t\t\t\t\t\t<\/div>\n\t\t\t\t<\/div>\n\t\t\t\t\t<\/div>\n\t\t<\/div>\n\t\t\t\t\t<\/div>\n\t\t<\/section>\n\t\t\t\t<\/div>\n\t\t","protected":false},"excerpt":{"rendered":"<p>Tag des Schulgartens Mittwoch, 10. Juni 2026 Ein offizieller Tag des Schulgartens macht das Thema sichtbar und wertsch\u00e4tzt die Arbeit von Sch\u00fcler:innen und Lehrpersonen. Er zeigt auf, wie wichtig es f\u00fcr Kinder und Jugendliche ist, einen Zugang zu einer naturnahen Umgebung mit G\u00e4rten zu haben, welche vielf\u00e4ltige Sinneserfahrungen erm\u00f6glichen, das Verst\u00e4ndnis f\u00fcr nat\u00fcrliche Abl\u00e4ufe und [&hellip;]<\/p>\n","protected":false},"author":16,"featured_media":0,"parent":8303,"menu_order":8,"comment_status":"closed","ping_status":"closed","template":"","meta":{"ocean_post_layout":"","ocean_both_sidebars_style":"","ocean_both_sidebars_content_width":0,"ocean_both_sidebars_sidebars_width":0,"ocean_sidebar":"0","ocean_second_sidebar":"0","ocean_disable_margins":"enable","ocean_add_body_class":"","ocean_shortcode_before_top_bar":"","ocean_shortcode_after_top_bar":"","ocean_shortcode_before_header":"","ocean_shortcode_after_header":"","ocean_has_shortcode":"","ocean_shortcode_after_title":"","ocean_shortcode_before_footer_widgets":"","ocean_shortcode_after_footer_widgets":"","ocean_shortcode_before_footer_bottom":"","ocean_shortcode_after_footer_bottom":"","ocean_display_top_bar":"default","ocean_display_header":"default","ocean_header_style":"","ocean_center_header_left_menu":"0","ocean_custom_header_template":"0","ocean_custom_logo":0,"ocean_custom_retina_logo":0,"ocean_custom_logo_max_width":0,"ocean_custom_logo_tablet_max_width":0,"ocean_custom_logo_mobile_max_width":0,"ocean_custom_logo_max_height":0,"ocean_custom_logo_tablet_max_height":0,"ocean_custom_logo_mobile_max_height":0,"ocean_header_custom_menu":"0","ocean_menu_typo_font_family":"0","ocean_menu_typo_font_subset":"","ocean_menu_typo_font_size":0,"ocean_menu_typo_font_size_tablet":0,"ocean_menu_typo_font_size_mobile":0,"ocean_menu_typo_font_size_unit":"px","ocean_menu_typo_font_weight":"","ocean_menu_typo_font_weight_tablet":"","ocean_menu_typo_font_weight_mobile":"","ocean_menu_typo_transform":"","ocean_menu_typo_transform_tablet":"","ocean_menu_typo_transform_mobile":"","ocean_menu_typo_line_height":0,"ocean_menu_typo_line_height_tablet":0,"ocean_menu_typo_line_height_mobile":0,"ocean_menu_typo_line_height_unit":"","ocean_menu_typo_spacing":0,"ocean_menu_typo_spacing_tablet":0,"ocean_menu_typo_spacing_mobile":0,"ocean_menu_typo_spacing_unit":"","ocean_menu_link_color":"","ocean_menu_link_color_hover":"","ocean_menu_link_color_active":"","ocean_menu_link_background":"","ocean_menu_link_hover_background":"","ocean_menu_link_active_background":"","ocean_menu_social_links_bg":"","ocean_menu_social_hover_links_bg":"","ocean_menu_social_links_color":"","ocean_menu_social_hover_links_color":"","ocean_disable_title":"default","ocean_disable_heading":"default","ocean_post_title":"","ocean_post_subheading":"","ocean_post_title_style":"background-image","ocean_post_title_background_color":"","ocean_post_title_background":2433,"ocean_post_title_bg_image_position":"center center","ocean_post_title_bg_image_attachment":"","ocean_post_title_bg_image_repeat":"","ocean_post_title_bg_image_size":"","ocean_post_title_height":0,"ocean_post_title_bg_overlay":0.5,"ocean_post_title_bg_overlay_color":"","ocean_disable_breadcrumbs":"default","ocean_breadcrumbs_color":"","ocean_breadcrumbs_separator_color":"","ocean_breadcrumbs_links_color":"","ocean_breadcrumbs_links_hover_color":"","ocean_display_footer_widgets":"default","ocean_display_footer_bottom":"default","ocean_custom_footer_template":"0","omw_enable_modal_window":"enable","footnotes":""},"class_list":["post-9628","page","type-page","status-publish","hentry","entry"],"jetpack_sharing_enabled":true,"_links":{"self":[{"href":"https:\/\/schulgarten.ch\/fr\/wp-json\/wp\/v2\/pages\/9628","targetHints":{"allow":["GET"]}}],"collection":[{"href":"https:\/\/schulgarten.ch\/fr\/wp-json\/wp\/v2\/pages"}],"about":[{"href":"https:\/\/schulgarten.ch\/fr\/wp-json\/wp\/v2\/types\/page"}],"author":[{"embeddable":true,"href":"https:\/\/schulgarten.ch\/fr\/wp-json\/wp\/v2\/users\/16"}],"replies":[{"embeddable":true,"href":"https:\/\/schulgarten.ch\/fr\/wp-json\/wp\/v2\/comments?post=9628"}],"version-history":[{"count":28,"href":"https:\/\/schulgarten.ch\/fr\/wp-json\/wp\/v2\/pages\/9628\/revisions"}],"predecessor-version":[{"id":9669,"href":"https:\/\/schulgarten.ch\/fr\/wp-json\/wp\/v2\/pages\/9628\/revisions\/9669"}],"up":[{"embeddable":true,"href":"https:\/\/schulgarten.ch\/fr\/wp-json\/wp\/v2\/pages\/8303"}],"wp:attachment":[{"href":"https:\/\/schulgarten.ch\/fr\/wp-json\/wp\/v2\/media?parent=9628"}],"curies":[{"name":"wp","href":"https:\/\/api.w.org\/{rel}","templated":true}]}}