{"id":9012,"date":"2025-10-30T13:42:42","date_gmt":"2025-10-30T12:42:42","guid":{"rendered":"https:\/\/schulgarten.ch\/?page_id=9012"},"modified":"2026-03-05T10:53:58","modified_gmt":"2026-03-05T09:53:58","slug":"bohne","status":"publish","type":"page","link":"https:\/\/schulgarten.ch\/fr\/projekte\/bohne\/","title":{"rendered":"Aktion Bohne"},"content":{"rendered":"\t\t<div data-elementor-type=\"wp-post\" data-elementor-id=\"9012\" class=\"elementor elementor-9012\" data-elementor-post-type=\"page\">\n\t\t\t\t\t\t<section class=\"elementor-section elementor-top-section elementor-element elementor-element-366ddd2 elementor-section-boxed elementor-section-height-default elementor-section-height-default\" data-id=\"366ddd2\" data-element_type=\"section\">\n\t\t\t\t\t\t<div class=\"elementor-container elementor-column-gap-default\">\n\t\t\t\t\t<div class=\"elementor-column elementor-col-100 elementor-top-column elementor-element elementor-element-b44d028\" data-id=\"b44d028\" data-element_type=\"column\">\n\t\t\t<div class=\"elementor-widget-wrap elementor-element-populated\">\n\t\t\t\t\t\t<div class=\"elementor-element elementor-element-7c2fea8 elementor-widget elementor-widget-text-editor\" data-id=\"7c2fea8\" data-element_type=\"widget\" data-widget_type=\"text-editor.default\">\n\t\t\t\t<div class=\"elementor-widget-container\">\n\t\t\t\t\t\t\t\t\t<h2>Aktion Bohne\u00a0<\/h2>\t\t\t\t\t\t\t\t<\/div>\n\t\t\t\t<\/div>\n\t\t\t\t\t<\/div>\n\t\t<\/div>\n\t\t\t\t\t<\/div>\n\t\t<\/section>\n\t\t\t\t<section class=\"elementor-section elementor-top-section elementor-element elementor-element-5949781 elementor-section-boxed elementor-section-height-default elementor-section-height-default\" data-id=\"5949781\" data-element_type=\"section\">\n\t\t\t\t\t\t<div class=\"elementor-container elementor-column-gap-default\">\n\t\t\t\t\t<div class=\"elementor-column elementor-col-100 elementor-top-column elementor-element elementor-element-a95dd38\" data-id=\"a95dd38\" data-element_type=\"column\">\n\t\t\t<div class=\"elementor-widget-wrap elementor-element-populated\">\n\t\t\t\t\t\t<div class=\"elementor-element elementor-element-be4375e elementor-widget elementor-widget-heading\" data-id=\"be4375e\" data-element_type=\"widget\" data-widget_type=\"heading.default\">\n\t\t\t\t<div class=\"elementor-widget-container\">\n\t\t\t\t\t<h2 class=\"elementor-heading-title elementor-size-default\">Was bringt Bohnen zum Wachsen?<\/h2>\t\t\t\t<\/div>\n\t\t\t\t<\/div>\n\t\t\t\t\t<\/div>\n\t\t<\/div>\n\t\t\t\t\t<\/div>\n\t\t<\/section>\n\t\t\t\t<section class=\"elementor-section elementor-top-section elementor-element elementor-element-c9dece3 elementor-section-boxed elementor-section-height-default elementor-section-height-default\" data-id=\"c9dece3\" data-element_type=\"section\">\n\t\t\t\t\t\t<div class=\"elementor-container elementor-column-gap-default\">\n\t\t\t\t\t<div class=\"elementor-column elementor-col-100 elementor-top-column elementor-element elementor-element-759c7dd\" data-id=\"759c7dd\" data-element_type=\"column\">\n\t\t\t<div class=\"elementor-widget-wrap elementor-element-populated\">\n\t\t\t\t\t\t<div class=\"elementor-element elementor-element-186c352 elementor-widget elementor-widget-heading\" data-id=\"186c352\" data-element_type=\"widget\" data-widget_type=\"heading.default\">\n\t\t\t\t<div class=\"elementor-widget-container\">\n\t\t\t\t\t<h3 class=\"elementor-heading-title elementor-size-default\">Ein Klassenwettbewerb der besonderen Art. Von Mai bis September 2026.<\/h3>\t\t\t\t<\/div>\n\t\t\t\t<\/div>\n\t\t\t\t\t<\/div>\n\t\t<\/div>\n\t\t\t\t\t<\/div>\n\t\t<\/section>\n\t\t\t\t<section class=\"elementor-section elementor-top-section elementor-element elementor-element-6c7d8da elementor-section-boxed elementor-section-height-default elementor-section-height-default\" data-id=\"6c7d8da\" data-element_type=\"section\">\n\t\t\t\t\t\t<div class=\"elementor-container elementor-column-gap-default\">\n\t\t\t\t\t<div class=\"elementor-column elementor-col-50 elementor-top-column elementor-element elementor-element-db510e9\" data-id=\"db510e9\" data-element_type=\"column\">\n\t\t\t<div class=\"elementor-widget-wrap elementor-element-populated\">\n\t\t\t\t\t\t<div class=\"elementor-element elementor-element-e228609 elementor-widget elementor-widget-image\" data-id=\"e228609\" data-element_type=\"widget\" data-widget_type=\"image.default\">\n\t\t\t\t<div class=\"elementor-widget-container\">\n\t\t\t\t\t\t\t\t\t\t\t\t\t\t\t\t<a href=\"https:\/\/www.lid.ch\/schulen\/bauerngarten\/was-bringt-bohnen-zum-wachsen-fuer-kindergarten-bis-3-klasse\" target=\"_blank\">\n\t\t\t\t\t\t\t<img fetchpriority=\"high\" decoding=\"async\" width=\"1024\" height=\"785\" src=\"https:\/\/i0.wp.com\/schulgarten.ch\/wp-content\/uploads\/2026\/01\/Aus-einer-BOHNE-waechst-Neugier_Version-3-Hut-ganz-e1768920342565.png?fit=1024%2C785&amp;ssl=1\" class=\"attachment-large size-large wp-image-9575\" alt=\"\" srcset=\"https:\/\/i0.wp.com\/schulgarten.ch\/wp-content\/uploads\/2026\/01\/Aus-einer-BOHNE-waechst-Neugier_Version-3-Hut-ganz-e1768920342565.png?w=1408&amp;ssl=1 1408w, https:\/\/i0.wp.com\/schulgarten.ch\/wp-content\/uploads\/2026\/01\/Aus-einer-BOHNE-waechst-Neugier_Version-3-Hut-ganz-e1768920342565.png?resize=300%2C230&amp;ssl=1 300w, https:\/\/i0.wp.com\/schulgarten.ch\/wp-content\/uploads\/2026\/01\/Aus-einer-BOHNE-waechst-Neugier_Version-3-Hut-ganz-e1768920342565.png?resize=1024%2C785&amp;ssl=1 1024w, https:\/\/i0.wp.com\/schulgarten.ch\/wp-content\/uploads\/2026\/01\/Aus-einer-BOHNE-waechst-Neugier_Version-3-Hut-ganz-e1768920342565.png?resize=768%2C589&amp;ssl=1 768w\" sizes=\"(max-width: 1024px) 100vw, 1024px\" \/>\t\t\t\t\t\t\t\t<\/a>\n\t\t\t\t\t\t\t\t\t\t\t\t\t\t\t<\/div>\n\t\t\t\t<\/div>\n\t\t\t\t\t<\/div>\n\t\t<\/div>\n\t\t\t\t<div class=\"elementor-column elementor-col-50 elementor-top-column elementor-element elementor-element-2ea1762\" data-id=\"2ea1762\" data-element_type=\"column\">\n\t\t\t<div class=\"elementor-widget-wrap elementor-element-populated\">\n\t\t\t\t\t\t<div class=\"elementor-element elementor-element-7918c5f elementor-widget elementor-widget-text-editor\" data-id=\"7918c5f\" data-element_type=\"widget\" data-widget_type=\"text-editor.default\">\n\t\t\t\t<div class=\"elementor-widget-container\">\n\t\t\t\t\t\t\t\t\t<p><strong><span style=\"color: #000000;\">F\u00fcr Kindergarten bis 3. Klasse.<\/span><\/strong><br \/><span style=\"color: #000000;\">Jedes Kind \/ Team pflanzt Stangenbohnen im Topf oder im Beet und erforscht auf spielerische, kreative und aktive Art und Weise das Wachstum einer Pflanze \u2013 von der Keimung bis zum ersten H\u00f6henmeter.<\/span><br \/><span style=\"color: #000000;\">Ziel ist nicht nur, herauszufinden, welche Bohne am besten w\u00e4chst, sondern wie Wissen und Erkenntnis durch Entdecken, Experimentieren, Forschen, Gestalten und Dokumentieren gewachsen ist.<\/span><\/p>\t\t\t\t\t\t\t\t<\/div>\n\t\t\t\t<\/div>\n\t\t\t\t<div class=\"elementor-element elementor-element-54693d6 elementor-widget elementor-widget-text-editor\" data-id=\"54693d6\" data-element_type=\"widget\" data-widget_type=\"text-editor.default\">\n\t\t\t\t<div class=\"elementor-widget-container\">\n\t\t\t\t\t\t\t\t\t<p><span style=\"color: #808000;\">Lehrpersonen sind eingeladen, den Sch\u00fclerinnen und Sch\u00fcler Raum f\u00fcr eigene Ideen und Experimente (naturwissenschaftlich, k\u00fcnstlerisch, erz\u00e4hlerisch&#8230;) zu geben.<\/span><\/p>\t\t\t\t\t\t\t\t<\/div>\n\t\t\t\t<\/div>\n\t\t\t\t\t<\/div>\n\t\t<\/div>\n\t\t\t\t\t<\/div>\n\t\t<\/section>\n\t\t\t\t<section class=\"elementor-section elementor-top-section elementor-element elementor-element-e4b78fc elementor-section-boxed elementor-section-height-default elementor-section-height-default\" data-id=\"e4b78fc\" data-element_type=\"section\">\n\t\t\t\t\t\t<div class=\"elementor-container elementor-column-gap-default\">\n\t\t\t\t\t<div class=\"elementor-column elementor-col-50 elementor-top-column elementor-element elementor-element-5052295\" data-id=\"5052295\" data-element_type=\"column\">\n\t\t\t<div class=\"elementor-widget-wrap elementor-element-populated\">\n\t\t\t\t\t\t<div class=\"elementor-element elementor-element-9bea0ba elementor-widget elementor-widget-text-editor\" data-id=\"9bea0ba\" data-element_type=\"widget\" data-widget_type=\"text-editor.default\">\n\t\t\t\t<div class=\"elementor-widget-container\">\n\t\t\t\t\t\t\t\t\t<p><span style=\"color: #000000;\">Einf\u00fchrung ins Projekt, didaktische Unterlagen und Saatgut werden zur Verf\u00fcgung gestellt.<\/span><br \/><span style=\"color: #000000;\">Die eindr\u00fccklichsten Forschungsprojekte werden pr\u00e4miert.<\/span><\/p><p><span style=\"color: #000000;\">Weitere Informationen und das Anmeldeformular finden Sie hier:<\/span><\/p>\t\t\t\t\t\t\t\t<\/div>\n\t\t\t\t<\/div>\n\t\t\t\t<div class=\"elementor-element elementor-element-da98307 elementor-widget elementor-widget-button\" data-id=\"da98307\" data-element_type=\"widget\" data-widget_type=\"button.default\">\n\t\t\t\t<div class=\"elementor-widget-container\">\n\t\t\t\t\t\t\t\t\t<div class=\"elementor-button-wrapper\">\n\t\t\t\t\t<a class=\"elementor-button elementor-button-link elementor-size-sm\" href=\"https:\/\/www.lid.ch\/schulen\/bauerngarten\/was-bringt-bohnen-zum-wachsen-fuer-kindergarten-bis-3-klasse\" target=\"_blank\">\n\t\t\t\t\t\t<span class=\"elementor-button-content-wrapper\">\n\t\t\t\t\t\t\t\t\t<span class=\"elementor-button-text\">Link zur Anmeldung<\/span>\n\t\t\t\t\t<\/span>\n\t\t\t\t\t<\/a>\n\t\t\t\t<\/div>\n\t\t\t\t\t\t\t\t<\/div>\n\t\t\t\t<\/div>\n\t\t\t\t\t<\/div>\n\t\t<\/div>\n\t\t\t\t<div class=\"elementor-column elementor-col-50 elementor-top-column elementor-element elementor-element-ad1f8c1\" data-id=\"ad1f8c1\" data-element_type=\"column\">\n\t\t\t<div class=\"elementor-widget-wrap elementor-element-populated\">\n\t\t\t\t\t\t<div class=\"elementor-element elementor-element-52e7851 elementor-widget elementor-widget-text-editor\" data-id=\"52e7851\" data-element_type=\"widget\" data-widget_type=\"text-editor.default\">\n\t\t\t\t<div class=\"elementor-widget-container\">\n\t\t\t\t\t\t\t\t\t<p><span style=\"color: #000000;\">Nehmen Sie mit Ihrer Klasse an dem Wettbewerb teil und m\u00f6chten regelm\u00e4ssig News rund um das Thema Schulgarten erhalten? Dann melden Sie sich f\u00fcr unseren\u00a0<a href=\"http:\/\/www.schulgarten.ch\/kontakt\/newsletter\" target=\"_blank\" rel=\"noopener\">Newsletter<\/a> an!<\/span><\/p>\t\t\t\t\t\t\t\t<\/div>\n\t\t\t\t<\/div>\n\t\t\t\t\t<\/div>\n\t\t<\/div>\n\t\t\t\t\t<\/div>\n\t\t<\/section>\n\t\t\t\t<section class=\"elementor-section elementor-top-section elementor-element elementor-element-461a2e3 elementor-section-boxed elementor-section-height-default elementor-section-height-default\" data-id=\"461a2e3\" data-element_type=\"section\">\n\t\t\t\t\t\t<div class=\"elementor-container elementor-column-gap-default\">\n\t\t\t\t\t<div class=\"elementor-column elementor-col-50 elementor-top-column elementor-element elementor-element-ddd6f8f\" data-id=\"ddd6f8f\" data-element_type=\"column\">\n\t\t\t<div class=\"elementor-widget-wrap elementor-element-populated\">\n\t\t\t\t\t\t<div class=\"elementor-element elementor-element-741978f elementor-widget elementor-widget-text-editor\" data-id=\"741978f\" data-element_type=\"widget\" data-widget_type=\"text-editor.default\">\n\t\t\t\t<div class=\"elementor-widget-container\">\n\t\t\t\t\t\t\t\t\t<p><span style=\"color: #000000;\"><strong>Kontakt<br \/><\/strong>Pascal Pauli<\/span><br \/><span style=\"color: #000000;\">032 625 00 27<\/span><br \/><span style=\"color: #000000;\" data-olk-copy-source=\"MessageBody\">bauerngarten@lid.ch<\/span><\/p>\t\t\t\t\t\t\t\t<\/div>\n\t\t\t\t<\/div>\n\t\t\t\t\t<\/div>\n\t\t<\/div>\n\t\t\t\t<div class=\"elementor-column elementor-col-50 elementor-top-column elementor-element elementor-element-5df7dbb\" data-id=\"5df7dbb\" data-element_type=\"column\">\n\t\t\t<div class=\"elementor-widget-wrap\">\n\t\t\t\t\t\t\t<\/div>\n\t\t<\/div>\n\t\t\t\t\t<\/div>\n\t\t<\/section>\n\t\t\t\t<section class=\"elementor-section elementor-top-section elementor-element elementor-element-7d2a5d9 elementor-section-boxed elementor-section-height-default elementor-section-height-default\" data-id=\"7d2a5d9\" data-element_type=\"section\">\n\t\t\t\t\t\t<div class=\"elementor-container elementor-column-gap-default\">\n\t\t\t\t\t<div class=\"elementor-column elementor-col-100 elementor-top-column elementor-element elementor-element-7fb71f4\" data-id=\"7fb71f4\" data-element_type=\"column\">\n\t\t\t<div class=\"elementor-widget-wrap elementor-element-populated\">\n\t\t\t\t\t\t<div class=\"elementor-element elementor-element-b48bd36 elementor-widget elementor-widget-text-editor\" data-id=\"b48bd36\" data-element_type=\"widget\" data-widget_type=\"text-editor.default\">\n\t\t\t\t<div class=\"elementor-widget-container\">\n\t\t\t\t\t\t\t\t\t<p><span style=\"color: #000000;\">Wir danken folgenden Partnern herzlich f\u00fcr die Unterst\u00fctzung bei der Aktion Bohne.<\/span><\/p>\t\t\t\t\t\t\t\t<\/div>\n\t\t\t\t<\/div>\n\t\t\t\t\t<\/div>\n\t\t<\/div>\n\t\t\t\t\t<\/div>\n\t\t<\/section>\n\t\t\t\t<section class=\"elementor-section elementor-top-section elementor-element elementor-element-88e7081 elementor-section-boxed elementor-section-height-default elementor-section-height-default\" data-id=\"88e7081\" data-element_type=\"section\">\n\t\t\t\t\t\t<div class=\"elementor-container elementor-column-gap-default\">\n\t\t\t\t\t<div class=\"elementor-column elementor-col-20 elementor-top-column elementor-element elementor-element-e5c2ee4\" data-id=\"e5c2ee4\" data-element_type=\"column\">\n\t\t\t<div class=\"elementor-widget-wrap elementor-element-populated\">\n\t\t\t\t\t\t<div class=\"elementor-element elementor-element-422211e elementor-widget elementor-widget-image\" data-id=\"422211e\" data-element_type=\"widget\" data-widget_type=\"image.default\">\n\t\t\t\t<div class=\"elementor-widget-container\">\n\t\t\t\t\t\t\t\t\t\t\t\t\t\t\t<img decoding=\"async\" width=\"608\" height=\"297\" src=\"https:\/\/i0.wp.com\/schulgarten.ch\/wp-content\/uploads\/2026\/03\/LID24_Logo_2z-u_CMYK_pos.jpg?fit=608%2C297&amp;ssl=1\" class=\"attachment-large size-large wp-image-9673\" alt=\"\" srcset=\"https:\/\/i0.wp.com\/schulgarten.ch\/wp-content\/uploads\/2026\/03\/LID24_Logo_2z-u_CMYK_pos.jpg?w=608&amp;ssl=1 608w, https:\/\/i0.wp.com\/schulgarten.ch\/wp-content\/uploads\/2026\/03\/LID24_Logo_2z-u_CMYK_pos.jpg?resize=300%2C147&amp;ssl=1 300w\" sizes=\"(max-width: 608px) 100vw, 608px\" \/>\t\t\t\t\t\t\t\t\t\t\t\t\t\t\t<\/div>\n\t\t\t\t<\/div>\n\t\t\t\t\t<\/div>\n\t\t<\/div>\n\t\t\t\t<div class=\"elementor-column elementor-col-20 elementor-top-column elementor-element elementor-element-9e0584a\" data-id=\"9e0584a\" data-element_type=\"column\">\n\t\t\t<div class=\"elementor-widget-wrap elementor-element-populated\">\n\t\t\t\t\t\t<div class=\"elementor-element elementor-element-1bf5308 elementor-widget elementor-widget-image\" data-id=\"1bf5308\" data-element_type=\"widget\" data-widget_type=\"image.default\">\n\t\t\t\t<div class=\"elementor-widget-container\">\n\t\t\t\t\t\t\t\t\t\t\t\t\t\t\t<img decoding=\"async\" width=\"1024\" height=\"991\" src=\"https:\/\/i0.wp.com\/schulgarten.ch\/wp-content\/uploads\/2026\/03\/2024-Naturama-Logo_mit_Schutzzone.png?fit=1024%2C991&amp;ssl=1\" class=\"attachment-large size-large wp-image-9678\" alt=\"\" srcset=\"https:\/\/i0.wp.com\/schulgarten.ch\/wp-content\/uploads\/2026\/03\/2024-Naturama-Logo_mit_Schutzzone.png?w=3486&amp;ssl=1 3486w, https:\/\/i0.wp.com\/schulgarten.ch\/wp-content\/uploads\/2026\/03\/2024-Naturama-Logo_mit_Schutzzone.png?resize=300%2C290&amp;ssl=1 300w, https:\/\/i0.wp.com\/schulgarten.ch\/wp-content\/uploads\/2026\/03\/2024-Naturama-Logo_mit_Schutzzone.png?resize=1024%2C991&amp;ssl=1 1024w, https:\/\/i0.wp.com\/schulgarten.ch\/wp-content\/uploads\/2026\/03\/2024-Naturama-Logo_mit_Schutzzone.png?resize=768%2C743&amp;ssl=1 768w, https:\/\/i0.wp.com\/schulgarten.ch\/wp-content\/uploads\/2026\/03\/2024-Naturama-Logo_mit_Schutzzone.png?resize=1536%2C1486&amp;ssl=1 1536w, https:\/\/i0.wp.com\/schulgarten.ch\/wp-content\/uploads\/2026\/03\/2024-Naturama-Logo_mit_Schutzzone.png?resize=2048%2C1982&amp;ssl=1 2048w, https:\/\/i0.wp.com\/schulgarten.ch\/wp-content\/uploads\/2026\/03\/2024-Naturama-Logo_mit_Schutzzone.png?w=2400&amp;ssl=1 2400w\" sizes=\"(max-width: 1024px) 100vw, 1024px\" \/>\t\t\t\t\t\t\t\t\t\t\t\t\t\t\t<\/div>\n\t\t\t\t<\/div>\n\t\t\t\t\t<\/div>\n\t\t<\/div>\n\t\t\t\t<div class=\"elementor-column elementor-col-20 elementor-top-column elementor-element elementor-element-cbd307f\" data-id=\"cbd307f\" data-element_type=\"column\">\n\t\t\t<div class=\"elementor-widget-wrap elementor-element-populated\">\n\t\t\t\t\t\t<div class=\"elementor-element elementor-element-86e5f5e elementor-widget elementor-widget-image\" data-id=\"86e5f5e\" data-element_type=\"widget\" data-widget_type=\"image.default\">\n\t\t\t\t<div class=\"elementor-widget-container\">\n\t\t\t\t\t\t\t\t\t\t\t\t\t\t\t<img loading=\"lazy\" decoding=\"async\" width=\"1024\" height=\"891\" src=\"https:\/\/i0.wp.com\/schulgarten.ch\/wp-content\/uploads\/2026\/03\/LOGO_Legumes-suisses_mit_Verbandsname_unten_farbig.jpg?fit=1024%2C891&amp;ssl=1\" class=\"attachment-large size-large wp-image-9679\" alt=\"\" srcset=\"https:\/\/i0.wp.com\/schulgarten.ch\/wp-content\/uploads\/2026\/03\/LOGO_Legumes-suisses_mit_Verbandsname_unten_farbig.jpg?w=1692&amp;ssl=1 1692w, https:\/\/i0.wp.com\/schulgarten.ch\/wp-content\/uploads\/2026\/03\/LOGO_Legumes-suisses_mit_Verbandsname_unten_farbig.jpg?resize=300%2C261&amp;ssl=1 300w, https:\/\/i0.wp.com\/schulgarten.ch\/wp-content\/uploads\/2026\/03\/LOGO_Legumes-suisses_mit_Verbandsname_unten_farbig.jpg?resize=1024%2C891&amp;ssl=1 1024w, https:\/\/i0.wp.com\/schulgarten.ch\/wp-content\/uploads\/2026\/03\/LOGO_Legumes-suisses_mit_Verbandsname_unten_farbig.jpg?resize=768%2C669&amp;ssl=1 768w, https:\/\/i0.wp.com\/schulgarten.ch\/wp-content\/uploads\/2026\/03\/LOGO_Legumes-suisses_mit_Verbandsname_unten_farbig.jpg?resize=1536%2C1337&amp;ssl=1 1536w\" sizes=\"(max-width: 1024px) 100vw, 1024px\" \/>\t\t\t\t\t\t\t\t\t\t\t\t\t\t\t<\/div>\n\t\t\t\t<\/div>\n\t\t\t\t\t<\/div>\n\t\t<\/div>\n\t\t\t\t<div class=\"elementor-column elementor-col-20 elementor-top-column elementor-element elementor-element-6fbee48\" data-id=\"6fbee48\" data-element_type=\"column\">\n\t\t\t<div class=\"elementor-widget-wrap elementor-element-populated\">\n\t\t\t\t\t\t<div class=\"elementor-element elementor-element-182b8ac elementor-widget elementor-widget-image\" data-id=\"182b8ac\" data-element_type=\"widget\" data-widget_type=\"image.default\">\n\t\t\t\t<div class=\"elementor-widget-container\">\n\t\t\t\t\t\t\t\t\t\t\t\t\t\t\t<img loading=\"lazy\" decoding=\"async\" width=\"944\" height=\"551\" src=\"https:\/\/i0.wp.com\/schulgarten.ch\/wp-content\/uploads\/2026\/03\/Markenlogo_d_f_CMYK_HGblau_neg.jpg?fit=944%2C551&amp;ssl=1\" class=\"attachment-large size-large wp-image-9674\" alt=\"\" srcset=\"https:\/\/i0.wp.com\/schulgarten.ch\/wp-content\/uploads\/2026\/03\/Markenlogo_d_f_CMYK_HGblau_neg.jpg?w=944&amp;ssl=1 944w, https:\/\/i0.wp.com\/schulgarten.ch\/wp-content\/uploads\/2026\/03\/Markenlogo_d_f_CMYK_HGblau_neg.jpg?resize=300%2C175&amp;ssl=1 300w, https:\/\/i0.wp.com\/schulgarten.ch\/wp-content\/uploads\/2026\/03\/Markenlogo_d_f_CMYK_HGblau_neg.jpg?resize=768%2C448&amp;ssl=1 768w\" sizes=\"(max-width: 944px) 100vw, 944px\" \/>\t\t\t\t\t\t\t\t\t\t\t\t\t\t\t<\/div>\n\t\t\t\t<\/div>\n\t\t\t\t\t<\/div>\n\t\t<\/div>\n\t\t\t\t<div class=\"elementor-column elementor-col-20 elementor-top-column elementor-element elementor-element-fb7671d\" data-id=\"fb7671d\" data-element_type=\"column\">\n\t\t\t<div class=\"elementor-widget-wrap elementor-element-populated\">\n\t\t\t\t\t\t<div class=\"elementor-element elementor-element-3de6c6f elementor-widget elementor-widget-image\" data-id=\"3de6c6f\" data-element_type=\"widget\" data-widget_type=\"image.default\">\n\t\t\t\t<div class=\"elementor-widget-container\">\n\t\t\t\t\t\t\t\t\t\t\t\t\t\t\t<img loading=\"lazy\" decoding=\"async\" width=\"745\" height=\"560\" src=\"https:\/\/i0.wp.com\/schulgarten.ch\/wp-content\/uploads\/2026\/03\/schweizer-pflanzen_sn_rgb_2018.jpg?fit=745%2C560&amp;ssl=1\" class=\"attachment-large size-large wp-image-9677\" alt=\"\" srcset=\"https:\/\/i0.wp.com\/schulgarten.ch\/wp-content\/uploads\/2026\/03\/schweizer-pflanzen_sn_rgb_2018.jpg?w=745&amp;ssl=1 745w, https:\/\/i0.wp.com\/schulgarten.ch\/wp-content\/uploads\/2026\/03\/schweizer-pflanzen_sn_rgb_2018.jpg?resize=300%2C226&amp;ssl=1 300w\" sizes=\"(max-width: 745px) 100vw, 745px\" \/>\t\t\t\t\t\t\t\t\t\t\t\t\t\t\t<\/div>\n\t\t\t\t<\/div>\n\t\t\t\t\t<\/div>\n\t\t<\/div>\n\t\t\t\t\t<\/div>\n\t\t<\/section>\n\t\t\t\t<\/div>\n\t\t","protected":false},"excerpt":{"rendered":"<p>Aktion Bohne\u00a0 Was bringt Bohnen zum Wachsen? Ein Klassenwettbewerb der besonderen Art. Von Mai bis September 2026. F\u00fcr Kindergarten bis 3. Klasse.Jedes Kind \/ Team pflanzt Stangenbohnen im Topf oder im Beet und erforscht auf spielerische, kreative und aktive Art und Weise das Wachstum einer Pflanze \u2013 von der Keimung bis zum ersten H\u00f6henmeter.Ziel ist [&hellip;]<\/p>\n","protected":false},"author":16,"featured_media":0,"parent":8303,"menu_order":8,"comment_status":"closed","ping_status":"closed","template":"","meta":{"ocean_post_layout":"","ocean_both_sidebars_style":"","ocean_both_sidebars_content_width":0,"ocean_both_sidebars_sidebars_width":0,"ocean_sidebar":"0","ocean_second_sidebar":"0","ocean_disable_margins":"enable","ocean_add_body_class":"","ocean_shortcode_before_top_bar":"","ocean_shortcode_after_top_bar":"","ocean_shortcode_before_header":"","ocean_shortcode_after_header":"","ocean_has_shortcode":"","ocean_shortcode_after_title":"","ocean_shortcode_before_footer_widgets":"","ocean_shortcode_after_footer_widgets":"","ocean_shortcode_before_footer_bottom":"","ocean_shortcode_after_footer_bottom":"","ocean_display_top_bar":"default","ocean_display_header":"default","ocean_header_style":"","ocean_center_header_left_menu":"0","ocean_custom_header_template":"0","ocean_custom_logo":0,"ocean_custom_retina_logo":0,"ocean_custom_logo_max_width":0,"ocean_custom_logo_tablet_max_width":0,"ocean_custom_logo_mobile_max_width":0,"ocean_custom_logo_max_height":0,"ocean_custom_logo_tablet_max_height":0,"ocean_custom_logo_mobile_max_height":0,"ocean_header_custom_menu":"0","ocean_menu_typo_font_family":"0","ocean_menu_typo_font_subset":"","ocean_menu_typo_font_size":0,"ocean_menu_typo_font_size_tablet":0,"ocean_menu_typo_font_size_mobile":0,"ocean_menu_typo_font_size_unit":"px","ocean_menu_typo_font_weight":"","ocean_menu_typo_font_weight_tablet":"","ocean_menu_typo_font_weight_mobile":"","ocean_menu_typo_transform":"","ocean_menu_typo_transform_tablet":"","ocean_menu_typo_transform_mobile":"","ocean_menu_typo_line_height":0,"ocean_menu_typo_line_height_tablet":0,"ocean_menu_typo_line_height_mobile":0,"ocean_menu_typo_line_height_unit":"","ocean_menu_typo_spacing":0,"ocean_menu_typo_spacing_tablet":0,"ocean_menu_typo_spacing_mobile":0,"ocean_menu_typo_spacing_unit":"","ocean_menu_link_color":"","ocean_menu_link_color_hover":"","ocean_menu_link_color_active":"","ocean_menu_link_background":"","ocean_menu_link_hover_background":"","ocean_menu_link_active_background":"","ocean_menu_social_links_bg":"","ocean_menu_social_hover_links_bg":"","ocean_menu_social_links_color":"","ocean_menu_social_hover_links_color":"","ocean_disable_title":"default","ocean_disable_heading":"default","ocean_post_title":"","ocean_post_subheading":"","ocean_post_title_style":"background-image","ocean_post_title_background_color":"","ocean_post_title_background":2433,"ocean_post_title_bg_image_position":"center center","ocean_post_title_bg_image_attachment":"","ocean_post_title_bg_image_repeat":"","ocean_post_title_bg_image_size":"","ocean_post_title_height":0,"ocean_post_title_bg_overlay":0.5,"ocean_post_title_bg_overlay_color":"","ocean_disable_breadcrumbs":"default","ocean_breadcrumbs_color":"","ocean_breadcrumbs_separator_color":"","ocean_breadcrumbs_links_color":"","ocean_breadcrumbs_links_hover_color":"","ocean_display_footer_widgets":"default","ocean_display_footer_bottom":"default","ocean_custom_footer_template":"0","omw_enable_modal_window":"enable","footnotes":""},"class_list":["post-9012","page","type-page","status-publish","hentry","entry"],"jetpack_sharing_enabled":true,"_links":{"self":[{"href":"https:\/\/schulgarten.ch\/fr\/wp-json\/wp\/v2\/pages\/9012","targetHints":{"allow":["GET"]}}],"collection":[{"href":"https:\/\/schulgarten.ch\/fr\/wp-json\/wp\/v2\/pages"}],"about":[{"href":"https:\/\/schulgarten.ch\/fr\/wp-json\/wp\/v2\/types\/page"}],"author":[{"embeddable":true,"href":"https:\/\/schulgarten.ch\/fr\/wp-json\/wp\/v2\/users\/16"}],"replies":[{"embeddable":true,"href":"https:\/\/schulgarten.ch\/fr\/wp-json\/wp\/v2\/comments?post=9012"}],"version-history":[{"count":41,"href":"https:\/\/schulgarten.ch\/fr\/wp-json\/wp\/v2\/pages\/9012\/revisions"}],"predecessor-version":[{"id":9685,"href":"https:\/\/schulgarten.ch\/fr\/wp-json\/wp\/v2\/pages\/9012\/revisions\/9685"}],"up":[{"embeddable":true,"href":"https:\/\/schulgarten.ch\/fr\/wp-json\/wp\/v2\/pages\/8303"}],"wp:attachment":[{"href":"https:\/\/schulgarten.ch\/fr\/wp-json\/wp\/v2\/media?parent=9012"}],"curies":[{"name":"wp","href":"https:\/\/api.w.org\/{rel}","templated":true}]}}