{"id":8784,"date":"2025-10-14T11:48:37","date_gmt":"2025-10-14T09:48:37","guid":{"rendered":"https:\/\/schulgarten.ch\/?page_id=8784"},"modified":"2026-01-26T12:25:38","modified_gmt":"2026-01-26T11:25:38","slug":"netzwerk","status":"publish","type":"page","link":"https:\/\/schulgarten.ch\/fr\/bildungsgaerten\/netzwerk\/","title":{"rendered":"Netzwerk und Austausch"},"content":{"rendered":"\t\t<div data-elementor-type=\"wp-page\" data-elementor-id=\"8784\" class=\"elementor elementor-8784\" data-elementor-post-type=\"page\">\n\t\t\t\t\t\t<section class=\"elementor-section elementor-top-section elementor-element elementor-element-a30662b elementor-section-boxed elementor-section-height-default elementor-section-height-default\" data-id=\"a30662b\" data-element_type=\"section\">\n\t\t\t\t\t\t<div class=\"elementor-container elementor-column-gap-default\">\n\t\t\t\t\t<div class=\"elementor-column elementor-col-100 elementor-top-column elementor-element elementor-element-ca0b001\" data-id=\"ca0b001\" data-element_type=\"column\">\n\t\t\t<div class=\"elementor-widget-wrap elementor-element-populated\">\n\t\t\t\t\t\t<div class=\"elementor-element elementor-element-009bef8 elementor-widget elementor-widget-heading\" data-id=\"009bef8\" data-element_type=\"widget\" data-widget_type=\"heading.default\">\n\t\t\t\t<div class=\"elementor-widget-container\">\n\t\t\t\t\t<h2 class=\"elementor-heading-title elementor-size-default\">Netzwerk Bildungsg\u00e4rten<\/h2>\t\t\t\t<\/div>\n\t\t\t\t<\/div>\n\t\t\t\t\t<\/div>\n\t\t<\/div>\n\t\t\t\t\t<\/div>\n\t\t<\/section>\n\t\t\t\t<section class=\"elementor-section elementor-top-section elementor-element elementor-element-6f1db0ee elementor-section-boxed elementor-section-height-default elementor-section-height-default\" data-id=\"6f1db0ee\" data-element_type=\"section\">\n\t\t\t\t\t\t<div class=\"elementor-container elementor-column-gap-default\">\n\t\t\t\t\t<div class=\"elementor-column elementor-col-100 elementor-top-column elementor-element elementor-element-35a5e1dc\" data-id=\"35a5e1dc\" data-element_type=\"column\">\n\t\t\t<div class=\"elementor-widget-wrap elementor-element-populated\">\n\t\t\t\t\t\t<div class=\"elementor-element elementor-element-d358544 elementor-widget__width-initial elementor-widget elementor-widget-text-editor\" data-id=\"d358544\" data-element_type=\"widget\" data-widget_type=\"text-editor.default\">\n\t\t\t\t<div class=\"elementor-widget-container\">\n\t\t\t\t\t\t\t\t\t<p><span style=\"color: #000000;\"><strong>Weiterf\u00fchrung und Austausch<\/strong><\/span><\/p><p><span style=\"color: #000000;\">Das vom BAFU unterst\u00fctzte Projekt <em>Insitutionalisierung von<\/em> B<em data-start=\"507\" data-end=\"554\">ildungsg\u00e4rten an P\u00e4dagogischen Hochschulen <\/em>wird Ende 2025 \u00a0abgeschlossen.<\/span><br data-start=\"585\" data-end=\"588\" \/><span style=\"color: #000000;\">An den drei Standorten PH FHNW Brugg-Windisch, PH Freiburg und PH St. Gallen konnten im Jahr 2025 Bildungsg\u00e4rten aufgebaut, erprobt und nachhaltig in die Ausbildung integriert werden. Weitere Bildungsg\u00e4rten bestehen etwa bereits an der PHBern (IBW), sowie an an der PH FHNW Solothurn.<\/span><\/p><p><strong data-start=\"220\" data-end=\"332\">Bildungsg\u00e4rten erm\u00f6glichen praxisnahes, interdisziplin\u00e4res und forschendes Lernen im Bereich Nachhaltigkeit.<\/strong><br data-start=\"332\" data-end=\"335\" \/>Sie verbinden theoretische Inhalte mit direkter Naturerfahrung und f\u00f6rdern Kompetenzen in Biodiversit\u00e4t, Ern\u00e4hrung und Bewegung. Bildungsg\u00e4rten sind zudem wichtige Forschungsfelder und machen das Draussenlernen las Lernort erlebbar.<br data-start=\"644\" data-end=\"647\" \/>Damit leisten sie einen wichtigen Beitrag zur Verankerung von Bildung f\u00fcr Nachhaltige Entwicklung (BNE) in der Lehrer:innenausbildung.<\/p><p><span style=\"font-family: Roboto, sans-serif; font-size: 14px; font-style: normal; font-variant-ligatures: normal; font-variant-caps: normal; font-weight: 400;\">Als Lern- und Begegnungsr\u00e4ume vernetzen sie Studierende, Dozierende, Schulen und externe Organisationen wie NGOs oder Verwaltungen und schaffen so neue Formen der Zusammenarbeit.<\/span><\/p><p><strong><span style=\"font-family: Roboto, sans-serif; font-size: 14px; font-style: normal; font-variant-ligatures: normal; font-variant-caps: normal;\">I<\/span><\/strong><span style=\"font-family: Roboto, sans-serif; font-size: 14px; font-style: normal; font-variant-ligatures: normal; font-variant-caps: normal;\"><strong>m 2026<\/strong> werden deshalb die Austauschtreffen der beteiligten und neuen interessierten (P\u00e4dagogischen) Hochschulen weitergef\u00fchrt \u2013 das Projekt wird auch im 2026 vom Bundesamt f\u00fcr Umwelt unterst\u00fctzt. Geplant sind 2 bis 3 Austauschtreffen.<\/span><\/p>\t\t\t\t\t\t\t\t<\/div>\n\t\t\t\t<\/div>\n\t\t\t\t\t<\/div>\n\t\t<\/div>\n\t\t\t\t\t<\/div>\n\t\t<\/section>\n\t\t\t\t<section class=\"elementor-section elementor-top-section elementor-element elementor-element-c72c00a elementor-section-boxed elementor-section-height-default elementor-section-height-default\" data-id=\"c72c00a\" data-element_type=\"section\">\n\t\t\t\t\t\t<div class=\"elementor-container elementor-column-gap-default\">\n\t\t\t\t\t<div class=\"elementor-column elementor-col-100 elementor-top-column elementor-element elementor-element-720a29f\" data-id=\"720a29f\" data-element_type=\"column\">\n\t\t\t<div class=\"elementor-widget-wrap\">\n\t\t\t\t\t\t\t<\/div>\n\t\t<\/div>\n\t\t\t\t\t<\/div>\n\t\t<\/section>\n\t\t\t\t<section class=\"elementor-section elementor-top-section elementor-element elementor-element-a0cd6d5 elementor-section-boxed elementor-section-height-default elementor-section-height-default\" data-id=\"a0cd6d5\" data-element_type=\"section\">\n\t\t\t\t\t\t<div class=\"elementor-container elementor-column-gap-default\">\n\t\t\t\t\t<div class=\"elementor-column elementor-col-50 elementor-top-column elementor-element elementor-element-1e2a9d3\" data-id=\"1e2a9d3\" data-element_type=\"column\">\n\t\t\t<div class=\"elementor-widget-wrap elementor-element-populated\">\n\t\t\t\t\t\t<div class=\"elementor-element elementor-element-48f41f3 elementor-widget elementor-widget-heading\" data-id=\"48f41f3\" data-element_type=\"widget\" data-widget_type=\"heading.default\">\n\t\t\t\t<div class=\"elementor-widget-container\">\n\t\t\t\t\t<h3 class=\"elementor-heading-title elementor-size-default\">N\u00e4chstes Austauschtreffen<\/h3>\t\t\t\t<\/div>\n\t\t\t\t<\/div>\n\t\t\t\t<div class=\"elementor-element elementor-element-11c808c elementor-widget__width-initial elementor-widget elementor-widget-text-editor\" data-id=\"11c808c\" data-element_type=\"widget\" data-widget_type=\"text-editor.default\">\n\t\t\t\t<div class=\"elementor-widget-container\">\n\t\t\t\t\t\t\t\t\t<p>Das n\u00e4chste Austauschtreffen findet am D<strong>o, 19. Februar 2026 von 9.00 bis 10.30 Uhr<\/strong> statt.<\/p><p><span style=\"color: #000000;\">Der Verein Bildungs- und Schulg\u00e4rten Schweiz wird den begonnenen Austausch fortsetzen und ausbauen \u2013 gemeinsam mit den bisherigen und weiteren Bildungsgarten-Verantwortlichen der PH St. Gallen, PH FHNW Solothurn und Brugg-Windisch, Uni Freiburg | Fribourg (ehemals PH Freiburg | HEP Fribourg), PH Freiburg im Breisgau aber auch mit neuen interessierten Dozierenden von (P\u00e4dagogischen) Hochschulen. <\/span><span style=\"color: #000000;\">Ziel ist es, die <strong>Vernetzung zu st\u00e4rken<\/strong>, <strong>Wissen, Ideen und\u00a0Erfahrungen auszutauschen<\/strong> und weitere P\u00e4dagogische Hochschulen bei der Einrichtung eigener Bildungsg\u00e4rten zu unterst\u00fctzen, so dass Studierende der PHs m\u00f6glichst viel \u00fcber den Einbezug von Schulg\u00e4rten in die Berufspraxis mitnehmen k\u00f6nnen.<\/span><\/p><p>Bei Interesse an einer Teilnahme am Austauschtreffen k\u00f6nnen sich interessierte Vertreterinnen und Vertreter von (P\u00e4dagogischen) Hochschulen bei uns melden.<\/p>\t\t\t\t\t\t\t\t<\/div>\n\t\t\t\t<\/div>\n\t\t\t\t<div class=\"elementor-element elementor-element-54867b8 elementor-widget elementor-widget-button\" data-id=\"54867b8\" data-element_type=\"widget\" data-widget_type=\"button.default\">\n\t\t\t\t<div class=\"elementor-widget-container\">\n\t\t\t\t\t\t\t\t\t<div class=\"elementor-button-wrapper\">\n\t\t\t\t\t<a class=\"elementor-button elementor-button-link elementor-size-sm\" href=\"mailto:info@schulgarten.ch?subject=Netzwerk%20Bildungsg\u00e4rten\" target=\"_blank\">\n\t\t\t\t\t\t<span class=\"elementor-button-content-wrapper\">\n\t\t\t\t\t\t\t\t\t<span class=\"elementor-button-text\">Anfrage f\u00fcr Teilnahme am Netzwerktreffen<\/span>\n\t\t\t\t\t<\/span>\n\t\t\t\t\t<\/a>\n\t\t\t\t<\/div>\n\t\t\t\t\t\t\t\t<\/div>\n\t\t\t\t<\/div>\n\t\t\t\t\t<\/div>\n\t\t<\/div>\n\t\t\t\t<div class=\"elementor-column elementor-col-50 elementor-top-column elementor-element elementor-element-726cea2\" data-id=\"726cea2\" data-element_type=\"column\">\n\t\t\t<div class=\"elementor-widget-wrap\">\n\t\t\t\t\t\t\t<\/div>\n\t\t<\/div>\n\t\t\t\t\t<\/div>\n\t\t<\/section>\n\t\t\t\t<\/div>\n\t\t","protected":false},"excerpt":{"rendered":"<p>Netzwerk Bildungsg\u00e4rten Weiterf\u00fchrung und Austausch Das vom BAFU unterst\u00fctzte Projekt Insitutionalisierung von Bildungsg\u00e4rten an P\u00e4dagogischen Hochschulen wird Ende 2025 \u00a0abgeschlossen.An den drei Standorten PH FHNW Brugg-Windisch, PH Freiburg und PH St. Gallen konnten im Jahr 2025 Bildungsg\u00e4rten aufgebaut, erprobt und nachhaltig in die Ausbildung integriert werden. Weitere Bildungsg\u00e4rten bestehen etwa bereits an der PHBern (IBW), [&hellip;]<\/p>\n","protected":false},"author":55,"featured_media":0,"parent":8776,"menu_order":0,"comment_status":"closed","ping_status":"closed","template":"","meta":{"ocean_post_layout":"","ocean_both_sidebars_style":"","ocean_both_sidebars_content_width":0,"ocean_both_sidebars_sidebars_width":0,"ocean_sidebar":"0","ocean_second_sidebar":"0","ocean_disable_margins":"enable","ocean_add_body_class":"","ocean_shortcode_before_top_bar":"","ocean_shortcode_after_top_bar":"","ocean_shortcode_before_header":"","ocean_shortcode_after_header":"","ocean_has_shortcode":"","ocean_shortcode_after_title":"","ocean_shortcode_before_footer_widgets":"","ocean_shortcode_after_footer_widgets":"","ocean_shortcode_before_footer_bottom":"","ocean_shortcode_after_footer_bottom":"","ocean_display_top_bar":"default","ocean_display_header":"default","ocean_header_style":"","ocean_center_header_left_menu":"0","ocean_custom_header_template":"0","ocean_custom_logo":0,"ocean_custom_retina_logo":0,"ocean_custom_logo_max_width":0,"ocean_custom_logo_tablet_max_width":0,"ocean_custom_logo_mobile_max_width":0,"ocean_custom_logo_max_height":0,"ocean_custom_logo_tablet_max_height":0,"ocean_custom_logo_mobile_max_height":0,"ocean_header_custom_menu":"0","ocean_menu_typo_font_family":"0","ocean_menu_typo_font_subset":"","ocean_menu_typo_font_size":0,"ocean_menu_typo_font_size_tablet":0,"ocean_menu_typo_font_size_mobile":0,"ocean_menu_typo_font_size_unit":"px","ocean_menu_typo_font_weight":"","ocean_menu_typo_font_weight_tablet":"","ocean_menu_typo_font_weight_mobile":"","ocean_menu_typo_transform":"","ocean_menu_typo_transform_tablet":"","ocean_menu_typo_transform_mobile":"","ocean_menu_typo_line_height":0,"ocean_menu_typo_line_height_tablet":0,"ocean_menu_typo_line_height_mobile":0,"ocean_menu_typo_line_height_unit":"","ocean_menu_typo_spacing":0,"ocean_menu_typo_spacing_tablet":0,"ocean_menu_typo_spacing_mobile":0,"ocean_menu_typo_spacing_unit":"","ocean_menu_link_color":"","ocean_menu_link_color_hover":"","ocean_menu_link_color_active":"","ocean_menu_link_background":"","ocean_menu_link_hover_background":"","ocean_menu_link_active_background":"","ocean_menu_social_links_bg":"","ocean_menu_social_hover_links_bg":"","ocean_menu_social_links_color":"","ocean_menu_social_hover_links_color":"","ocean_disable_title":"default","ocean_disable_heading":"default","ocean_post_title":"","ocean_post_subheading":"","ocean_post_title_style":"","ocean_post_title_background_color":"","ocean_post_title_background":0,"ocean_post_title_bg_image_position":"","ocean_post_title_bg_image_attachment":"","ocean_post_title_bg_image_repeat":"","ocean_post_title_bg_image_size":"","ocean_post_title_height":0,"ocean_post_title_bg_overlay":0.5,"ocean_post_title_bg_overlay_color":"","ocean_disable_breadcrumbs":"default","ocean_breadcrumbs_color":"","ocean_breadcrumbs_separator_color":"","ocean_breadcrumbs_links_color":"","ocean_breadcrumbs_links_hover_color":"","ocean_display_footer_widgets":"default","ocean_display_footer_bottom":"default","ocean_custom_footer_template":"0","omw_enable_modal_window":"enable","footnotes":""},"class_list":["post-8784","page","type-page","status-publish","hentry","entry"],"jetpack_sharing_enabled":true,"_links":{"self":[{"href":"https:\/\/schulgarten.ch\/fr\/wp-json\/wp\/v2\/pages\/8784","targetHints":{"allow":["GET"]}}],"collection":[{"href":"https:\/\/schulgarten.ch\/fr\/wp-json\/wp\/v2\/pages"}],"about":[{"href":"https:\/\/schulgarten.ch\/fr\/wp-json\/wp\/v2\/types\/page"}],"author":[{"embeddable":true,"href":"https:\/\/schulgarten.ch\/fr\/wp-json\/wp\/v2\/users\/55"}],"replies":[{"embeddable":true,"href":"https:\/\/schulgarten.ch\/fr\/wp-json\/wp\/v2\/comments?post=8784"}],"version-history":[{"count":41,"href":"https:\/\/schulgarten.ch\/fr\/wp-json\/wp\/v2\/pages\/8784\/revisions"}],"predecessor-version":[{"id":9588,"href":"https:\/\/schulgarten.ch\/fr\/wp-json\/wp\/v2\/pages\/8784\/revisions\/9588"}],"up":[{"embeddable":true,"href":"https:\/\/schulgarten.ch\/fr\/wp-json\/wp\/v2\/pages\/8776"}],"wp:attachment":[{"href":"https:\/\/schulgarten.ch\/fr\/wp-json\/wp\/v2\/media?parent=8784"}],"curies":[{"name":"wp","href":"https:\/\/api.w.org\/{rel}","templated":true}]}}