{"id":4316,"date":"2022-02-01T16:22:51","date_gmt":"2022-02-01T15:22:51","guid":{"rendered":"https:\/\/schulgarten.ch\/?page_id=4316"},"modified":"2023-03-06T08:28:10","modified_gmt":"2023-03-06T07:28:10","slug":"popcorn","status":"publish","type":"page","link":"https:\/\/schulgarten.ch\/en\/angebote\/popcorn\/","title":{"rendered":"Popcorn"},"content":{"rendered":"\t\t<div data-elementor-type=\"wp-page\" data-elementor-id=\"4316\" class=\"elementor elementor-4316\" data-elementor-post-type=\"page\">\n\t\t\t\t\t\t<section class=\"elementor-section elementor-top-section elementor-element elementor-element-2945a05 elementor-section-boxed elementor-section-height-default elementor-section-height-default\" data-id=\"2945a05\" data-element_type=\"section\">\n\t\t\t\t\t\t<div class=\"elementor-container elementor-column-gap-default\">\n\t\t\t\t\t<div class=\"elementor-column elementor-col-100 elementor-top-column elementor-element elementor-element-c204f45\" data-id=\"c204f45\" data-element_type=\"column\">\n\t\t\t<div class=\"elementor-widget-wrap elementor-element-populated\">\n\t\t\t\t\t\t<div class=\"elementor-element elementor-element-8488a4a elementor-widget elementor-widget-heading\" data-id=\"8488a4a\" data-element_type=\"widget\" data-widget_type=\"heading.default\">\n\t\t\t\t<div class=\"elementor-widget-container\">\n\t\t\t\t\t<h2 class=\"elementor-heading-title elementor-size-default\">Angebot Popcorn und seine zwei Schwestern<\/h2>\t\t\t\t<\/div>\n\t\t\t\t<\/div>\n\t\t\t\t\t<\/div>\n\t\t<\/div>\n\t\t\t\t\t<\/div>\n\t\t<\/section>\n\t\t\t\t<section class=\"elementor-section elementor-top-section elementor-element elementor-element-fb92a9b elementor-section-boxed elementor-section-height-default elementor-section-height-default\" data-id=\"fb92a9b\" data-element_type=\"section\">\n\t\t\t\t\t\t<div class=\"elementor-container elementor-column-gap-default\">\n\t\t\t\t\t<div class=\"elementor-column elementor-col-50 elementor-top-column elementor-element elementor-element-628762f\" data-id=\"628762f\" data-element_type=\"column\">\n\t\t\t<div class=\"elementor-widget-wrap elementor-element-populated\">\n\t\t\t\t\t\t<div class=\"elementor-element elementor-element-7810caa elementor-widget elementor-widget-image\" data-id=\"7810caa\" data-element_type=\"widget\" data-widget_type=\"image.default\">\n\t\t\t\t<div class=\"elementor-widget-container\">\n\t\t\t\t\t\t\t\t\t\t\t\t\t\t\t<img fetchpriority=\"high\" decoding=\"async\" width=\"540\" height=\"142\" src=\"https:\/\/i0.wp.com\/schulgarten.ch\/wp-content\/uploads\/2022\/02\/Logo-Ecoviva.png?fit=540%2C142&amp;ssl=1\" class=\"attachment-medium_large size-medium_large wp-image-4317\" alt=\"\" srcset=\"https:\/\/i0.wp.com\/schulgarten.ch\/wp-content\/uploads\/2022\/02\/Logo-Ecoviva.png?w=540&amp;ssl=1 540w, https:\/\/i0.wp.com\/schulgarten.ch\/wp-content\/uploads\/2022\/02\/Logo-Ecoviva.png?resize=300%2C79&amp;ssl=1 300w\" sizes=\"(max-width: 540px) 100vw, 540px\" \/>\t\t\t\t\t\t\t\t\t\t\t\t\t\t\t<\/div>\n\t\t\t\t<\/div>\n\t\t\t\t\t<\/div>\n\t\t<\/div>\n\t\t\t\t<div class=\"elementor-column elementor-col-50 elementor-top-column elementor-element elementor-element-836e0d9\" data-id=\"836e0d9\" data-element_type=\"column\">\n\t\t\t<div class=\"elementor-widget-wrap elementor-element-populated\">\n\t\t\t\t\t\t<div class=\"elementor-element elementor-element-57506bd elementor-widget elementor-widget-image\" data-id=\"57506bd\" data-element_type=\"widget\" data-widget_type=\"image.default\">\n\t\t\t\t<div class=\"elementor-widget-container\">\n\t\t\t\t\t\t\t\t\t\t\t\t\t\t\t<img decoding=\"async\" src=\"https:\/\/i0.wp.com\/schulgarten.ch\/wp-content\/uploads\/2022\/02\/Logo-Popcorn.jpg?fit=130%2C130&#038;ssl=1\" title=\"Logo Popcorn\" alt=\"Logo Popcorn\" loading=\"lazy\" \/>\t\t\t\t\t\t\t\t\t\t\t\t\t\t\t<\/div>\n\t\t\t\t<\/div>\n\t\t\t\t\t<\/div>\n\t\t<\/div>\n\t\t\t\t\t<\/div>\n\t\t<\/section>\n\t\t\t\t<section class=\"elementor-section elementor-top-section elementor-element elementor-element-77be9c6 elementor-section-boxed elementor-section-height-default elementor-section-height-default\" data-id=\"77be9c6\" data-element_type=\"section\">\n\t\t\t\t\t\t<div class=\"elementor-container elementor-column-gap-default\">\n\t\t\t\t\t<div class=\"elementor-column elementor-col-100 elementor-top-column elementor-element elementor-element-c172ea8\" data-id=\"c172ea8\" data-element_type=\"column\">\n\t\t\t<div class=\"elementor-widget-wrap elementor-element-populated\">\n\t\t\t\t\t\t<div class=\"elementor-element elementor-element-995aad3 elementor-widget elementor-widget-text-editor\" data-id=\"995aad3\" data-element_type=\"widget\" data-widget_type=\"text-editor.default\">\n\t\t\t\t<div class=\"elementor-widget-container\">\n\t\t\t\t\t\t\t\t\t<p><span style=\"color: #000000;\">Was brauchen Maispflanzen zum Wachsen? Wie k\u00f6nnen wir unser selbst gemachtes Popcorn am besten verkaufen? Was sind die Ursachen f\u00fcr Hunger und Mangelerscheinungen? Warum fallen drei Viertel der durch den Schweizer Konsum verursachten Umweltbelastungen im Ausland an? Und welche Rolle spielt dabei das Essen?<\/span><\/p><p><span style=\"color: #000000;\">\u00abPopcorn und seine zwei Schwestern\u00bb ist ein Lehrmittel mit bis zu 42 vorbereiteten Klassenlektionen und dazugeh\u00f6rigem Materialkoffer zum Thema nachhaltige Ern\u00e4hrung. Gemeinsam mit Lehrpersonen entwickelt, ist das Projekt bereits erfolgreich erprobt.<\/span><\/p><p><span style=\"color: #000000;\">Erfahrungen beim Gem\u00fcseanbau im Schulgarten oder Hochbeet werden direkt in den Unterricht integriert. Mit pfannenfertigen Lektionen wird den Lehrpersonen viel Vorbereitungszeit abgenommen, um das Thema nachhaltige Ern\u00e4hrung von allen Seiten beleuchtet. Entsprechend den Anforderungen des Lehrplans 21 ist das Modul sehr geeignet f\u00fcr eine Umsetzung von Bildung f\u00fcr Nachhaltige<\/span><span>\u00a0<\/span><span style=\"color: #000000;\">Entwicklung. Es eignet sich f\u00fcr den zweiten Zyklus (3.- 6. Klasse).<\/span><\/p><p><span style=\"color: #000000;\">Der praktische Modul-Koffer enth\u00e4lt alle gedruckten p\u00e4dagogischen Unterlagen f\u00fcr den Klassenunterricht, dazu Spiele, Bilder, Poster, Videos und Literatur zur Vertiefung des Themas.\u00a0<\/span><span style=\"color: #000000;\">Preis Ankauf Modulkoffer: 570.- CHF<\/span><\/p>\t\t\t\t\t\t\t\t<\/div>\n\t\t\t\t<\/div>\n\t\t\t\t\t<\/div>\n\t\t<\/div>\n\t\t\t\t\t<\/div>\n\t\t<\/section>\n\t\t\t\t<section class=\"elementor-section elementor-top-section elementor-element elementor-element-f5648ba elementor-section-boxed elementor-section-height-default elementor-section-height-default\" data-id=\"f5648ba\" data-element_type=\"section\">\n\t\t\t\t\t\t<div class=\"elementor-container elementor-column-gap-default\">\n\t\t\t\t\t<div class=\"elementor-column elementor-col-100 elementor-top-column elementor-element elementor-element-a62b8a8\" data-id=\"a62b8a8\" data-element_type=\"column\">\n\t\t\t<div class=\"elementor-widget-wrap elementor-element-populated\">\n\t\t\t\t\t\t<div class=\"elementor-element elementor-element-830f5b7 elementor-widget elementor-widget-button\" data-id=\"830f5b7\" data-element_type=\"widget\" data-widget_type=\"button.default\">\n\t\t\t\t<div class=\"elementor-widget-container\">\n\t\t\t\t\t\t\t\t\t<div class=\"elementor-button-wrapper\">\n\t\t\t\t\t<a class=\"elementor-button elementor-button-link elementor-size-sm\" href=\"http:\/\/www.popcornmodul.ch\" target=\"_blank\">\n\t\t\t\t\t\t<span class=\"elementor-button-content-wrapper\">\n\t\t\t\t\t\t\t\t\t<span class=\"elementor-button-text\">popcornmodul.ch<\/span>\n\t\t\t\t\t<\/span>\n\t\t\t\t\t<\/a>\n\t\t\t\t<\/div>\n\t\t\t\t\t\t\t\t<\/div>\n\t\t\t\t<\/div>\n\t\t\t\t\t<\/div>\n\t\t<\/div>\n\t\t\t\t\t<\/div>\n\t\t<\/section>\n\t\t\t\t<section class=\"elementor-section elementor-top-section elementor-element elementor-element-5f70bcb elementor-section-boxed elementor-section-height-default elementor-section-height-default\" data-id=\"5f70bcb\" data-element_type=\"section\">\n\t\t\t\t\t\t<div class=\"elementor-container elementor-column-gap-default\">\n\t\t\t\t\t<div class=\"elementor-column elementor-col-100 elementor-top-column elementor-element elementor-element-b36d071\" data-id=\"b36d071\" data-element_type=\"column\">\n\t\t\t<div class=\"elementor-widget-wrap elementor-element-populated\">\n\t\t\t\t\t\t<div class=\"elementor-element elementor-element-8ee0ea4 elementor-widget elementor-widget-global elementor-global-3804 elementor-widget-acy_sub_form\" data-id=\"8ee0ea4\" data-element_type=\"widget\" data-widget_type=\"acy_sub_form.default\">\n\t\t\t\t<div class=\"elementor-widget-container\">\n\t\t\t\t\t<style>#acym_module_formAcym52451 .acysubbuttons .subbutton {border-style: solid;}<\/style><style>#acym_module_formAcym52451, #acym_module_formAcym52451 td {color: #000000;}<\/style>Newsletter und Zusatzleistungen abonnieren<script type=\"text\/javascript\">\n                window.addEventListener('DOMContentLoaded', (event) => {\nacymModule['excludeValuesformAcym52451'] = [];\nacymModule[\"excludeValuesformAcym52451\"][\"13\"] = \"Anrede\";\nacymModule[\"excludeValuesformAcym52451\"][\"21\"] = \"Vorname\";\nacymModule[\"excludeValuesformAcym52451\"][\"1\"] = \"Name\";\nacymModule[\"excludeValuesformAcym52451\"][\"25\"] = \"Ort\";\nacymModule[\"excludeValuesformAcym52451\"][\"23\"] = \"Kanton\";\nacymModule[\"excludeValuesformAcym52451\"][\"24\"] = \"Sprache\";\nacymModule[\"excludeValuesformAcym52451\"][\"2\"] = \"Email\";  });\n                <\/script>\t<div class=\"acym_module \" id=\"acym_module_formAcym52451\">\n\t\t<div class=\"acym_fulldiv\" id=\"acym_fulldiv_formAcym52451\" >\n\t\t\t<form enctype=\"multipart\/form-data\"\n\t\t\t\t  id=\"formAcym52451\"\n\t\t\t\t  name=\"formAcym52451\"\n\t\t\t\t  method=\"POST\"\n\t\t\t\t  action=\"https:\/\/schulgarten.ch\/index.php?page=acymailing_front&amp;ctrl=frontusers&amp;noheader=1\"\n\t\t\t\t  onsubmit=\"return submitAcymForm('subscribe','formAcym52451')\">\n\t\t\t\t<div class=\"acym_module_form\">\n                    \n<div class=\"acym_form\">\n    <div class=\"onefield fieldacy13 acyfield_single_dropdown\" id=\"field_13\"><select  data-required=\"{&quot;type&quot;:&quot;single_dropdown&quot;,&quot;message&quot;:&quot;&quot;}\" class=\"acym__custom__fields__select__form acym__select\" name=\"customField[13]\" id=\"customField13\"><option value=\"\" selected=\"selected\">-- bitte w\u00e4hlen --<\/option><option value=\"Frau\">Frau<\/option><option value=\"Herr\">Herr<\/option><\/select><div class=\"acym__field__error__block\" data-acym-field-id=\"13\"><\/div><\/div><div class=\"onefield fieldacy21 acyfield_text\" id=\"field_21\"><input  name=\"customField[21]\" placeholder=\"Vorname\" aria-label=\"Vorname\" data-required=\"{&quot;type&quot;:&quot;text&quot;,&quot;message&quot;:&quot;&quot;}\" value=\"\" data-authorized-content=\"{&quot;0&quot;:&quot;all&quot;,&quot;regex&quot;:&quot;&quot;,&quot;message&quot;:&quot;Incorrect value for the field Vorname&quot;}\" type=\"text\"><div class=\"acym__field__error__block\" data-acym-field-id=\"21\"><\/div><\/div><div class=\"onefield fieldacy1 acyfield_text\" id=\"field_1\"><input autocomplete=\"name\"  name=\"user[name]\" placeholder=\"Name\" aria-label=\"Name\" data-required=\"{&quot;type&quot;:&quot;text&quot;,&quot;message&quot;:&quot;&quot;}\" value=\"\" data-authorized-content=\"{&quot;0&quot;:&quot;all&quot;,&quot;regex&quot;:&quot;&quot;,&quot;message&quot;:&quot;Incorrect value for the field Name&quot;}\" type=\"text\" class=\"cell\"><div class=\"acym__field__error__block\" data-acym-field-id=\"1\"><\/div><\/div><div class=\"onefield fieldacy25 acyfield_text\" id=\"field_25\"><input  name=\"customField[25]\" placeholder=\"Ort\" aria-label=\"Ort\" value=\"\" data-authorized-content=\"{&quot;0&quot;:&quot;all&quot;,&quot;regex&quot;:&quot;&quot;,&quot;message&quot;:&quot;Incorrect value for the field Ort&quot;}\" type=\"text\"><div class=\"acym__field__error__block\" data-acym-field-id=\"25\"><\/div><\/div><div class=\"onefield fieldacy23 acyfield_single_dropdown\" id=\"field_23\"><select  class=\"acym__custom__fields__select__form acym__select\" name=\"customField[23]\" id=\"customField23\"><option value=\"\" selected=\"selected\">-- Bitte Kanton w\u00e4hlen --<\/option><option value=\"AG\">AG<\/option><option value=\"AI\">AI<\/option><option value=\"AR\">AR<\/option><option value=\"BE\">BE<\/option><option value=\"BL\">BL<\/option><option value=\"BS\">BS<\/option><option value=\"FR\">FR<\/option><option value=\"GE\">GE<\/option><option value=\"GL\">GL<\/option><option value=\"GR\">GR<\/option><option value=\"JU\">JU<\/option><option value=\"LU\">LU<\/option><option value=\"NE\">NE<\/option><option value=\"NW\">NW<\/option><option value=\"OW\">OW<\/option><option value=\"SG\">SG<\/option><option value=\"SH\">SH<\/option><option value=\"SO\">SO<\/option><option value=\"SZ\">SZ<\/option><option value=\"TG\">TG<\/option><option value=\"TI\">TI<\/option><option value=\"UR\">UR<\/option><option value=\"VD\">VD<\/option><option value=\"VS\">VS<\/option><option value=\"ZG\">ZG<\/option><option value=\"ZH\">ZH<\/option><\/select><div class=\"acym__field__error__block\" data-acym-field-id=\"23\"><\/div><\/div><div class=\"onefield fieldacy24 acyfield_single_dropdown\" id=\"field_24\"><select  class=\"acym__custom__fields__select__form acym__select\" name=\"customField[24]\" id=\"customField24\"><option value=\"Deutsch\">Deutsch<\/option><option value=\"Franz\u00f6sisch\">Franz\u00f6sisch<\/option><option value=\"Italienisch\">Italienisch<\/option><\/select><div class=\"acym__field__error__block\" data-acym-field-id=\"24\"><\/div><\/div><div class=\"onefield fieldacy2 acyfield_text\" id=\"field_2\"><input autocomplete=\"email\" id=\"email_field_410\"  name=\"user[email]\" placeholder=\"Email\" aria-label=\"Email\" value=\"\" data-authorized-content=\"{&quot;0&quot;:&quot;all&quot;,&quot;regex&quot;:&quot;&quot;,&quot;message&quot;:&quot;Incorrect value for the field Email&quot;}\" required type=\"email\" class=\"cell acym__user__edit__email\"><div class=\"acym__field__error__block\" data-acym-field-id=\"2\"><\/div><\/div><div class=\"onefield fieldacycaptcha\" id=\"field_captcha_formAcym52451\"><script type=\"text\/javascript\" src=\"https:\/\/www.google.com\/recaptcha\/api.js?render=6LeF5eMZAAAAAGJIfk3rKtAnjxhgT_EUUee5hRVl\" async defer><\/script><div id=\"formAcym52451-captcha\" data-size=\"invisible\" class=\"acyg-recaptcha\" data-sitekey=\"6LeF5eMZAAAAAGJIfk3rKtAnjxhgT_EUUee5hRVl\"data-captchaname=\"acym_reCaptcha_v3\"><\/div><\/div><\/div>\n\n<p class=\"acysubbuttons\">\n\t<noscript>\n        Please enable the javascript to submit this form\t<\/noscript>\n    \t<button type=\"submit\"\n\t\t\tclass=\"btn btn-primary button subbutton\"\n\t\t\tonclick=\"try{ return submitAcymForm(&quot;subscribe&quot;,&quot;formAcym52451&quot;, &quot;acymSubmitSubForm&quot;); }catch(err){alert(&quot;The form could not be submitted &quot;+err);return false;}\">\n        Newsletter Abonnieren\t<\/button>\n    <\/p>\n\t\t\t\t<\/div>\n\n\t\t\t\t<input type=\"hidden\" name=\"ctrl\" value=\"frontusers\" \/>\n\t\t\t\t<input type=\"hidden\" name=\"task\" value=\"notask\" \/>\n\t\t\t\t<input type=\"hidden\" name=\"option\" value=\"acymailing\" \/>\n\n                \t\t\t\t<input type=\"hidden\" name=\"ajax\" value=\"1\" \/>\n\t\t\t\t<input type=\"hidden\" name=\"successmode\" value=\"replace\" \/>\n\t\t\t\t<input type=\"hidden\" name=\"acy_source\" value=\"elementor_subscription_form\" \/>\n\t\t\t\t<input type=\"hidden\" name=\"hiddenlists\" value=\"2\" \/>\n\t\t\t\t<input type=\"hidden\" name=\"acyformname\" value=\"formAcym52451\" \/>\n\t\t\t\t<input type=\"hidden\" name=\"acysubmode\" value=\"widget_acym\" \/>\n\t\t\t\t<input type=\"hidden\" name=\"confirmation_message\" value=\"Vielen Dank f\u00fcr die Anmeldung zum Newsletter. In k\u00fcrze erhalten Sie eine E-Mail zur Verifikation Ihrer E-Mailadresse\" \/>\n\n                \t\t\t<\/form>\n\t\t<\/div>\n\t<\/div>\n    \t\t\t\t<\/div>\n\t\t\t\t<\/div>\n\t\t\t\t\t<\/div>\n\t\t<\/div>\n\t\t\t\t\t<\/div>\n\t\t<\/section>\n\t\t\t\t<\/div>\n\t\t","protected":false},"excerpt":{"rendered":"<p>Angebot Popcorn und seine zwei Schwestern Was brauchen Maispflanzen zum Wachsen? Wie k\u00f6nnen wir unser selbst gemachtes Popcorn am besten verkaufen? Was sind die Ursachen f\u00fcr Hunger und Mangelerscheinungen? Warum fallen drei Viertel der durch den Schweizer Konsum verursachten Umweltbelastungen im Ausland an? Und welche Rolle spielt dabei das Essen? \u00abPopcorn und seine zwei Schwestern\u00bb [&hellip;]<\/p>\n","protected":false},"author":16,"featured_media":0,"parent":756,"menu_order":0,"comment_status":"closed","ping_status":"closed","template":"","meta":{"ocean_post_layout":"","ocean_both_sidebars_style":"","ocean_both_sidebars_content_width":0,"ocean_both_sidebars_sidebars_width":0,"ocean_sidebar":"","ocean_second_sidebar":"","ocean_disable_margins":"enable","ocean_add_body_class":"","ocean_shortcode_before_top_bar":"","ocean_shortcode_after_top_bar":"","ocean_shortcode_before_header":"","ocean_shortcode_after_header":"","ocean_has_shortcode":"","ocean_shortcode_after_title":"","ocean_shortcode_before_footer_widgets":"","ocean_shortcode_after_footer_widgets":"","ocean_shortcode_before_footer_bottom":"","ocean_shortcode_after_footer_bottom":"","ocean_display_top_bar":"default","ocean_display_header":"default","ocean_header_style":"","ocean_center_header_left_menu":"","ocean_custom_header_template":"","ocean_custom_logo":0,"ocean_custom_retina_logo":0,"ocean_custom_logo_max_width":0,"ocean_custom_logo_tablet_max_width":0,"ocean_custom_logo_mobile_max_width":0,"ocean_custom_logo_max_height":0,"ocean_custom_logo_tablet_max_height":0,"ocean_custom_logo_mobile_max_height":0,"ocean_header_custom_menu":"","ocean_menu_typo_font_family":"","ocean_menu_typo_font_subset":"","ocean_menu_typo_font_size":0,"ocean_menu_typo_font_size_tablet":0,"ocean_menu_typo_font_size_mobile":0,"ocean_menu_typo_font_size_unit":"px","ocean_menu_typo_font_weight":"","ocean_menu_typo_font_weight_tablet":"","ocean_menu_typo_font_weight_mobile":"","ocean_menu_typo_transform":"","ocean_menu_typo_transform_tablet":"","ocean_menu_typo_transform_mobile":"","ocean_menu_typo_line_height":0,"ocean_menu_typo_line_height_tablet":0,"ocean_menu_typo_line_height_mobile":0,"ocean_menu_typo_line_height_unit":"","ocean_menu_typo_spacing":0,"ocean_menu_typo_spacing_tablet":0,"ocean_menu_typo_spacing_mobile":0,"ocean_menu_typo_spacing_unit":"","ocean_menu_link_color":"","ocean_menu_link_color_hover":"","ocean_menu_link_color_active":"","ocean_menu_link_background":"","ocean_menu_link_hover_background":"","ocean_menu_link_active_background":"","ocean_menu_social_links_bg":"","ocean_menu_social_hover_links_bg":"","ocean_menu_social_links_color":"","ocean_menu_social_hover_links_color":"","ocean_disable_title":"default","ocean_disable_heading":"default","ocean_post_title":"","ocean_post_subheading":"","ocean_post_title_style":"","ocean_post_title_background_color":"","ocean_post_title_background":0,"ocean_post_title_bg_image_position":"","ocean_post_title_bg_image_attachment":"","ocean_post_title_bg_image_repeat":"","ocean_post_title_bg_image_size":"","ocean_post_title_height":0,"ocean_post_title_bg_overlay":0.5,"ocean_post_title_bg_overlay_color":"","ocean_disable_breadcrumbs":"default","ocean_breadcrumbs_color":"","ocean_breadcrumbs_separator_color":"","ocean_breadcrumbs_links_color":"","ocean_breadcrumbs_links_hover_color":"","ocean_display_footer_widgets":"default","ocean_display_footer_bottom":"default","ocean_custom_footer_template":"","omw_enable_modal_window":"enable","footnotes":""},"class_list":["post-4316","page","type-page","status-publish","hentry","entry"],"jetpack_sharing_enabled":true,"_links":{"self":[{"href":"https:\/\/schulgarten.ch\/en\/wp-json\/wp\/v2\/pages\/4316","targetHints":{"allow":["GET"]}}],"collection":[{"href":"https:\/\/schulgarten.ch\/en\/wp-json\/wp\/v2\/pages"}],"about":[{"href":"https:\/\/schulgarten.ch\/en\/wp-json\/wp\/v2\/types\/page"}],"author":[{"embeddable":true,"href":"https:\/\/schulgarten.ch\/en\/wp-json\/wp\/v2\/users\/16"}],"replies":[{"embeddable":true,"href":"https:\/\/schulgarten.ch\/en\/wp-json\/wp\/v2\/comments?post=4316"}],"version-history":[{"count":22,"href":"https:\/\/schulgarten.ch\/en\/wp-json\/wp\/v2\/pages\/4316\/revisions"}],"predecessor-version":[{"id":6139,"href":"https:\/\/schulgarten.ch\/en\/wp-json\/wp\/v2\/pages\/4316\/revisions\/6139"}],"up":[{"embeddable":true,"href":"https:\/\/schulgarten.ch\/en\/wp-json\/wp\/v2\/pages\/756"}],"wp:attachment":[{"href":"https:\/\/schulgarten.ch\/en\/wp-json\/wp\/v2\/media?parent=4316"}],"curies":[{"name":"wp","href":"https:\/\/api.w.org\/{rel}","templated":true}]}}