{"id":4162,"date":"2022-01-13T17:20:58","date_gmt":"2022-01-13T16:20:58","guid":{"rendered":"https:\/\/schulgarten.ch\/?page_id=4162"},"modified":"2022-01-13T17:39:38","modified_gmt":"2022-01-13T16:39:38","slug":"sommer","status":"publish","type":"page","link":"https:\/\/schulgarten.ch\/en\/gartenwissen\/sommer\/","title":{"rendered":"Sommer"},"content":{"rendered":"\t\t<div data-elementor-type=\"wp-page\" data-elementor-id=\"4162\" class=\"elementor elementor-4162\" data-elementor-post-type=\"page\">\n\t\t\t\t\t\t<section class=\"elementor-section elementor-top-section elementor-element elementor-element-30c4b3d elementor-section-boxed elementor-section-height-default elementor-section-height-default\" data-id=\"30c4b3d\" data-element_type=\"section\">\n\t\t\t\t\t\t<div class=\"elementor-container elementor-column-gap-default\">\n\t\t\t\t\t<div class=\"elementor-column elementor-col-100 elementor-top-column elementor-element elementor-element-6dcf336\" data-id=\"6dcf336\" data-element_type=\"column\">\n\t\t\t<div class=\"elementor-widget-wrap elementor-element-populated\">\n\t\t\t\t\t\t<div class=\"elementor-element elementor-element-7c8c5bd elementor-widget elementor-widget-heading\" data-id=\"7c8c5bd\" data-element_type=\"widget\" data-widget_type=\"heading.default\">\n\t\t\t\t<div class=\"elementor-widget-container\">\n\t\t\t\t\t<h2 class=\"elementor-heading-title elementor-size-default\">Kr\u00e4uterpflege vor und w\u00e4hrend den Sommerferien<\/h2>\t\t\t\t<\/div>\n\t\t\t\t<\/div>\n\t\t\t\t\t<\/div>\n\t\t<\/div>\n\t\t\t\t\t<\/div>\n\t\t<\/section>\n\t\t\t\t<section class=\"elementor-section elementor-top-section elementor-element elementor-element-d9409c6 elementor-section-boxed elementor-section-height-default elementor-section-height-default\" data-id=\"d9409c6\" data-element_type=\"section\">\n\t\t\t\t\t\t<div class=\"elementor-container elementor-column-gap-default\">\n\t\t\t\t\t<div class=\"elementor-column elementor-col-100 elementor-top-column elementor-element elementor-element-74980d0\" data-id=\"74980d0\" data-element_type=\"column\">\n\t\t\t<div class=\"elementor-widget-wrap elementor-element-populated\">\n\t\t\t\t\t\t<div class=\"elementor-element elementor-element-683db08 elementor-widget elementor-widget-text-editor\" data-id=\"683db08\" data-element_type=\"widget\" data-widget_type=\"text-editor.default\">\n\t\t\t\t<div class=\"elementor-widget-container\">\n\t\t\t\t\t\t\t\t\t<p><b>Giessen<\/b><br \/>W\u00e4hrend Hitzeperioden beziehungsweise langer Trockenheit, sollten die Kr\u00e4uter w\u00e4hrend den Sommerferien einmal die Woche gegossen werden. Das ist im ersten Jahr wichtig, damit die Kr\u00e4uter gut im Boden anwachsen. Sind die Kr\u00e4uter in T\u00f6pfe gepflanzt, sollte unbedingt einmal die Woche Wasser gegeben werden. Wenn die M\u00f6glichkeit besteht, k\u00f6nnen Sie die T\u00f6pfe w\u00e4hrend den Sommerferien an einen halbschattigen Standort mit Morgensonne stellen. Die T\u00f6pfe sollten aber nicht unter einem Dach stehen, damit sie allf\u00e4lliges Regenwasser erhalten.<\/p><p>Grunds\u00e4tzlich gilt die Regel, lieber einmal richtig giessen und daf\u00fcr wenige Male, das unterst\u00fctzt die Pflanzen darin, tiefere Wurzeln auszubilden und Wasserreserven tiefer unten im Boden aufzuschliessen. Bei feuchtem Wetter muss selbstverst\u00e4ndlich nicht gegossen werden.<\/p>\t\t\t\t\t\t\t\t<\/div>\n\t\t\t\t<\/div>\n\t\t\t\t\t<\/div>\n\t\t<\/div>\n\t\t\t\t\t<\/div>\n\t\t<\/section>\n\t\t\t\t<section class=\"elementor-section elementor-top-section elementor-element elementor-element-38e1347 elementor-section-boxed elementor-section-height-default elementor-section-height-default\" data-id=\"38e1347\" data-element_type=\"section\">\n\t\t\t\t\t\t<div class=\"elementor-container elementor-column-gap-default\">\n\t\t\t\t\t<div class=\"elementor-column elementor-col-66 elementor-top-column elementor-element elementor-element-ea061b2\" data-id=\"ea061b2\" data-element_type=\"column\">\n\t\t\t<div class=\"elementor-widget-wrap elementor-element-populated\">\n\t\t\t\t\t\t<div class=\"elementor-element elementor-element-47074af elementor-widget elementor-widget-image\" data-id=\"47074af\" data-element_type=\"widget\" data-widget_type=\"image.default\">\n\t\t\t\t<div class=\"elementor-widget-container\">\n\t\t\t\t\t\t\t\t\t\t\t\t\t\t\t<img fetchpriority=\"high\" decoding=\"async\" width=\"453\" height=\"244\" src=\"https:\/\/i0.wp.com\/schulgarten.ch\/wp-content\/uploads\/2022\/01\/Mulchen-im-Sommer.jpg?fit=453%2C244&amp;ssl=1\" class=\"attachment-large size-large wp-image-4171\" alt=\"Mulchen im Sommer\" srcset=\"https:\/\/i0.wp.com\/schulgarten.ch\/wp-content\/uploads\/2022\/01\/Mulchen-im-Sommer.jpg?w=453&amp;ssl=1 453w, https:\/\/i0.wp.com\/schulgarten.ch\/wp-content\/uploads\/2022\/01\/Mulchen-im-Sommer.jpg?resize=300%2C162&amp;ssl=1 300w\" sizes=\"(max-width: 453px) 100vw, 453px\" \/>\t\t\t\t\t\t\t\t\t\t\t\t\t\t\t<\/div>\n\t\t\t\t<\/div>\n\t\t\t\t\t<\/div>\n\t\t<\/div>\n\t\t\t\t<div class=\"elementor-column elementor-col-33 elementor-top-column elementor-element elementor-element-e7b6f8c\" data-id=\"e7b6f8c\" data-element_type=\"column\">\n\t\t\t<div class=\"elementor-widget-wrap elementor-element-populated\">\n\t\t\t\t\t\t<div class=\"elementor-element elementor-element-0197cd6 elementor-widget elementor-widget-text-editor\" data-id=\"0197cd6\" data-element_type=\"widget\" data-widget_type=\"text-editor.default\">\n\t\t\t\t<div class=\"elementor-widget-container\">\n\t\t\t\t\t\t\t\t\t<p>Hier im Bild wird mit angetrocknetem Rasenschnitt gemulcht, der Rasenschnitt wird rund um die Pflanzen gelegt. Es k\u00f6nnen alle Pflanzen gemulchten werden, ob sie in einem Topf oder im Boden gepflanzt sind.<\/p>\t\t\t\t\t\t\t\t<\/div>\n\t\t\t\t<\/div>\n\t\t\t\t\t<\/div>\n\t\t<\/div>\n\t\t\t\t\t<\/div>\n\t\t<\/section>\n\t\t\t\t<section class=\"elementor-section elementor-top-section elementor-element elementor-element-446ef68 elementor-section-boxed elementor-section-height-default elementor-section-height-default\" data-id=\"446ef68\" data-element_type=\"section\">\n\t\t\t\t\t\t<div class=\"elementor-container elementor-column-gap-default\">\n\t\t\t\t\t<div class=\"elementor-column elementor-col-100 elementor-top-column elementor-element elementor-element-c7544e3\" data-id=\"c7544e3\" data-element_type=\"column\">\n\t\t\t<div class=\"elementor-widget-wrap elementor-element-populated\">\n\t\t\t\t\t\t<div class=\"elementor-element elementor-element-22d7b74 elementor-widget elementor-widget-text-editor\" data-id=\"22d7b74\" data-element_type=\"widget\" data-widget_type=\"text-editor.default\">\n\t\t\t\t<div class=\"elementor-widget-container\">\n\t\t\t\t\t\t\t\t\t<p>M\u00e4<b>hen<\/b><br \/>Sind die Kr\u00e4uter in die Wiese gepflanzt, sollte vorsichtig rund um die Pflanzen gem\u00e4ht werden. Es hilft, die Kr\u00e4uter mit einem langen Holzstab, beispielsweise farbig angemalt, zu kennzeichnen. Rund um die Pflanzen sollte aber das Gras zur\u00fcckgeschnitten werden \u2013 idealerweise von Hand, damit nicht versehentlich die Kr\u00e4uter geschnitten werden. So erh\u00e4lt die Pflanze mehr Licht, w\u00e4chst st\u00e4rker und kann sich besser im Boden verankern. Dass hilft ihr dann auch im n\u00e4chsten Jahr wieder auszutrieben.<\/p><p><b>Gr\u00fcnd\u00fcngung<\/b><br \/>Gr\u00fcndungen sind ideal, falls Sie in Ihren Beeten oder T\u00f6pfen weiteres Gem\u00fcse oder Pflanzkulturen angebaut, geerntet und danach offene, braune Fl\u00e4chen in ihrem Garten haben. Durch das S\u00e4en einer Gr\u00fcnd\u00fcngung k\u00f6nnen Sie die Bodenfruchtbarkeit in ihren Beeten f\u00f6rdern und Insekten Bl\u00fctennektar bieten.<\/p><p>Durch die Gr\u00fcnd\u00fcngung ist der offene Boden schnell wieder mit Pflanzen bedeckt. Das hat den Vorteil, dass N\u00e4hrstoffe nicht ausgewaschen, das Bodenleben gesch\u00fctzt und neue N\u00e4hrstoffe wieder in den Boden eingebracht werden \u2013 gerade durch Gew\u00e4chse der Schmetterlingsbl\u00fctenfamilie, auch unter dem Namen Leguminosengew\u00e4chse bekannt. Leguminosen k\u00f6nnen durch die Zusammenarbeit mit Bakterien Stickstoff aus der Luft sammeln und durchwurzeln den Boden sehr gut. Zu ihnen geh\u00f6ren diverse Kleearten, Wicken, Erbsen, H\u00fclsenfr\u00fcchte oder auch Luzerne. Damit im Folgejahr der Boden leicht bearbeitet werden kann, bieten sich einj\u00e4hrige Gew\u00e4chse wie beispielsweise <a href=\"https:\/\/www.sativa.bio\/de_ch\/gruenduengungen\/sommerwicken-gr47\" target=\"_blank\" rel=\"noopener\">Sommerwicke<\/a> in Kombination mit dem tiefwurzelnden <a href=\"https:\/\/www.sativa.bio\/de_ch\/gruenduengungen\/gelbsenf-gr12\" target=\"_blank\" rel=\"noopener\">Gelbsenf<\/a> und der schnell bodenbedeckenden <a href=\"https:\/\/www.sativa.bio\/de_ch\/gruenduengungen\/phacelia-gr16\" target=\"_blank\" rel=\"noopener\">Phacelia<\/a> an.<\/p>\t\t\t\t\t\t\t\t<\/div>\n\t\t\t\t<\/div>\n\t\t\t\t\t<\/div>\n\t\t<\/div>\n\t\t\t\t\t<\/div>\n\t\t<\/section>\n\t\t\t\t<section class=\"elementor-section elementor-top-section elementor-element elementor-element-5650e45 elementor-section-boxed elementor-section-height-default elementor-section-height-default\" data-id=\"5650e45\" data-element_type=\"section\">\n\t\t\t\t\t\t<div class=\"elementor-container elementor-column-gap-default\">\n\t\t\t\t\t<div class=\"elementor-column elementor-col-33 elementor-top-column elementor-element elementor-element-bd97733\" data-id=\"bd97733\" data-element_type=\"column\">\n\t\t\t<div class=\"elementor-widget-wrap elementor-element-populated\">\n\t\t\t\t\t\t<div class=\"elementor-element elementor-element-cb2018e elementor-widget elementor-widget-text-editor\" data-id=\"cb2018e\" data-element_type=\"widget\" data-widget_type=\"text-editor.default\">\n\t\t\t\t<div class=\"elementor-widget-container\">\n\t\t\t\t\t\t\t\t\t<p>Unter diesem Link finden Sie noch ausf\u00fchrlicherer Empfehlungen und eine \u00fcbersichtliche Darstellung mit verschiedenen Gr\u00fcnd\u00fcngungspflanzen. Selbstverst\u00e4ndlich gibt es auch in vielen B\u00fcchern oder weiteren Webseiten gut Informationen dar\u00fcber.<a href=\"https:\/\/www.gartenjournal.net\/gruenduengung\" target=\"_blank\" rel=\"noopener\"><br \/>https:\/\/www.gartenjournal.net\/gruenduengung<\/a><\/p>\t\t\t\t\t\t\t\t<\/div>\n\t\t\t\t<\/div>\n\t\t\t\t\t<\/div>\n\t\t<\/div>\n\t\t\t\t<div class=\"elementor-column elementor-col-66 elementor-top-column elementor-element elementor-element-b79d97e\" data-id=\"b79d97e\" data-element_type=\"column\">\n\t\t\t<div class=\"elementor-widget-wrap elementor-element-populated\">\n\t\t\t\t\t\t<div class=\"elementor-element elementor-element-e4d6edf elementor-widget elementor-widget-image\" data-id=\"e4d6edf\" data-element_type=\"widget\" data-widget_type=\"image.default\">\n\t\t\t\t<div class=\"elementor-widget-container\">\n\t\t\t\t\t\t\t\t\t\t\t\t\t\t\t<img decoding=\"async\" width=\"605\" height=\"260\" src=\"https:\/\/i0.wp.com\/schulgarten.ch\/wp-content\/uploads\/2022\/01\/Gruenduengung.jpg?fit=605%2C260&amp;ssl=1\" class=\"attachment-large size-large wp-image-4172\" alt=\"Gr\u00fcnd\u00fcngung\" srcset=\"https:\/\/i0.wp.com\/schulgarten.ch\/wp-content\/uploads\/2022\/01\/Gruenduengung.jpg?w=605&amp;ssl=1 605w, https:\/\/i0.wp.com\/schulgarten.ch\/wp-content\/uploads\/2022\/01\/Gruenduengung.jpg?resize=300%2C129&amp;ssl=1 300w, https:\/\/i0.wp.com\/schulgarten.ch\/wp-content\/uploads\/2022\/01\/Gruenduengung.jpg?resize=600%2C258&amp;ssl=1 600w\" sizes=\"(max-width: 605px) 100vw, 605px\" \/>\t\t\t\t\t\t\t\t\t\t\t\t\t\t\t<\/div>\n\t\t\t\t<\/div>\n\t\t\t\t\t<\/div>\n\t\t<\/div>\n\t\t\t\t\t<\/div>\n\t\t<\/section>\n\t\t\t\t<\/div>\n\t\t","protected":false},"excerpt":{"rendered":"<p>Kr\u00e4uterpflege vor und w\u00e4hrend den Sommerferien GiessenW\u00e4hrend Hitzeperioden beziehungsweise langer Trockenheit, sollten die Kr\u00e4uter w\u00e4hrend den Sommerferien einmal die Woche gegossen werden. Das ist im ersten Jahr wichtig, damit die Kr\u00e4uter gut im Boden anwachsen. Sind die Kr\u00e4uter in T\u00f6pfe gepflanzt, sollte unbedingt einmal die Woche Wasser gegeben werden. Wenn die M\u00f6glichkeit besteht, k\u00f6nnen Sie [&hellip;]<\/p>\n","protected":false},"author":16,"featured_media":0,"parent":3850,"menu_order":0,"comment_status":"closed","ping_status":"closed","template":"","meta":{"ocean_post_layout":"","ocean_both_sidebars_style":"","ocean_both_sidebars_content_width":0,"ocean_both_sidebars_sidebars_width":0,"ocean_sidebar":"","ocean_second_sidebar":"","ocean_disable_margins":"enable","ocean_add_body_class":"","ocean_shortcode_before_top_bar":"","ocean_shortcode_after_top_bar":"","ocean_shortcode_before_header":"","ocean_shortcode_after_header":"","ocean_has_shortcode":"","ocean_shortcode_after_title":"","ocean_shortcode_before_footer_widgets":"","ocean_shortcode_after_footer_widgets":"","ocean_shortcode_before_footer_bottom":"","ocean_shortcode_after_footer_bottom":"","ocean_display_top_bar":"default","ocean_display_header":"default","ocean_header_style":"","ocean_center_header_left_menu":"","ocean_custom_header_template":"","ocean_custom_logo":0,"ocean_custom_retina_logo":0,"ocean_custom_logo_max_width":0,"ocean_custom_logo_tablet_max_width":0,"ocean_custom_logo_mobile_max_width":0,"ocean_custom_logo_max_height":0,"ocean_custom_logo_tablet_max_height":0,"ocean_custom_logo_mobile_max_height":0,"ocean_header_custom_menu":"","ocean_menu_typo_font_family":"","ocean_menu_typo_font_subset":"","ocean_menu_typo_font_size":0,"ocean_menu_typo_font_size_tablet":0,"ocean_menu_typo_font_size_mobile":0,"ocean_menu_typo_font_size_unit":"px","ocean_menu_typo_font_weight":"","ocean_menu_typo_font_weight_tablet":"","ocean_menu_typo_font_weight_mobile":"","ocean_menu_typo_transform":"","ocean_menu_typo_transform_tablet":"","ocean_menu_typo_transform_mobile":"","ocean_menu_typo_line_height":0,"ocean_menu_typo_line_height_tablet":0,"ocean_menu_typo_line_height_mobile":0,"ocean_menu_typo_line_height_unit":"","ocean_menu_typo_spacing":0,"ocean_menu_typo_spacing_tablet":0,"ocean_menu_typo_spacing_mobile":0,"ocean_menu_typo_spacing_unit":"","ocean_menu_link_color":"","ocean_menu_link_color_hover":"","ocean_menu_link_color_active":"","ocean_menu_link_background":"","ocean_menu_link_hover_background":"","ocean_menu_link_active_background":"","ocean_menu_social_links_bg":"","ocean_menu_social_hover_links_bg":"","ocean_menu_social_links_color":"","ocean_menu_social_hover_links_color":"","ocean_disable_title":"default","ocean_disable_heading":"default","ocean_post_title":"","ocean_post_subheading":"","ocean_post_title_style":"","ocean_post_title_background_color":"","ocean_post_title_background":0,"ocean_post_title_bg_image_position":"","ocean_post_title_bg_image_attachment":"","ocean_post_title_bg_image_repeat":"","ocean_post_title_bg_image_size":"","ocean_post_title_height":0,"ocean_post_title_bg_overlay":0.5,"ocean_post_title_bg_overlay_color":"","ocean_disable_breadcrumbs":"default","ocean_breadcrumbs_color":"","ocean_breadcrumbs_separator_color":"","ocean_breadcrumbs_links_color":"","ocean_breadcrumbs_links_hover_color":"","ocean_display_footer_widgets":"default","ocean_display_footer_bottom":"default","ocean_custom_footer_template":"","omw_enable_modal_window":"enable","footnotes":""},"class_list":["post-4162","page","type-page","status-publish","hentry","entry"],"jetpack_sharing_enabled":true,"_links":{"self":[{"href":"https:\/\/schulgarten.ch\/en\/wp-json\/wp\/v2\/pages\/4162","targetHints":{"allow":["GET"]}}],"collection":[{"href":"https:\/\/schulgarten.ch\/en\/wp-json\/wp\/v2\/pages"}],"about":[{"href":"https:\/\/schulgarten.ch\/en\/wp-json\/wp\/v2\/types\/page"}],"author":[{"embeddable":true,"href":"https:\/\/schulgarten.ch\/en\/wp-json\/wp\/v2\/users\/16"}],"replies":[{"embeddable":true,"href":"https:\/\/schulgarten.ch\/en\/wp-json\/wp\/v2\/comments?post=4162"}],"version-history":[{"count":13,"href":"https:\/\/schulgarten.ch\/en\/wp-json\/wp\/v2\/pages\/4162\/revisions"}],"predecessor-version":[{"id":4182,"href":"https:\/\/schulgarten.ch\/en\/wp-json\/wp\/v2\/pages\/4162\/revisions\/4182"}],"up":[{"embeddable":true,"href":"https:\/\/schulgarten.ch\/en\/wp-json\/wp\/v2\/pages\/3850"}],"wp:attachment":[{"href":"https:\/\/schulgarten.ch\/en\/wp-json\/wp\/v2\/media?parent=4162"}],"curies":[{"name":"wp","href":"https:\/\/api.w.org\/{rel}","templated":true}]}}