{"id":4150,"date":"2022-01-13T17:13:00","date_gmt":"2022-01-13T16:13:00","guid":{"rendered":"https:\/\/schulgarten.ch\/?page_id=4150"},"modified":"2022-01-13T17:19:23","modified_gmt":"2022-01-13T16:19:23","slug":"herbst","status":"publish","type":"page","link":"https:\/\/schulgarten.ch\/en\/gartenwissen\/herbst\/","title":{"rendered":"Herbst"},"content":{"rendered":"\t\t<div data-elementor-type=\"wp-page\" data-elementor-id=\"4150\" class=\"elementor elementor-4150\" data-elementor-post-type=\"page\">\n\t\t\t\t\t\t<section class=\"elementor-section elementor-top-section elementor-element elementor-element-6662422 elementor-section-boxed elementor-section-height-default elementor-section-height-default\" data-id=\"6662422\" data-element_type=\"section\">\n\t\t\t\t\t\t<div class=\"elementor-container elementor-column-gap-default\">\n\t\t\t\t\t<div class=\"elementor-column elementor-col-100 elementor-top-column elementor-element elementor-element-37d076c\" data-id=\"37d076c\" data-element_type=\"column\">\n\t\t\t<div class=\"elementor-widget-wrap elementor-element-populated\">\n\t\t\t\t\t\t<div class=\"elementor-element elementor-element-5b0eb75 elementor-widget elementor-widget-heading\" data-id=\"5b0eb75\" data-element_type=\"widget\" data-widget_type=\"heading.default\">\n\t\t\t\t<div class=\"elementor-widget-container\">\n\t\t\t\t\t<h2 class=\"elementor-heading-title elementor-size-default\">Herbst-Arbeiten im Schulgarten<\/h2>\t\t\t\t<\/div>\n\t\t\t\t<\/div>\n\t\t\t\t\t<\/div>\n\t\t<\/div>\n\t\t\t\t\t<\/div>\n\t\t<\/section>\n\t\t\t\t<section class=\"elementor-section elementor-top-section elementor-element elementor-element-43c67287 elementor-section-boxed elementor-section-height-default elementor-section-height-default\" data-id=\"43c67287\" data-element_type=\"section\">\n\t\t\t\t\t\t<div class=\"elementor-container elementor-column-gap-default\">\n\t\t\t\t\t<div class=\"elementor-column elementor-col-100 elementor-top-column elementor-element elementor-element-78bf102f\" data-id=\"78bf102f\" data-element_type=\"column\">\n\t\t\t<div class=\"elementor-widget-wrap elementor-element-populated\">\n\t\t\t\t\t\t<div class=\"elementor-element elementor-element-d50ec6a elementor-widget elementor-widget-text-editor\" data-id=\"d50ec6a\" data-element_type=\"widget\" data-widget_type=\"text-editor.default\">\n\t\t\t\t<div class=\"elementor-widget-container\">\n\t\t\t\t\t\t\t\t\t<div id=\"content\" class=\"site-content clr\">\n<article class=\"single-page-article clr\">\n<div class=\"entry clr\">\n<div class=\"elementor elementor-3850\" data-elementor-type=\"wp-page\" data-elementor-id=\"3850\" data-elementor-settings=\"[]\">\n<div class=\"elementor-inner\">\n<div class=\"elementor-section-wrap\">\n<section class=\"elementor-section elementor-top-section elementor-element elementor-element-2c72c1d elementor-section-boxed elementor-section-height-default elementor-section-height-default\" data-id=\"2c72c1d\" data-element_type=\"section\">\n<div class=\"elementor-container elementor-column-gap-default\">\n<div class=\"elementor-row\">\n<div class=\"elementor-column elementor-col-100 elementor-top-column elementor-element elementor-element-8642f6d\" data-id=\"8642f6d\" data-element_type=\"column\">\n<div class=\"elementor-column-wrap elementor-element-populated\">\n<div class=\"elementor-widget-wrap\">\n<div class=\"elementor-element elementor-element-4188336 elementor-widget elementor-widget-text-editor\" data-id=\"4188336\" data-element_type=\"widget\" data-widget_type=\"text-editor.default\">\n<div class=\"elementor-widget-container\">\n<div class=\"elementor-text-editor elementor-clearfix\"><p><strong>Abschlussarbeiten<br><\/strong><\/p>\n<p><img fetchpriority=\"high\" decoding=\"async\" class=\"size-medium wp-image-3865 alignright\" src=\"https:\/\/i1.wp.com\/schulgarten.ch\/wp-content\/uploads\/2021\/11\/Laufhaufen.jpeg?resize=300%2C200&amp;ssl=1\" alt=\"\" data-recalc-dims=\"1\" width=\"300\" height=\"200\" srcset=\"https:\/\/i0.wp.com\/schulgarten.ch\/wp-content\/uploads\/2021\/11\/Laufhaufen.jpeg?w=680&amp;ssl=1 680w, https:\/\/i0.wp.com\/schulgarten.ch\/wp-content\/uploads\/2021\/11\/Laufhaufen.jpeg?resize=300%2C200&amp;ssl=1 300w, https:\/\/i0.wp.com\/schulgarten.ch\/wp-content\/uploads\/2021\/11\/Laufhaufen.jpeg?resize=600%2C400&amp;ssl=1 600w\" sizes=\"(max-width: 300px) 100vw, 300px\" \/>Damit der Garten nach dem Winter wieder startklar f\u00fcr die neue Gartensaison ist, empfehlen wir folgende Arbeiten:<\/p>\n<ul>\n<li><strong>Beikraut entfernen:<\/strong><br>Beikraut w\u00e4chst auch im Winter (bei mind. 4\u00b0C) weiter. Pflanzen mit Samen sollten aus dem Beet entfernt und kompostiert werden, die anderen k\u00f6nnen als Mulchmaterial liegen gelassen werden.<\/li>\n<li><strong>Beete abr\u00e4umen:<\/strong><br>Gem\u00fcsepflanzen (Tomaten, Bohnen, K\u00fcrbis, Gurken usw.) ausreissen und kompostieren. Die frei gewordene Fl\u00e4che, mit dem Kr\u00e4uel oder einer Hacke auflockern. Bis Mitte Oktober kann noch Gr\u00fcnd\u00fcngung (z.B. Winterpause von zollinger.ch) ausges\u00e4t werden. Sp\u00e4ter sollten freie Fl\u00e4che gemulcht werden.<\/li>\n<li><strong>Mulchen:<\/strong><br>Als Mulchmaterial eignet sich u.a. Laub von fast allen B\u00e4umen ausser von der Baumnuss, Grasschnitt von unged\u00fcngten Wiesen und ohne Samenst\u00e4nde oder gesunde Pflanzenresten vom Beet. Pflanzen, welche krank waren (z.B. Mehltaupilz hatten), sollten nicht verwendet werden. Die Pilzsporen \u00fcberwintern im Boden und befallen die neuen Pflanzen im Fr\u00fchjahr.<br>Die Mulchschicht darf gerne dick sein, 5cm und mehr. Sie sch\u00fctzt den Boden \u00fcber den Winter vor Auswaschung und Verlust der N\u00e4hrstoffe, sie sch\u00fctzt die Bodenlebewesen, verrottet bis im Fr\u00fchling und gibt so die N\u00e4hrstoffe und das organische Material dem Boden zur\u00fcck. Im Fr\u00fchjahr kann das nicht verrottete Material in den Boden eingearbeitet oder bei grossen Mengen abger\u00e4umt werden.<\/li>\n<li><strong>Samen sammeln:<\/strong><br>Von allen Pflanzen, welche gebl\u00fcht haben und Samen gemacht haben, kann man Samen ernten und im n\u00e4chsten Jahr wieder auss\u00e4en. Blumen eignen sich besonders gut, K\u00fcrbisgew\u00e4chse (K\u00fcrbis, Gurken, Zucchetti) jedoch nicht.<br>Die Samen einzeln nach Pflanze sammeln, trocknen lassen, beschriften und an einem trockenen und k\u00fchlen Ort lagern. Es k\u00f6nnen auch Samenmischungen zusammengestellt werden: z.B. \u00abBlumen aus dem Schulgarten\u00bb<\/li>\n<li><strong>Gr\u00fcnd\u00fcngung:<\/strong><br>Es gibt eine grosse Auswahl von Gr\u00fcnd\u00fcngen z.B. auf zollinger.ch. Wichtig ist, das Saatgut aufgrund des Aussaatzeitpunktes zu w\u00e4hlen. Vor dem S\u00e4en den Boden mit dem Kr\u00e4uel lockern und feinkr\u00fcmelig vorbereiten. Samen breitw\u00fcrfig eins\u00e4en, leicht einrechen und andr\u00fccken. Angiessen und f\u00fcr eine regelm\u00e4ssigere Keimung mit einem Vlies decken.<br>Im Fr\u00fchjahr werden die Pflanzen, wenn n\u00f6tig geschnitten und in den Boden eingearbeitet.<\/li>\n<li><strong>Neue Beetfl\u00e4che erschliessen:<\/strong><br>Der Herbst ist auch ein guter Zeitpunkt f\u00fcr die Vorbereitung f\u00fcr neue Beetfl\u00e4chen. Die gew\u00fcnschte Fl\u00e4che kann \u00fcber den Winter mit einer dicken Mulchschicht gedeckt werden. Verst\u00e4rken kann man die Wirkung, wenn man zuerst den Boden mit Karton auslegt und dann den Karton zus\u00e4tzlich mit Mulmaterial deckt. Bis zum Fr\u00fchling ist der Mulch verrottet und das Gras darunter auch. Die Fl\u00e4che kann im Fr\u00fchling mit der Grabgabel gelockert und mit dem Kr\u00e4uel gehackt werden, Steine und Wurzeln m\u00fcssen noch entfernt werden und dann ist der Boden bereit um bepflanzt zu werden.<\/li>\n<li><strong>Jahresplanung:<\/strong><br>Nach der Gartensaison ist vor der Saison. Um die Fruchtfolge in den Beeten einhalten zu k\u00f6nnen, ist es wichtig, dass man immer weiss, was im vergangenen Jahr auf den Beeten gewachsen ist.<br>Falls man schon weiss, was n\u00e4chstes Jahr das Thema sein wird und was gepflanzt werden soll, kann jetzt die neue Saison geplant werden. Sp\u00e4testens Anfangs M\u00e4rz sollte die Planung abgeschlossen sein. Falls Fr\u00fchjahrsbl\u00fcher oder Wintergem\u00fcse geplant sind, m\u00fcssen diese bereits in die Jahresplanung des vorhergehenden Jahres einfliessen. Beides muss im fr\u00fchen Herbst gepflanzt oder ges\u00e4t werden.<\/li>\n<\/ul>\n<\/div>\n<\/div>\n<\/div>\n<\/div>\n<\/div>\n<\/div>\n<\/div>\n<\/div>\n<\/section>\n<\/div>\n<\/div>\n<\/div>\n<\/div>\n<\/article>\n<\/div>\t\t\t\t\t\t\t\t<\/div>\n\t\t\t\t<\/div>\n\t\t\t\t\t<\/div>\n\t\t<\/div>\n\t\t\t\t\t<\/div>\n\t\t<\/section>\n\t\t\t\t<\/div>\n\t\t","protected":false},"excerpt":{"rendered":"<p>Herbst-Arbeiten im Schulgarten Abschlussarbeiten Damit der Garten nach dem Winter wieder startklar f\u00fcr die neue Gartensaison ist, empfehlen wir folgende Arbeiten: Beikraut entfernen: Beikraut w\u00e4chst auch im Winter (bei mind. 4\u00b0C) weiter. Pflanzen mit Samen sollten aus dem Beet entfernt und kompostiert werden, die anderen k\u00f6nnen als Mulchmaterial liegen gelassen werden. Beete abr\u00e4umen: Gem\u00fcsepflanzen (Tomaten, [&hellip;]<\/p>\n","protected":false},"author":16,"featured_media":0,"parent":3850,"menu_order":0,"comment_status":"closed","ping_status":"closed","template":"","meta":{"ocean_post_layout":"","ocean_both_sidebars_style":"","ocean_both_sidebars_content_width":0,"ocean_both_sidebars_sidebars_width":0,"ocean_sidebar":"","ocean_second_sidebar":"","ocean_disable_margins":"enable","ocean_add_body_class":"","ocean_shortcode_before_top_bar":"","ocean_shortcode_after_top_bar":"","ocean_shortcode_before_header":"","ocean_shortcode_after_header":"","ocean_has_shortcode":"","ocean_shortcode_after_title":"","ocean_shortcode_before_footer_widgets":"","ocean_shortcode_after_footer_widgets":"","ocean_shortcode_before_footer_bottom":"","ocean_shortcode_after_footer_bottom":"","ocean_display_top_bar":"default","ocean_display_header":"default","ocean_header_style":"","ocean_center_header_left_menu":"","ocean_custom_header_template":"","ocean_custom_logo":0,"ocean_custom_retina_logo":0,"ocean_custom_logo_max_width":0,"ocean_custom_logo_tablet_max_width":0,"ocean_custom_logo_mobile_max_width":0,"ocean_custom_logo_max_height":0,"ocean_custom_logo_tablet_max_height":0,"ocean_custom_logo_mobile_max_height":0,"ocean_header_custom_menu":"","ocean_menu_typo_font_family":"","ocean_menu_typo_font_subset":"","ocean_menu_typo_font_size":0,"ocean_menu_typo_font_size_tablet":0,"ocean_menu_typo_font_size_mobile":0,"ocean_menu_typo_font_size_unit":"px","ocean_menu_typo_font_weight":"","ocean_menu_typo_font_weight_tablet":"","ocean_menu_typo_font_weight_mobile":"","ocean_menu_typo_transform":"","ocean_menu_typo_transform_tablet":"","ocean_menu_typo_transform_mobile":"","ocean_menu_typo_line_height":0,"ocean_menu_typo_line_height_tablet":0,"ocean_menu_typo_line_height_mobile":0,"ocean_menu_typo_line_height_unit":"","ocean_menu_typo_spacing":0,"ocean_menu_typo_spacing_tablet":0,"ocean_menu_typo_spacing_mobile":0,"ocean_menu_typo_spacing_unit":"","ocean_menu_link_color":"","ocean_menu_link_color_hover":"","ocean_menu_link_color_active":"","ocean_menu_link_background":"","ocean_menu_link_hover_background":"","ocean_menu_link_active_background":"","ocean_menu_social_links_bg":"","ocean_menu_social_hover_links_bg":"","ocean_menu_social_links_color":"","ocean_menu_social_hover_links_color":"","ocean_disable_title":"default","ocean_disable_heading":"default","ocean_post_title":"","ocean_post_subheading":"","ocean_post_title_style":"","ocean_post_title_background_color":"","ocean_post_title_background":0,"ocean_post_title_bg_image_position":"","ocean_post_title_bg_image_attachment":"","ocean_post_title_bg_image_repeat":"","ocean_post_title_bg_image_size":"","ocean_post_title_height":0,"ocean_post_title_bg_overlay":0.5,"ocean_post_title_bg_overlay_color":"","ocean_disable_breadcrumbs":"default","ocean_breadcrumbs_color":"","ocean_breadcrumbs_separator_color":"","ocean_breadcrumbs_links_color":"","ocean_breadcrumbs_links_hover_color":"","ocean_display_footer_widgets":"default","ocean_display_footer_bottom":"default","ocean_custom_footer_template":"","omw_enable_modal_window":"enable","footnotes":""},"class_list":["post-4150","page","type-page","status-publish","hentry","entry"],"jetpack_sharing_enabled":true,"_links":{"self":[{"href":"https:\/\/schulgarten.ch\/en\/wp-json\/wp\/v2\/pages\/4150","targetHints":{"allow":["GET"]}}],"collection":[{"href":"https:\/\/schulgarten.ch\/en\/wp-json\/wp\/v2\/pages"}],"about":[{"href":"https:\/\/schulgarten.ch\/en\/wp-json\/wp\/v2\/types\/page"}],"author":[{"embeddable":true,"href":"https:\/\/schulgarten.ch\/en\/wp-json\/wp\/v2\/users\/16"}],"replies":[{"embeddable":true,"href":"https:\/\/schulgarten.ch\/en\/wp-json\/wp\/v2\/comments?post=4150"}],"version-history":[{"count":9,"href":"https:\/\/schulgarten.ch\/en\/wp-json\/wp\/v2\/pages\/4150\/revisions"}],"predecessor-version":[{"id":4160,"href":"https:\/\/schulgarten.ch\/en\/wp-json\/wp\/v2\/pages\/4150\/revisions\/4160"}],"up":[{"embeddable":true,"href":"https:\/\/schulgarten.ch\/en\/wp-json\/wp\/v2\/pages\/3850"}],"wp:attachment":[{"href":"https:\/\/schulgarten.ch\/en\/wp-json\/wp\/v2\/media?parent=4150"}],"curies":[{"name":"wp","href":"https:\/\/api.w.org\/{rel}","templated":true}]}}