{"id":2864,"date":"2021-10-22T14:50:05","date_gmt":"2021-10-22T12:50:05","guid":{"rendered":"https:\/\/schulgarten.ch\/?page_id=2864"},"modified":"2021-12-10T14:29:55","modified_gmt":"2021-12-10T13:29:55","slug":"paketinhalt-kosten","status":"publish","type":"page","link":"https:\/\/schulgarten.ch\/en\/angebote\/angebot-salatteller\/paketinhalt-kosten\/","title":{"rendered":"Paketinhalt & Kosten"},"content":{"rendered":"\t\t<div data-elementor-type=\"wp-post\" data-elementor-id=\"2864\" class=\"elementor elementor-2864\" data-elementor-post-type=\"page\">\n\t\t\t\t\t\t<section class=\"elementor-section elementor-top-section elementor-element elementor-element-855aa64 elementor-section-boxed elementor-section-height-default elementor-section-height-default\" data-id=\"855aa64\" data-element_type=\"section\">\n\t\t\t\t\t\t<div class=\"elementor-container elementor-column-gap-default\">\n\t\t\t\t\t<div class=\"elementor-column elementor-col-100 elementor-top-column elementor-element elementor-element-3793592d\" data-id=\"3793592d\" data-element_type=\"column\">\n\t\t\t<div class=\"elementor-widget-wrap elementor-element-populated\">\n\t\t\t\t\t\t<div class=\"elementor-element elementor-element-4a7e8414 elementor-widget elementor-widget-text-editor\" data-id=\"4a7e8414\" data-element_type=\"widget\" data-widget_type=\"text-editor.default\">\n\t\t\t\t<div class=\"elementor-widget-container\">\n\t\t\t\t\t\t\t\t\t<h1 class=\"big-title\"><span style=\"font-size: 23px; font-weight: 600;\">Das Angebot im \u00dcberblick<\/span><\/h1>\t\t\t\t\t\t\t\t<\/div>\n\t\t\t\t<\/div>\n\t\t\t\t\t<\/div>\n\t\t<\/div>\n\t\t\t\t\t<\/div>\n\t\t<\/section>\n\t\t\t\t<section class=\"elementor-section elementor-top-section elementor-element elementor-element-2933bdd elementor-section-boxed elementor-section-height-default elementor-section-height-default\" data-id=\"2933bdd\" data-element_type=\"section\">\n\t\t\t\t\t\t<div class=\"elementor-container elementor-column-gap-default\">\n\t\t\t\t\t<div class=\"elementor-column elementor-col-100 elementor-top-column elementor-element elementor-element-65e2e76\" data-id=\"65e2e76\" data-element_type=\"column\">\n\t\t\t<div class=\"elementor-widget-wrap elementor-element-populated\">\n\t\t\t\t\t\t<div class=\"elementor-element elementor-element-78228e4 elementor-widget elementor-widget-text-editor\" data-id=\"78228e4\" data-element_type=\"widget\" data-widget_type=\"text-editor.default\">\n\t\t\t\t<div class=\"elementor-widget-container\">\n\t\t\t\t\t\t\t\t\t<p><div id=\"footable_parent_2868\"\n         class=\" footable_parent ninja_table_wrapper loading_ninja_table wp_table_data_press_parent semantic_ui \">\n                <table data-ninja_table_instance=\"ninja_table_instance_0\" data-footable_id=\"2868\" data-filter-delay=\"1000\" aria-label=\"Paket (Slatteller)\"            id=\"footable_2868\"\n           data-unique_identifier=\"ninja_table_unique_id_2705749_2868\"\n           class=\" foo-table ninja_footable foo_table_2868 ninja_table_unique_id_2705749_2868 ui table  nt_type_legacy_table selectable striped vertical_centered  footable-paging-right ninja_table_search_disabled ninja_table_pro\">\n                <colgroup>\n                            <col class=\"ninja_column_0 \">\n                            <col class=\"ninja_column_1 \">\n                            <col class=\"ninja_column_2 \">\n                    <\/colgroup>\n        <thead>\n<tr class=\"footable-header\">\n                                                        <th scope=\"col\"  class=\"ninja_column_0 ninja_clmn_nm_bereich \">Bereich<\/th><th scope=\"col\"  class=\"ninja_column_1 ninja_clmn_nm_unterstutzende_elemente \">Unterst\u00fctzende Elemente<\/th><th scope=\"col\"  class=\"ninja_column_2 ninja_clmn_nm_kosten \">Kosten<\/th><\/tr>\n<\/thead>\n<tbody>\n\n        <tr data-row_id=\"271\" class=\"ninja_table_row_0 nt_row_id_271\">\n            <td>Saatgut<\/td><td><ul>\n<li>Saatgut mit 8 Gem\u00fcse f\u00fcr ca. 10m\u00b2 Fl\u00e4che<\/li>\n<\/ul><\/td><td>Kostenlos<\/td>        <\/tr>\n            <tr data-row_id=\"273\" class=\"ninja_table_row_1 nt_row_id_273\">\n            <td>G\u00e4rtnerische Umsetzung<\/td><td><ul>\n<li>Schritt-f\u00fcr-Schritt-Anleitung durchs Gartenjahr<\/li>\n<\/ul><\/td><td>Kostenlos<\/td>        <\/tr>\n            <tr data-row_id=\"272\" class=\"ninja_table_row_2 nt_row_id_272\">\n            <td>P\u00e4dagogische Umsetzung<\/td><td><ul>\n<li>Handreichung \u00abBNE im Schulgarten\u00bb<\/li>\n<li>BNE-Unterricht: \u00abUnser Garten: Ein Lebensraum f\u00fcr alle?\u00bb<\/li>\n<li>Karten zu diversen Themen wie Bodenlebewesen, Gartenlebewesen und Pflanzen<\/li>\n<\/ul><\/td><td>Kostenlos<br \/>Kostenlos<br \/>Kostenlos<\/td>        <\/tr>\n            <tr data-row_id=\"274\" class=\"ninja_table_row_3 nt_row_id_274\">\n            <td>Beratung<\/td><td><ul>\n<li>Beratung in der g\u00e4rtnerischen und p\u00e4dagogischen Umsetzung<\/li>\n<\/ul><\/td><td>kostenlos<\/td>        <\/tr>\n    <\/tbody><!--ninja_tobody_rendering_done-->\n    <\/table>\n    \n    \n    \n<\/div>\n<\/p>\t\t\t\t\t\t\t\t<\/div>\n\t\t\t\t<\/div>\n\t\t\t\t\t<\/div>\n\t\t<\/div>\n\t\t\t\t\t<\/div>\n\t\t<\/section>\n\t\t\t\t<\/div>\n\t\t","protected":false},"excerpt":{"rendered":"<p>Das Angebot im \u00dcberblick BereichUnterst\u00fctzende ElementeKosten Saatgut Saatgut mit 8 Gem\u00fcse f\u00fcr ca. 10m\u00b2 Fl\u00e4che Kostenlos G\u00e4rtnerische Umsetzung Schritt-f\u00fcr-Schritt-Anleitung durchs Gartenjahr Kostenlos P\u00e4dagogische Umsetzung Handreichung \u00abBNE im Schulgarten\u00bb BNE-Unterricht: \u00abUnser Garten: Ein Lebensraum f\u00fcr alle?\u00bb Karten zu diversen Themen wie Bodenlebewesen, Gartenlebewesen und Pflanzen KostenlosKostenlosKostenlos Beratung Beratung in der g\u00e4rtnerischen und p\u00e4dagogischen Umsetzung kostenlos<\/p>\n","protected":false},"author":4,"featured_media":0,"parent":2852,"menu_order":9,"comment_status":"closed","ping_status":"closed","template":"","meta":{"ocean_post_layout":"","ocean_both_sidebars_style":"","ocean_both_sidebars_content_width":0,"ocean_both_sidebars_sidebars_width":0,"ocean_sidebar":"0","ocean_second_sidebar":"0","ocean_disable_margins":"enable","ocean_add_body_class":"","ocean_shortcode_before_top_bar":"","ocean_shortcode_after_top_bar":"","ocean_shortcode_before_header":"","ocean_shortcode_after_header":"","ocean_has_shortcode":"","ocean_shortcode_after_title":"","ocean_shortcode_before_footer_widgets":"","ocean_shortcode_after_footer_widgets":"","ocean_shortcode_before_footer_bottom":"","ocean_shortcode_after_footer_bottom":"","ocean_display_top_bar":"default","ocean_display_header":"default","ocean_header_style":"","ocean_center_header_left_menu":"0","ocean_custom_header_template":"0","ocean_custom_logo":0,"ocean_custom_retina_logo":0,"ocean_custom_logo_max_width":0,"ocean_custom_logo_tablet_max_width":0,"ocean_custom_logo_mobile_max_width":0,"ocean_custom_logo_max_height":0,"ocean_custom_logo_tablet_max_height":0,"ocean_custom_logo_mobile_max_height":0,"ocean_header_custom_menu":"0","ocean_menu_typo_font_family":"0","ocean_menu_typo_font_subset":"","ocean_menu_typo_font_size":0,"ocean_menu_typo_font_size_tablet":0,"ocean_menu_typo_font_size_mobile":0,"ocean_menu_typo_font_size_unit":"px","ocean_menu_typo_font_weight":"","ocean_menu_typo_font_weight_tablet":"","ocean_menu_typo_font_weight_mobile":"","ocean_menu_typo_transform":"","ocean_menu_typo_transform_tablet":"","ocean_menu_typo_transform_mobile":"","ocean_menu_typo_line_height":0,"ocean_menu_typo_line_height_tablet":0,"ocean_menu_typo_line_height_mobile":0,"ocean_menu_typo_line_height_unit":"","ocean_menu_typo_spacing":0,"ocean_menu_typo_spacing_tablet":0,"ocean_menu_typo_spacing_mobile":0,"ocean_menu_typo_spacing_unit":"","ocean_menu_link_color":"","ocean_menu_link_color_hover":"","ocean_menu_link_color_active":"","ocean_menu_link_background":"","ocean_menu_link_hover_background":"","ocean_menu_link_active_background":"","ocean_menu_social_links_bg":"","ocean_menu_social_hover_links_bg":"","ocean_menu_social_links_color":"","ocean_menu_social_hover_links_color":"","ocean_disable_title":"default","ocean_disable_heading":"default","ocean_post_title":"","ocean_post_subheading":"","ocean_post_title_style":"background-image","ocean_post_title_background_color":"","ocean_post_title_background":3544,"ocean_post_title_bg_image_position":"center center","ocean_post_title_bg_image_attachment":"","ocean_post_title_bg_image_repeat":"","ocean_post_title_bg_image_size":"","ocean_post_title_height":0,"ocean_post_title_bg_overlay":0.5,"ocean_post_title_bg_overlay_color":"","ocean_disable_breadcrumbs":"default","ocean_breadcrumbs_color":"","ocean_breadcrumbs_separator_color":"","ocean_breadcrumbs_links_color":"","ocean_breadcrumbs_links_hover_color":"","ocean_display_footer_widgets":"default","ocean_display_footer_bottom":"default","ocean_custom_footer_template":"0","omw_enable_modal_window":"enable","footnotes":""},"class_list":["post-2864","page","type-page","status-publish","hentry","entry"],"jetpack_sharing_enabled":true,"_links":{"self":[{"href":"https:\/\/schulgarten.ch\/en\/wp-json\/wp\/v2\/pages\/2864","targetHints":{"allow":["GET"]}}],"collection":[{"href":"https:\/\/schulgarten.ch\/en\/wp-json\/wp\/v2\/pages"}],"about":[{"href":"https:\/\/schulgarten.ch\/en\/wp-json\/wp\/v2\/types\/page"}],"author":[{"embeddable":true,"href":"https:\/\/schulgarten.ch\/en\/wp-json\/wp\/v2\/users\/4"}],"replies":[{"embeddable":true,"href":"https:\/\/schulgarten.ch\/en\/wp-json\/wp\/v2\/comments?post=2864"}],"version-history":[{"count":4,"href":"https:\/\/schulgarten.ch\/en\/wp-json\/wp\/v2\/pages\/2864\/revisions"}],"predecessor-version":[{"id":2872,"href":"https:\/\/schulgarten.ch\/en\/wp-json\/wp\/v2\/pages\/2864\/revisions\/2872"}],"up":[{"embeddable":true,"href":"https:\/\/schulgarten.ch\/en\/wp-json\/wp\/v2\/pages\/2852"}],"wp:attachment":[{"href":"https:\/\/schulgarten.ch\/en\/wp-json\/wp\/v2\/media?parent=2864"}],"curies":[{"name":"wp","href":"https:\/\/api.w.org\/{rel}","templated":true}]}}